{"id":14,"date":"2022-08-16T06:39:04","date_gmt":"2022-08-16T06:39:04","guid":{"rendered":"https:\/\/hangermachines.com\/?page_id=14"},"modified":"2022-08-22T10:32:10","modified_gmt":"2022-08-22T10:32:10","slug":"about-us","status":"publish","type":"page","link":"https:\/\/hangermachines.com\/es\/about-us\/","title":{"rendered":"Sobre nosotros"},"content":{"rendered":"<h2 class=\"wp-block-heading\" id=\"h-shuliy-machinery-a-professional-hanger-machine-manufacturer-supplier\"><strong>Shuliy Machinery: fabricante y proveedor profesional de m\u00e1quinas colgantes<\/strong><\/h2>    <div class=\"wp-block-media-text alignwide is-stacked-on-mobile\"><figure class=\"wp-block-media-text__media\"><img loading=\"lazy\" decoding=\"async\" width=\"720\" height=\"500\" src=\"https:\/\/hangermachines.com\/wp-content\/uploads\/2022\/08\/hanger-making-machine-manufacturer-1.webp\" alt=\"fabricante de m\u00e1quinas para fabricar perchas\" class=\"wp-image-124 size-full\" srcset=\"https:\/\/hangermachines.com\/wp-content\/uploads\/2022\/08\/hanger-making-machine-manufacturer-1.webp 720w, https:\/\/hangermachines.com\/wp-content\/uploads\/2022\/08\/hanger-making-machine-manufacturer-1-300x208.webp 300w\" sizes=\"auto, (max-width: 720px) 100vw, 720px\" \/><\/figure><div class=\"wp-block-media-text__content\"> <p class=\"translation-block\">We, Shuliy Machinery, have our own factory and have been established for more than ten years in the hanger machine manufacturing industry. Our main products are <strong><a href=\"https:\/\/hangermachines.com\/es\/product\/hanger-production-line\/\" target=\"_blank\" rel=\"noreferrer noopener\">clothes hanger production line<\/a>, coat hanger machine line, coat hanger machine, <a href=\"https:\/\/hangermachines.com\/es\/product\/hanger-making-machine\/\" target=\"_blank\" rel=\"noreferrer noopener\">cloth hanger making machine<\/a>, welded hanger machine<\/strong>, etc. <\/p> <\/div><\/div>    <p><\/p>    <p class=\"translation-block\">Debido a la alta reputaci\u00f3n de nuestra empresa, nuestros productos son exportados a<strong> UAE, Australia, Pakistan, Kazakhstan, Cambodia, Morocco, Mexico, Sweden, Saudi Arabia, Sri Lanka, Spain, Yemen, Uzbekistan<\/strong>, etc. Si est\u00e1 interesado, \u00a1bienvenido a contactarnos! \u00a1Te responderemos lo antes posible!<\/p>    <h2 class=\"wp-block-heading\" id=\"h-honored-certifications\"><strong>Certificaciones honradas<\/strong><\/h2>    <div class=\"wp-block-media-text alignwide has-media-on-the-right is-stacked-on-mobile\"><figure class=\"wp-block-media-text__media\"><img loading=\"lazy\" decoding=\"async\" width=\"500\" height=\"500\" src=\"https:\/\/hangermachines.com\/wp-content\/uploads\/2022\/08\/Shuliy-Machinery-certicates.webp\" alt=\"Shuliy-Maquinaria-certificados\" class=\"wp-image-125 size-full\" srcset=\"https:\/\/hangermachines.com\/wp-content\/uploads\/2022\/08\/Shuliy-Machinery-certicates.webp 500w, https:\/\/hangermachines.com\/wp-content\/uploads\/2022\/08\/Shuliy-Machinery-certicates-300x300.webp 300w, https:\/\/hangermachines.com\/wp-content\/uploads\/2022\/08\/Shuliy-Machinery-certicates-150x150.webp 150w\" sizes=\"auto, (max-width: 500px) 100vw, 500px\" \/><\/figure><div class=\"wp-block-media-text__content\"> <p>Nuestra empresa es una empresa con cualificaci\u00f3n profesional. La imagen de la derecha muestra los certificados que tiene nuestra empresa, as\u00ed como la m\u00e1quina colgadora, los cuales est\u00e1n certificados por la autoridad. Por lo tanto, puedes comprar nuestra percha con confianza.<\/p> <\/div><\/div>    <h2 class=\"wp-block-heading\" id=\"h-happy-cooperation-with-the-customers\"><strong>Feliz cooperaci\u00f3n con los clientes.<\/strong><\/h2>    <p>La cooperaci\u00f3n entre nosotros y nuestros clientes es una cooperaci\u00f3n beneficiosa para todos, nos llevamos muy bien y somos amigos entre nosotros. Porque nuestro prop\u00f3sito es vender m\u00e1quinas desde el punto de vista del cliente, para que podamos entendernos, lo que favorece m\u00e1s nuestra cooperaci\u00f3n mutua.<\/p>   <div class=\"wp-block-image\"> <figure class=\"aligncenter size-full\"><img loading=\"lazy\" decoding=\"async\" width=\"720\" height=\"600\" src=\"https:\/\/hangermachines.com\/wp-content\/uploads\/2022\/08\/good-cooperation-relationship.webp\" alt=\"buena relaci\u00f3n de cooperaci\u00f3n\" class=\"wp-image-127\" srcset=\"https:\/\/hangermachines.com\/wp-content\/uploads\/2022\/08\/good-cooperation-relationship.webp 720w, https:\/\/hangermachines.com\/wp-content\/uploads\/2022\/08\/good-cooperation-relationship-300x250.webp 300w\" sizes=\"auto, (max-width: 720px) 100vw, 720px\" \/><figcaption>buena relaci\u00f3n de cooperaci\u00f3n<\/figcaption><\/figure> <\/div>   <h2 class=\"wp-block-heading\" id=\"h-feedback-from-customers-on-the-clothes-hanger-making-machine\"><strong>Comentarios de clientes sobre la m\u00e1quina para fabricar perchas.<\/strong><\/h2>    <p>Los clientes que han comprado nuestra m\u00e1quina colgadora de pl\u00e1stico saben que nuestras m\u00e1quinas son de muy buena calidad y econ\u00f3micas, y que la capacidad de producci\u00f3n no es d\u00e9bil en todos los aspectos. Es un viaje de compra muy agradable para nuestros clientes. Adem\u00e1s, nuestros clientes nos env\u00edan comentarios en tiempo real. Los siguientes son los comentarios que nos brindan nuestros clientes despu\u00e9s de usar la m\u00e1quina para colgar.<\/p>   <div class=\"wp-block-image\"> <figure class=\"aligncenter size-full\"><img loading=\"lazy\" decoding=\"async\" width=\"720\" height=\"720\" src=\"https:\/\/hangermachines.com\/wp-content\/uploads\/2022\/08\/great-feedback-about-the-hanger-forming-machine.webp\" alt=\"Excelentes comentarios sobre la m\u00e1quina formadora de perchas.\" class=\"wp-image-128\" srcset=\"https:\/\/hangermachines.com\/wp-content\/uploads\/2022\/08\/great-feedback-about-the-hanger-forming-machine.webp 720w, https:\/\/hangermachines.com\/wp-content\/uploads\/2022\/08\/great-feedback-about-the-hanger-forming-machine-300x300.webp 300w, https:\/\/hangermachines.com\/wp-content\/uploads\/2022\/08\/great-feedback-about-the-hanger-forming-machine-150x150.webp 150w\" sizes=\"auto, (max-width: 720px) 100vw, 720px\" \/><figcaption>Excelentes comentarios sobre la m\u00e1quina formadora de perchas.<\/figcaption><\/figure> <\/div>","protected":false},"excerpt":{"rendered":"<p>Shuliy Machinery- a professional hanger machine manufacturer &amp; supplier We, Shuliy Machinery, have our own factory and have been established for more than ten years in the hanger machine manufacturing industry. Our main products are clothes hanger production line, coat hanger machine line, coat hanger machine, cloth hanger making machine, welded hanger machine, etc. Due [&hellip;]<\/p>\n","protected":false},"author":1,"featured_media":0,"parent":0,"menu_order":0,"comment_status":"closed","ping_status":"closed","template":"","meta":{"footnotes":""},"class_list":["post-14","page","type-page","status-publish","hentry"],"_links":{"self":[{"href":"https:\/\/hangermachines.com\/es\/wp-json\/wp\/v2\/pages\/14","targetHints":{"allow":["GET"]}}],"collection":[{"href":"https:\/\/hangermachines.com\/es\/wp-json\/wp\/v2\/pages"}],"about":[{"href":"https:\/\/hangermachines.com\/es\/wp-json\/wp\/v2\/types\/page"}],"author":[{"embeddable":true,"href":"https:\/\/hangermachines.com\/es\/wp-json\/wp\/v2\/users\/1"}],"replies":[{"embeddable":true,"href":"https:\/\/hangermachines.com\/es\/wp-json\/wp\/v2\/comments?post=14"}],"version-history":[{"count":0,"href":"https:\/\/hangermachines.com\/es\/wp-json\/wp\/v2\/pages\/14\/revisions"}],"wp:attachment":[{"href":"https:\/\/hangermachines.com\/es\/wp-json\/wp\/v2\/media?parent=14"}],"curies":[{"name":"wp","href":"https:\/\/api.w.org\/{rel}","templated":true}]}}