{"id":105,"date":"2022-08-22T03:16:46","date_gmt":"2022-08-22T03:16:46","guid":{"rendered":"https:\/\/hangermachines.com\/?post_type=product&#038;p=105"},"modified":"2025-04-18T10:05:23","modified_gmt":"2025-04-18T02:05:23","slug":"wire-hanger-making-machine","status":"publish","type":"product","link":"https:\/\/hangermachines.com\/es\/product\/wire-hanger-making-machine\/","title":{"rendered":"M\u00e1quina para fabricar perchas de alambre a la venta"},"content":{"rendered":"<p class=\"translation-block\">Esta m\u00e1quina para hacer perchas es una m\u00e1quina utilizada para producir perchas de alambre comunes\/galvanizadas. Esta <a href=\"https:\/\/hangermachines.com\/es\/product\/hanger-making-machine\/\" target=\"_blank\" rel=\"noreferrer noopener\">m\u00e1quina de perchas<\/a> tiene un buen rendimiento y tambi\u00e9n puede producir varios tipos de perchas.  <\/p>   <div class=\"wp-block-image\"> <figure class=\"aligncenter size-full\"><img loading=\"lazy\" decoding=\"async\" width=\"720\" height=\"540\" src=\"https:\/\/hangermachines.com\/wp-content\/uploads\/2022\/09\/hanger-types.webp\" alt=\"tipos de perchas\" class=\"wp-image-242\" srcset=\"https:\/\/hangermachines.com\/wp-content\/uploads\/2022\/09\/hanger-types.webp 720w, https:\/\/hangermachines.com\/wp-content\/uploads\/2022\/09\/hanger-types-300x225.webp 300w\" sizes=\"auto, (max-width: 720px) 100vw, 720px\" \/><figcaption class=\"wp-element-caption\">tipos de perchas<\/figcaption><\/figure> <\/div>   <p class=\"translation-block\">Por lo tanto, nuestra m\u00e1quina para hacer perchas es muy popular en el mercado y a menudo se exporta a varios pa\u00edses, como <strong>Pakist\u00e1n, Kazajist\u00e1n, Australia, Indonesia<\/strong>, <strong>Arabia Saudita<\/strong>, <strong>Yemen, Om\u00e1n<\/strong>, etc. Si est\u00e1 interesado en esto, no dude en contactarnos. \u00a1Adem\u00e1s, le damos la bienvenida a visitar nuestra f\u00e1brica!<\/p>    <figure class=\"wp-block-embed is-type-video is-provider-youtube wp-block-embed-youtube wp-embed-aspect-16-9 wp-has-aspect-ratio\"><div class=\"wp-block-embed__wrapper\"> <iframe loading=\"lazy\" title=\"M\u00e1quina de fabricaci\u00f3n de alambre autom\u00e1tico para 30-40 piezas\/min de perchas de alambre de hierro galvanizado | Creador de colgadores\" width=\"500\" height=\"281\" src=\"https:\/\/www.youtube.com\/embed\/vzJxjGxpewE?feature=oembed\" frameborder=\"0\" allow=\"accelerometer; autoplay; clipboard-write; encrypted-media; gyroscope; picture-in-picture; web-share\" referrerpolicy=\"strict-origin-when-cross-origin\" allowfullscreen><\/iframe> <\/div><figcaption class=\"wp-element-caption\">Video de la m\u00e1quina de colgador de alambre<\/figcaption><\/figure>    <h2 class=\"wp-block-heading\" id=\"h-why-produce-the-galvanized-wire-hangers\"><strong>Ventajas de los colgadores de alambre galvanizado producidos por la m\u00e1quina para fabricar colgadores de alambre Shuliy<\/strong><\/h2>   <div class=\"wp-block-image\"> <figure class=\"aligncenter size-full\"><img loading=\"lazy\" decoding=\"async\" width=\"720\" height=\"500\" src=\"https:\/\/hangermachines.com\/wp-content\/uploads\/2022\/08\/galvanized-wire-hangers.webp\" alt=\"perchas-de-alambre-galvanizado\" class=\"wp-image-166\" srcset=\"https:\/\/hangermachines.com\/wp-content\/uploads\/2022\/08\/galvanized-wire-hangers.webp 720w, https:\/\/hangermachines.com\/wp-content\/uploads\/2022\/08\/galvanized-wire-hangers-300x208.webp 300w\" sizes=\"auto, (max-width: 720px) 100vw, 720px\" \/><figcaption class=\"wp-element-caption\">perchas de alambre<\/figcaption><\/figure> <\/div>   <ul class=\"wp-block-list\"> <li>En primer lugar, la superficie brillante del alambre galvanizado brillante. Por lo tanto, visualmente se prefiere al alambre galvanizado ordinario, que tiene una superficie similar a la del <a href=\"https:\/\/en.wikipedia.org\/wiki\/Stainless_steel\" target=\"_blank\" rel=\"noreferrer noopener\">acero inoxidable<\/a>.<\/li>    <li>En segundo lugar, el buen soporte y la alta tenacidad del alambre galvanizado brillante. El alambre galvanizado permanece brillante durante su uso. Y la dureza es alta, consiguiendo una combinaci\u00f3n perfecta entre dureza y tenacidad.<\/li>    <li>En tercer lugar, el bajo coste de producci\u00f3n de perchas. La superficie del colgador est\u00e1 galvanizada y tambi\u00e9n es brillante. Por lo tanto, no requiere posprocesamiento, lo que no solo ahorra tiempo de producci\u00f3n sino tambi\u00e9n costos. Utilice la m\u00e1quina para fabricar perchas de alambre para lograrlo.<\/li> <\/ul>    <h2 class=\"wp-block-heading\" id=\"h-strength-of-the-automatic-wire-hanger-machine-for-sale\"><strong>Resistencia de la m\u00e1quina autom\u00e1tica para fabricar perchas de alambre a la venta<\/strong><\/h2>    <ul class=\"wp-block-list\"> <li>Conveniente para operar y utilizar la electricidad de forma segura.<\/li>    <li>Un alto grado de automatizaci\u00f3n total. Todo el proceso de producci\u00f3n de la m\u00e1quina para fabricar perchas de alambre se realiza sin manos, lo que ahorra mano de obra.<\/li>    <li>Dise\u00f1o compacto y razonable, adecuado para f\u00e1bricas peque\u00f1as, medianas y grandes.<\/li> <\/ul>   <div class=\"wp-block-image\"> <figure class=\"aligncenter size-full\"><img loading=\"lazy\" decoding=\"async\" width=\"720\" height=\"540\" src=\"https:\/\/hangermachines.com\/wp-content\/uploads\/2022\/08\/wire-hanger-making-machine-for-sale.webp\" alt=\"M\u00e1quina para fabricar perchas de alambre a la venta\" class=\"wp-image-134\" srcset=\"https:\/\/hangermachines.com\/wp-content\/uploads\/2022\/08\/wire-hanger-making-machine-for-sale.webp 720w, https:\/\/hangermachines.com\/wp-content\/uploads\/2022\/08\/wire-hanger-making-machine-for-sale-300x225.webp 300w\" sizes=\"auto, (max-width: 720px) 100vw, 720px\" \/><figcaption class=\"wp-element-caption\">M\u00e1quina para fabricar perchas de alambre a la venta<\/figcaption><\/figure> <\/div>   <h2 class=\"wp-block-heading\" id=\"h-profit-analysis-to-choose-the-shuliy-machinery-wire-hanger-machine\"><strong>Shuliy Machinery: ventajas de ser el fabricante y proveedor de m\u00e1quinas para fabricar perchas de alambre<\/strong><\/h2>    <ul class=\"wp-block-list\"> <li>Precio bajo de la m\u00e1quina. Debido a la integraci\u00f3n de la industria y el comercio, el precio de nuestra m\u00e1quina moldeadora de perchas es s\u00f3lo el precio de f\u00e1brica. Con la misma calidad, nuestra m\u00e1quina tiene m\u00e1s ventajas de precio.<\/li>    <li>Varios tipos de m\u00e1quinas. Nuestras m\u00e1quinas no son s\u00f3lo la m\u00e1quina colgante de alambre galvanizado, sino tambi\u00e9n la <a href=\"https:\/\/hangermachines.com\/es\/product\/coat-hanger-machine\/\" target=\"_blank\" rel=\"noreferrer noopener\">M\u00e1quina para colgar perchas recubiertas de PVC<\/a>, la m\u00e1quina de perchas de pl\u00e1stico, la <a href=\"https:\/\/hangermachines.com\/es\/product\/hanger-making-machine\/\" target=\"_blank\" rel=\"noreferrer noopener\">m\u00e1quina para colgar telas<\/a>y m\u00e1quinas hechas a medida.<\/li> <\/ul>   <div class=\"wp-block-image\"> <figure class=\"aligncenter size-full\"><img loading=\"lazy\" decoding=\"async\" width=\"720\" height=\"540\" src=\"https:\/\/hangermachines.com\/wp-content\/uploads\/2022\/08\/hanger-making-machine-manufacturer-supplier.webp\" alt=\"fabricante y proveedor de m\u00e1quinas para fabricar perchas\" class=\"wp-image-163\" srcset=\"https:\/\/hangermachines.com\/wp-content\/uploads\/2022\/08\/hanger-making-machine-manufacturer-supplier.webp 720w, https:\/\/hangermachines.com\/wp-content\/uploads\/2022\/08\/hanger-making-machine-manufacturer-supplier-300x225.webp 300w\" sizes=\"auto, (max-width: 720px) 100vw, 720px\" \/><figcaption class=\"wp-element-caption\">fabricante y proveedor de m\u00e1quinas para fabricar perchas<\/figcaption><\/figure> <\/div>   <h2 class=\"wp-block-heading\" id=\"h-technical-parameters-of-the-galvanized-wire-hanger-making-machine\"><strong>Par\u00e1metros t\u00e9cnicos de la m\u00e1quina para fabricar perchas de alambre galvanizado.<\/strong><\/h2>    <figure class=\"wp-block-table\"><table><tbody><tr><td>Modelo<\/td><td>SLPT-400<\/td><\/tr><tr><td>Capacidad<\/td><td>30-40 unidades\/minuto<\/td><\/tr><tr><td>Di\u00e1metro del cable<\/td><td>1,8 mm ~ 2,8 mm<\/td><\/tr><tr><td>Motor<\/td><td>1,5 kw<\/td><\/tr><tr><td>Tama\u00f1o de la percha<\/td><td>13-14cm para ni\u00f1os<br>15-19cm para adultos<\/td><\/tr><tr><td>Peso neto<\/td><td>700 kilos<\/td><\/tr><tr><td>Tama\u00f1o de la m\u00e1quina<\/td><td>1800*800*1650mm<\/td><\/tr><\/tbody><\/table><\/figure>    <h2 class=\"wp-block-heading\" id=\"h-faq\"><strong>Preguntas frecuentes sobre la m\u00e1quina para fabricar perchas de alambre Shuliy<\/strong><\/h2>   <div id=\"rank-math-faq\" class=\"rank-math-block\"> <div class=\"rank-math-list\"> <div id=\"faq-question-1663917918499\" class=\"rank-math-list-item\"> <h3 class=\"rank-math-question\"><strong>P1: \u00bfC\u00f3mo confirmar la calidad de su m\u00e1quina dobladora de ganchos para colgar?<\/strong><\/h3> <div class=\"rank-math-answer\">  <p>A1: 1) Contamos con un estricto sistema de control de calidad, que se sigue estrictamente en el proceso de mercado y contiene la calidad del producto.<br \/>2) Los productos de nuestra empresa cuentan con certificado CE, certificado por la autoridad.<br \/>3) Le enviaremos un v\u00eddeo durante el proceso de producci\u00f3n para garantizar que pueda realizar un seguimiento del progreso de producci\u00f3n de la m\u00e1quina y del estado de la m\u00e1quina.<\/p>  <\/div> <\/div> <div id=\"faq-question-1663917927233\" class=\"rank-math-list-item\"> <h3 class=\"rank-math-question\"><strong>P2: \u00bfQu\u00e9 debo hacer si hay un problema con la m\u00e1quina para fabricar perchas de alambre?<\/strong><\/h3> <div class=\"rank-math-answer\">  <p>R2: Ofrecemos un servicio en l\u00ednea 24 horas al d\u00eda, 7 d\u00edas a la semana, para que pueda contactarnos en cualquier momento para resolver su problema.<\/p>  <\/div> <\/div> <div id=\"faq-question-1663917953352\" class=\"rank-math-list-item\"> <h3 class=\"rank-math-question\"><strong>P3: El voltaje var\u00eda de un pa\u00eds a otro, \u00bfpuedo personalizarlo?<\/strong><\/h3> <div class=\"rank-math-answer\">  <p>R3: Por supuesto. Ofrecemos un servicio de personalizaci\u00f3n.<\/p>  <\/div> <\/div> <div id=\"faq-question-1663917965640\" class=\"rank-math-list-item\"> <h3 class=\"rank-math-question\"><strong>P4: \u00bfC\u00f3mo ensamblo la m\u00e1quina despu\u00e9s de recibirla?<\/strong><\/h3> <div class=\"rank-math-answer\">  <p>R4: No se preocupe, le brindaremos el servicio adecuado si lo necesita. Tambi\u00e9n incluiremos instrucciones, manuales de instalaci\u00f3n, etc. para su referencia.<\/p>  <\/div> <\/div> <div id=\"faq-question-1663917977432\" class=\"rank-math-list-item\"> <h3 class=\"rank-math-question\"><strong>P5: \u00bfC\u00f3mo realizo el pago?<\/strong><\/h3> <div class=\"rank-math-answer\">  <p>A5: Stock: pagar en su totalidad \u2192 recibir dinero \u2192 organizar la entrega.<br \/>Fabricaci\u00f3n: pagar el anticipo \u2192 comenzar la fabricaci\u00f3n \u2192 completar la producci\u00f3n de la m\u00e1quina \u2192 liquidar el saldo \u2192 recibir el saldo y organizar la entrega.<\/p>  <\/div> <\/div> <\/div> <\/div>   <h2 class=\"wp-block-heading\"><strong>V\u00eddeo de la m\u00e1quina para fabricar perchas de alambre: \u00bfc\u00f3mo producir perchas?<\/strong><\/h2>    <figure class=\"wp-block-embed is-type-video is-provider-youtube wp-block-embed-youtube wp-embed-aspect-16-9 wp-has-aspect-ratio\"><div class=\"wp-block-embed__wrapper\"> <iframe loading=\"lazy\" title=\"M\u00e1quina para colgar alambres 35-40PCS\/H - Fabricante y proveedor com\u00fan de m\u00e1quinas para fabricar perchas\" width=\"500\" height=\"281\" src=\"https:\/\/www.youtube.com\/embed\/TR4y9CBK7A4?start=3&#038;feature=oembed\" frameborder=\"0\" allow=\"accelerometer; autoplay; clipboard-write; encrypted-media; gyroscope; picture-in-picture; web-share\" referrerpolicy=\"strict-origin-when-cross-origin\" allowfullscreen><\/iframe> <\/div><\/figure>","protected":false},"excerpt":{"rendered":"<p>This wire hanger making machine is a machine used to produce common\/galvanized wire hangers. This hanger machine has good performance and can also produce various types of hangers. Therefore, our hanger making machine is very popular in the market and is often exported to various countries, such as Pakistan, Kazakhstan, Australia, Indonesia, Saudi Arabia, Yemen, [&hellip;]<\/p>\n","protected":false},"author":1,"featured_media":497,"parent":0,"template":"","tags":[31,21,11,24,32],"product-type":[6],"class_list":["post-105","product","type-product","status-publish","has-post-thumbnail","hentry","tag-galvanized-wire-hanger-machine","tag-hanger-maker","tag-hanger-making-machine","tag-wire-hanger-making-machine","tag-wire-hook-hanger-machine","product-type-hanger-machines"],"_links":{"self":[{"href":"https:\/\/hangermachines.com\/es\/wp-json\/wp\/v2\/product\/105","targetHints":{"allow":["GET"]}}],"collection":[{"href":"https:\/\/hangermachines.com\/es\/wp-json\/wp\/v2\/product"}],"about":[{"href":"https:\/\/hangermachines.com\/es\/wp-json\/wp\/v2\/types\/product"}],"author":[{"embeddable":true,"href":"https:\/\/hangermachines.com\/es\/wp-json\/wp\/v2\/users\/1"}],"wp:featuredmedia":[{"embeddable":true,"href":"https:\/\/hangermachines.com\/es\/wp-json\/wp\/v2\/media\/497"}],"wp:attachment":[{"href":"https:\/\/hangermachines.com\/es\/wp-json\/wp\/v2\/media?parent=105"}],"wp:term":[{"taxonomy":"post_tag","embeddable":true,"href":"https:\/\/hangermachines.com\/es\/wp-json\/wp\/v2\/tags?post=105"},{"taxonomy":"product-type","embeddable":true,"href":"https:\/\/hangermachines.com\/es\/wp-json\/wp\/v2\/product-type?post=105"}],"curies":[{"name":"wp","href":"https:\/\/api.w.org\/{rel}","templated":true}]}}