{"id":116,"date":"2022-08-22T07:51:12","date_gmt":"2022-08-22T07:51:12","guid":{"rendered":"https:\/\/hangermachines.com\/?post_type=product&#038;p=116"},"modified":"2023-03-09T13:54:24","modified_gmt":"2023-03-09T05:54:24","slug":"welding-type-hanger-forming-machine","status":"publish","type":"product","link":"https:\/\/hangermachines.com\/es\/product\/welding-type-hanger-forming-machine\/","title":{"rendered":"M\u00e1quina formadora de perchas tipo soldadura"},"content":{"rendered":"<p>Esta m\u00e1quina formadora de perchas es una m\u00e1quina que se especializa en la producci\u00f3n de perchas soldadas. <\/p>    <figure class=\"wp-block-gallery aligncenter has-nested-images columns-default is-cropped wp-block-gallery-2 is-layout-flex wp-block-gallery-is-layout-flex\"> <figure class=\"wp-block-image size-large\"><img loading=\"lazy\" decoding=\"async\" width=\"720\" height=\"450\" data-id=\"207\" src=\"https:\/\/hangermachines.com\/wp-content\/uploads\/2022\/08\/welding-type-hanger.webp\" alt=\"colgador tipo soldadura\" class=\"wp-image-207\" srcset=\"https:\/\/hangermachines.com\/wp-content\/uploads\/2022\/08\/welding-type-hanger.webp 720w, https:\/\/hangermachines.com\/wp-content\/uploads\/2022\/08\/welding-type-hanger-300x188.webp 300w\" sizes=\"auto, (max-width: 720px) 100vw, 720px\" \/><figcaption class=\"wp-element-caption\">colgador tipo soldadura<\/figcaption><\/figure>    <figure class=\"wp-block-image size-large\"><img loading=\"lazy\" decoding=\"async\" width=\"720\" height=\"450\" data-id=\"161\" src=\"https:\/\/hangermachines.com\/wp-content\/uploads\/2022\/08\/welding-hangers.webp\" alt=\"perchas de soldadura\" class=\"wp-image-161\" srcset=\"https:\/\/hangermachines.com\/wp-content\/uploads\/2022\/08\/welding-hangers.webp 720w, https:\/\/hangermachines.com\/wp-content\/uploads\/2022\/08\/welding-hangers-300x188.webp 300w\" sizes=\"auto, (max-width: 720px) 100vw, 720px\" \/><figcaption class=\"wp-element-caption\">perchas de soldadura <\/figcaption><\/figure> <\/figure>    <p class=\"translation-block\">Compared with the other <a href=\"https:\/\/hangermachines.com\/es\/product\/wire-hanger-making-machine\/\" target=\"_blank\" rel=\"noreferrer noopener\">clothes wire hanger machine<\/a>, this machine uses welding methods to make the welded hanger stronger and sturdier. If you have any interest, please contact us!<\/p>    <h2 class=\"wp-block-heading\" id=\"h-what-kind-of-factory-or-enterprise-will-buy-this-metal-wire-hanger-forming-machine\"><strong>\u00bfQui\u00e9n comprar\u00e1 esta m\u00e1quina formadora de perchas de alambre met\u00e1lico?<\/strong><\/h2>    <ul class=\"wp-block-list\"> <li><strong>Particulares o empresas<\/strong> que abren sus propias f\u00e1bricas. Ellos mismos producen y venden perchas y tienen una determinada escala de producci\u00f3n O quieren iniciar un nuevo negocio. Ya sea para iniciar o ampliar la escala de producci\u00f3n, puede comprar nuestro <a href=\"https:\/\/hangermachines.com\/es\/products\/hanger-machines\/\" target=\"_blank\" rel=\"noreferrer noopener\">maquina para colgar<\/a>.<\/li>    <li><strong>Empresas intermediarias<\/strong>. Encontrar\u00e1n fuentes comerciales confiables para sus clientes y comprar\u00e1n m\u00e1quinas rentables para fabricar perchas. Nuestras m\u00e1quinas colgantes son rentables porque tenemos nuestra propia f\u00e1brica de producci\u00f3n.<\/li> <\/ul>    <h2 class=\"wp-block-heading\" id=\"h-how-does-the-hanger-welding-forming-machine-work\"><strong>\u00bfC\u00f3mo funciona la m\u00e1quina formadora de soldadura de perchas?<\/strong><\/h2>    <p>El funcionamiento de la m\u00e1quina es bastante sencillo.<\/p>   <div class=\"wp-block-image\"> <figure class=\"aligncenter size-full\"><img loading=\"lazy\" decoding=\"async\" width=\"1024\" height=\"768\" src=\"https:\/\/hangermachines.com\/wp-content\/uploads\/2022\/08\/hanger-making-machine-manufacturer.webp\" alt=\"fabricante de m\u00e1quinas para fabricar perchas\" class=\"wp-image-44\" srcset=\"https:\/\/hangermachines.com\/wp-content\/uploads\/2022\/08\/hanger-making-machine-manufacturer.webp 1024w, https:\/\/hangermachines.com\/wp-content\/uploads\/2022\/08\/hanger-making-machine-manufacturer-300x225.webp 300w, https:\/\/hangermachines.com\/wp-content\/uploads\/2022\/08\/hanger-making-machine-manufacturer-768x576.webp 768w\" sizes=\"auto, (max-width: 1024px) 100vw, 1024px\" \/><figcaption class=\"wp-element-caption\">fabricante de m\u00e1quinas para fabricar perchas<\/figcaption><\/figure> <\/div>   <p class=\"translation-block\"><strong> First of all<\/strong>, the line is placed along the conveyor, and when the machine is running, it is conveyed to the mouth of the studio.<\/p>    <p class=\"translation-block\"><strong>Next<\/strong>, the machine makes the wire into a hanger and welds the interface with electric welding.<\/p>    <p class=\"translation-block\"><strong>Finally<\/strong>, after completing the welding, the hanger making is finished. The finished hanger is stored along the support frame.<\/p>    <h2 class=\"wp-block-heading\" id=\"h-spotlights-of-the-clothes-hanger-wire-forming-machine\"><strong>Focos de la m\u00e1quina formadora de alambre para perchas.<\/strong><\/h2>    <ol class=\"wp-block-list\"> <li>F\u00e1cil de operar, conveniente de mantener.<\/li>    <li>Agregue la funci\u00f3n de soldadura y produzca perchas de excelente calidad.<\/li>    <li>Alta precisi\u00f3n y alta eficiencia.<\/li> <\/ol>   <div class=\"wp-block-image\"> <figure class=\"aligncenter size-full\"><img loading=\"lazy\" decoding=\"async\" width=\"720\" height=\"540\" src=\"https:\/\/hangermachines.com\/wp-content\/uploads\/2022\/08\/hanger-manufacturing-machine.webp\" alt=\"maquina para fabricar perchas\" class=\"wp-image-139\" srcset=\"https:\/\/hangermachines.com\/wp-content\/uploads\/2022\/08\/hanger-manufacturing-machine.webp 720w, https:\/\/hangermachines.com\/wp-content\/uploads\/2022\/08\/hanger-manufacturing-machine-300x225.webp 300w\" sizes=\"auto, (max-width: 720px) 100vw, 720px\" \/><figcaption class=\"wp-element-caption\">maquina para fabricar perchas<\/figcaption><\/figure> <\/div>   <h2 class=\"wp-block-heading\" id=\"h-cost-analysis-of-making-welding-type-hangers\"><strong>An\u00e1lisis de costos de fabricaci\u00f3n de perchas tipo soldadura.<\/strong><\/h2>    <ul class=\"wp-block-list\"> <li>Costo de materia prima. De hecho, existen abundantes materias primas para fabricar tales perchas, como alambre de hierro galvanizado, alambre de cobre, alambre de hierro, alambre de aluminio, etc. Estas materias primas son f\u00e1ciles de obtener y menos costosas.<\/li>    <li>Costo de la m\u00e1quina. Como quieres producir perchas, definitivamente necesitas la ayuda de m\u00e1quinas. Y nuestras m\u00e1quinas son rentables y pueden ahorrarle una gran cantidad de dinero.<\/li>    <li>Coste laboral. Tambi\u00e9n se necesita mano de obra. Simplemente cuide la m\u00e1quina formadora de perchas en el costado mientras est\u00e1 funcionando.<\/li> <\/ul>   <div class=\"wp-block-image\"> <figure class=\"aligncenter size-full\"><img loading=\"lazy\" decoding=\"async\" width=\"720\" height=\"450\" src=\"https:\/\/hangermachines.com\/wp-content\/uploads\/2022\/08\/welding-hangers.webp\" alt=\"perchas de soldadura \" class=\"wp-image-161\" srcset=\"https:\/\/hangermachines.com\/wp-content\/uploads\/2022\/08\/welding-hangers.webp 720w, https:\/\/hangermachines.com\/wp-content\/uploads\/2022\/08\/welding-hangers-300x188.webp 300w\" sizes=\"auto, (max-width: 720px) 100vw, 720px\" \/><figcaption class=\"wp-element-caption\">perchas de soldadura <\/figcaption><\/figure> <\/div>   <h2 class=\"wp-block-heading\" id=\"h-successful-case-clothes-hanger-hook-making-machine-delivery-to-cambodia\"><strong>Caso exitoso: entrega de m\u00e1quina para fabricar ganchos para perchas a Camboya<\/strong><\/h2>    <p class=\"translation-block\"> The Cambodian customer owns a local trading company, which mainly deals with various kinds of machinery and equipment in the region. His customer wanted to buy a welding-type <a href=\"https:\/\/hangermachines.com\/es\/product\/hanger-making-machine\/\" target=\"_blank\" rel=\"noreferrer noopener\">clothes hanger forming machine.<\/a> So he contacted us via <a href=\"https:\/\/en.wikipedia.org\/wiki\/WhatsApp\" target=\"_blank\" rel=\"noreferrer noopener\">WhatsApp<\/a>. After the introduction of the machine, the Cambodian customer thought it met his expectation. So, he confirmed with his client whether to buy it or not. Once confirmed, both parties signed the contract. And eventually, the machine was delivered to its destination.<\/p>    <h2 class=\"wp-block-heading\" id=\"h-specifications-of-the-clothes-hanger-forming-machine\"><strong>Especificaciones de la m\u00e1quina formadora de perchas.<\/strong><\/h2>    <figure class=\"wp-block-table\"><table><tbody><tr><td>Modelo<\/td><td>SL-5HW<\/td><\/tr><tr><td>Di\u00e1metro de l\u00ednea<\/td><td>1,5 mm-4,5 mm<\/td><\/tr><tr><td>Tipo<\/td><td>Soldadura<\/td><\/tr><tr><td>Longitud de alimentaci\u00f3n<\/td><td>500 mm (11-19 pulgadas)<\/td><\/tr><tr><td>Capacidad<\/td><td>30 unidades\/minuto<\/td><\/tr><tr><td>Fuerza de motor<\/td><td>3,7kW<\/td><\/tr><tr><td>Tama\u00f1o de la m\u00e1quina<\/td><td>3700*1500*1500mm<\/td><\/tr><tr><td>Peso<\/td><td>800 kilos<\/td><\/tr><\/tbody><\/table><\/figure>    <h2 class=\"wp-block-heading\"><strong>Video de m\u00e1quina formadora de perchas para soldar perchas.<\/strong><\/h2>    <figure class=\"wp-block-embed is-type-video is-provider-youtube wp-block-embed-youtube wp-embed-aspect-16-9 wp-has-aspect-ratio\"><div class=\"wp-block-embed__wrapper\"> <iframe loading=\"lazy\" title=\"M\u00e1quina de suspensi\u00f3n tipo soldadura | m\u00e1quina para fabricar perchas | M\u00e1quina formadora\/moldeadora de perchas #hanger\" width=\"500\" height=\"281\" src=\"https:\/\/www.youtube.com\/embed\/RjCQBOMreIU?feature=oembed\" frameborder=\"0\" allow=\"accelerometer; autoplay; clipboard-write; encrypted-media; gyroscope; picture-in-picture; web-share\" referrerpolicy=\"strict-origin-when-cross-origin\" allowfullscreen><\/iframe> <\/div><\/figure>    <figure class=\"wp-block-embed is-type-video is-provider-youtube wp-block-embed-youtube wp-embed-aspect-16-9 wp-has-aspect-ratio\"><div class=\"wp-block-embed__wrapper\"> <iframe loading=\"lazy\" title=\"M\u00e1quina para fabricar perchas con soldadura: \u00bfC\u00f3mo hacer perchas para ropa utilizando m\u00e9todos de soldadura? #hangermachine\" width=\"500\" height=\"281\" src=\"https:\/\/www.youtube.com\/embed\/3d74p-rcSgw?feature=oembed\" frameborder=\"0\" allow=\"accelerometer; autoplay; clipboard-write; encrypted-media; gyroscope; picture-in-picture; web-share\" referrerpolicy=\"strict-origin-when-cross-origin\" allowfullscreen><\/iframe> <\/div><\/figure>","protected":false},"excerpt":{"rendered":"<p>This hanger forming machine is a machine that specializes in the production of welded clothes hangers. Compared with the other clothes wire hanger machine, this machine uses welding methods to make the welded hanger stronger and sturdier. If you have any interest, please contact us! Who will buy this metal wire hanger forming machine? How [&hellip;]<\/p>\n","protected":false},"author":1,"featured_media":499,"parent":0,"template":"","tags":[25,29,28,27,26],"product-type":[6],"class_list":["post-116","product","type-product","status-publish","has-post-thumbnail","hentry","tag-hanger-forming-machine","tag-hanger-hook-making-machine","tag-hanger-welding-forming-machine","tag-metal-wire-hanger-forming-machine","tag-welding-type-hanger-making-machine","product-type-hanger-machines"],"_links":{"self":[{"href":"https:\/\/hangermachines.com\/es\/wp-json\/wp\/v2\/product\/116","targetHints":{"allow":["GET"]}}],"collection":[{"href":"https:\/\/hangermachines.com\/es\/wp-json\/wp\/v2\/product"}],"about":[{"href":"https:\/\/hangermachines.com\/es\/wp-json\/wp\/v2\/types\/product"}],"author":[{"embeddable":true,"href":"https:\/\/hangermachines.com\/es\/wp-json\/wp\/v2\/users\/1"}],"wp:featuredmedia":[{"embeddable":true,"href":"https:\/\/hangermachines.com\/es\/wp-json\/wp\/v2\/media\/499"}],"wp:attachment":[{"href":"https:\/\/hangermachines.com\/es\/wp-json\/wp\/v2\/media?parent=116"}],"wp:term":[{"taxonomy":"post_tag","embeddable":true,"href":"https:\/\/hangermachines.com\/es\/wp-json\/wp\/v2\/tags?post=116"},{"taxonomy":"product-type","embeddable":true,"href":"https:\/\/hangermachines.com\/es\/wp-json\/wp\/v2\/product-type?post=116"}],"curies":[{"name":"wp","href":"https:\/\/api.w.org\/{rel}","templated":true}]}}