{"id":30,"date":"2022-08-17T06:59:33","date_gmt":"2022-08-17T06:59:33","guid":{"rendered":"https:\/\/hangermachines.com\/?post_type=product&#038;p=30"},"modified":"2022-10-25T13:38:42","modified_gmt":"2022-10-25T05:38:42","slug":"hanger-production-line","status":"publish","type":"product","link":"https:\/\/hangermachines.com\/es\/product\/hanger-production-line\/","title":{"rendered":"L\u00ednea de producci\u00f3n de perchas | M\u00e1quina para fabricar perchas"},"content":{"rendered":"<p class=\"translation-block\">La l\u00ednea de producci\u00f3n de perchas se utiliza principalmente para producir varios tipos de perchas para el hogar. La percha es un art\u00edculo esencial para el hogar en la vida. Y la m\u00e1quina para hacer perchas es una m\u00e1quina esencial para producir perchas. Si desea invertir en la industria de las necesidades diarias, invertir en la <strong><a href=\"https:\/\/hangermachines.com\/es\/product\/hanger-making-machine\/\" target=\"_blank\" rel=\"noreferrer noopener\">m\u00e1quina para fabricar perchas<\/a><\/strong> es una buena opci\u00f3n.<\/p>    <p class=\"translation-block\">Nuestra m\u00e1quina para hacer perchas es muy popular en todo el mundo, como en <strong>Emiratos \u00c1rabes Unidos, Australia, Pakist\u00e1n, Kazajist\u00e1n, Camboya, Marruecos, M\u00e9xico, Suecia, Arabia Saudita, Sri Lanka, Espa\u00f1a, Yemen, Uzbekist\u00e1n<\/strong>, etc. Si est\u00e1 interesado en esta m\u00e1quina, \u00a1bienvenido a llamarnos!<\/p>    <h2 class=\"wp-block-heading\" id=\"h-what-material-is-used-to-make-hangers\"><strong>\u00bfQu\u00e9 material se utiliza para hacer perchas?<\/strong><\/h2>    <p class=\"translation-block\">En la l\u00ednea de producci\u00f3n de perchas totalmente autom\u00e1tica, las materias primas utilizadas para producir la percha son en realidad muy simples. Como l\u00edneas de galvanizado, alambre de hierro, bajo carbono, <a href=\"https:\/\/en.wikipedia.org\/wiki\/Galvanization\" target=\"_blank\" rel=\"noreferrer noopener\">galvanizado<\/a>, alambre de PVC, etc. Si tiene dudas sobre sus materias primas, \u00a1bienvenido a <a href=\"https:\/\/hangermachines.com\/es\/contact\/\" target=\"_blank\" rel=\"noreferrer noopener\">contactarnos<\/a> para obtener clasificaciones!<\/p>   <div class=\"wp-block-image\"> <figure class=\"aligncenter size-full\"><img loading=\"lazy\" decoding=\"async\" width=\"720\" height=\"540\" src=\"https:\/\/hangermachines.com\/wp-content\/uploads\/2022\/08\/hangers-wires.webp\" alt=\"alambres-perchas\" class=\"wp-image-57\" srcset=\"https:\/\/hangermachines.com\/wp-content\/uploads\/2022\/08\/hangers-wires.webp 720w, https:\/\/hangermachines.com\/wp-content\/uploads\/2022\/08\/hangers-wires-300x225.webp 300w\" sizes=\"auto, (max-width: 720px) 100vw, 720px\" \/><figcaption>alambres-perchas<\/figcaption><\/figure> <\/div>   <h2 class=\"wp-block-heading\" id=\"h-how-do-you-manufacture-hangers\"><strong>\u00bfC\u00f3mo se fabrican perchas?<\/strong><\/h2>    <p>Para producir perchas en una l\u00ednea de producci\u00f3n de perchas, se siguen los siguientes pasos.<\/p>    <p>Primero, debe colocar el alambre (materia prima) en el carrete de pago y la m\u00e1quina de pago transporta el cable hasta la entrada de la m\u00e1quina para perchas.<\/p>    <p>Luego, el alambre avanza a lo largo de la rueda de carrete de la m\u00e1quina de suspensi\u00f3n y luego se fabrica la suspensi\u00f3n en el momento de la formaci\u00f3n de la suspensi\u00f3n. El colgador avanzar\u00e1 con la varilla de soporte cuando est\u00e9 terminado.<\/p>    <p>A continuaci\u00f3n se realiza el proceso de pintado. Elige el color que quieras para pintar.<\/p>    <p>Por \u00faltimo, recicla el polvo pl\u00e1stico y seca las perchas.<\/p>    <h2 class=\"wp-block-heading\" id=\"h-equipment-used-in-the-clothes-hanger-production-line\"><strong>Equipo utilizado en la l\u00ednea de producci\u00f3n de perchas.<\/strong><\/h2>    <p>En la l\u00ednea completa de fabricaci\u00f3n de perchas de alambre, es necesario utilizar las siguientes m\u00e1quinas:<\/p>    <h3 class=\"wp-block-heading\" id=\"h-introduction-of-each-machine\"><strong>Introducci\u00f3n de cada m\u00e1quina.<\/strong><\/h3>    <div class=\"wp-block-media-text alignwide is-stacked-on-mobile\"><figure class=\"wp-block-media-text__media\"><img loading=\"lazy\" decoding=\"async\" width=\"720\" height=\"540\" src=\"https:\/\/hangermachines.com\/wp-content\/uploads\/2022\/08\/the-initial-equipment-in-the-wire-production-line.webp\" alt=\"El equipo inicial en la l\u00ednea de producci\u00f3n de perchas de alambre.\" class=\"wp-image-50 size-full\" srcset=\"https:\/\/hangermachines.com\/wp-content\/uploads\/2022\/08\/the-initial-equipment-in-the-wire-production-line.webp 720w, https:\/\/hangermachines.com\/wp-content\/uploads\/2022\/08\/the-initial-equipment-in-the-wire-production-line-300x225.webp 300w\" sizes=\"auto, (max-width: 720px) 100vw, 720px\" \/><\/figure><div class=\"wp-block-media-text__content\"> <p>Esta m\u00e1quina se encuentra al comienzo de toda la l\u00ednea de producci\u00f3n. Su funci\u00f3n principal es colocar el cable en esta m\u00e1quina y transportarlo hacia adelante a lo largo del riel de la m\u00e1quina colgadora.<\/p>    <p>Aunque la estructura es simple, tambi\u00e9n es una parte indispensable de toda la l\u00ednea de producci\u00f3n.<\/p> <\/div><\/div>    <p><\/p>    <div class=\"wp-block-media-text alignwide has-media-on-the-right is-stacked-on-mobile\"><figure class=\"wp-block-media-text__media\"><img loading=\"lazy\" decoding=\"async\" width=\"1024\" height=\"768\" src=\"https:\/\/hangermachines.com\/wp-content\/uploads\/2022\/08\/hanger-making-machine-manufacturer.webp\" alt=\"fabricante de m\u00e1quinas para fabricar perchas\" class=\"wp-image-44 size-full\" srcset=\"https:\/\/hangermachines.com\/wp-content\/uploads\/2022\/08\/hanger-making-machine-manufacturer.webp 1024w, https:\/\/hangermachines.com\/wp-content\/uploads\/2022\/08\/hanger-making-machine-manufacturer-300x225.webp 300w, https:\/\/hangermachines.com\/wp-content\/uploads\/2022\/08\/hanger-making-machine-manufacturer-768x576.webp 768w\" sizes=\"auto, (max-width: 1024px) 100vw, 1024px\" \/><\/figure><div class=\"wp-block-media-text__content\"> <p>La m\u00e1quina de perchas de alambre es el n\u00facleo, principalmente para producir varios tipos de perchas (lo que quieren los clientes). Puede producir de 35 a 45 piezas por minuto y el tama\u00f1o de los colgadores es de 11 a 19 pulgadas.<\/p>    <p>Adem\u00e1s, tambi\u00e9n podemos personalizar la m\u00e1quina para fabricar perchas de acuerdo a sus requisitos, es decir, para producir la percha que necesita.<\/p> <\/div><\/div>    <p><\/p>    <div class=\"wp-block-media-text alignwide is-stacked-on-mobile\"><figure class=\"wp-block-media-text__media\"><img loading=\"lazy\" decoding=\"async\" width=\"720\" height=\"540\" src=\"https:\/\/hangermachines.com\/wp-content\/uploads\/2022\/08\/powder-spray-machine-and-recycling-machine.webp\" alt=\"m\u00e1quina de pulverizaci\u00f3n de polvo y m\u00e1quina de reciclaje\" class=\"wp-image-52 size-full\" srcset=\"https:\/\/hangermachines.com\/wp-content\/uploads\/2022\/08\/powder-spray-machine-and-recycling-machine.webp 720w, https:\/\/hangermachines.com\/wp-content\/uploads\/2022\/08\/powder-spray-machine-and-recycling-machine-300x225.webp 300w\" sizes=\"auto, (max-width: 720px) 100vw, 720px\" \/><\/figure><div class=\"wp-block-media-text__content\"> <p>Este paso cuenta con dos equipos, la m\u00e1quina pulverizadora de polvo y la m\u00e1quina recicladora de polvo. Como puede ver por el nombre, una es la m\u00e1quina que realiza la pulverizaci\u00f3n de polvo y la otra es la m\u00e1quina que realiza el reciclaje.<\/p>    <p>Generalmente se usan juntos. La funci\u00f3n principal: 1)rociar la percha; 2)reciclar el exceso de polvo para proteger el medio ambiente.<\/p> <\/div><\/div>    <p><\/p>    <div class=\"wp-block-media-text alignwide has-media-on-the-right is-stacked-on-mobile\"><figure class=\"wp-block-media-text__media\"><img loading=\"lazy\" decoding=\"async\" width=\"720\" height=\"540\" src=\"https:\/\/hangermachines.com\/wp-content\/uploads\/2022\/08\/hanger-drying-machine.webp\" alt=\"secadora de perchas\" class=\"wp-image-43 size-full\" srcset=\"https:\/\/hangermachines.com\/wp-content\/uploads\/2022\/08\/hanger-drying-machine.webp 720w, https:\/\/hangermachines.com\/wp-content\/uploads\/2022\/08\/hanger-drying-machine-300x225.webp 300w\" sizes=\"auto, (max-width: 720px) 100vw, 720px\" \/><\/figure><div class=\"wp-block-media-text__content\"> <p>Este es el \u00faltimo paso, secar la percha despu\u00e9s de rociar. La temperatura de horneado es de 180 grados Celsius y el tiempo es de 15 a 20 minutos una vez.<\/p>    <p>La raz\u00f3n principal para secar es que este paso puede hacer que el color de la percha se mantenga por m\u00e1s tiempo.<\/p> <\/div><\/div>    <p><\/p>    <h3 class=\"wp-block-heading\" id=\"h-machine-list-in-the-fully-automatic-hanger-production-line\"><strong>Lista de m\u00e1quinas en la l\u00ednea de producci\u00f3n de perchas totalmente autom\u00e1tica<\/strong><\/h3>    <figure class=\"wp-block-table\"><table><tbody><tr><td>Art\u00edculo<\/td><td>Modelo<\/td><td>Par\u00e1metro<\/td><\/tr><tr><td>M\u00e1quina para fabricar perchas de alambre<strong>&nbsp;<\/strong>&nbsp;<\/td><td>SLPT-400<\/td><td>Potencia: 1,5 kw<br>Capacidad: 35-45 unidades\/minuto <br>Peso: 700 kg <br>Dimensi\u00f3n: 1800*800*1650mm&nbsp;<\/td><\/tr><tr><td>M\u00e1quina de pulverizaci\u00f3n<strong>&nbsp;<\/strong>&nbsp;<\/td><td>DMT-23580<\/td><td>Peso: 25 kg<\/td><\/tr><tr><td>M\u00e1quina de reciclaje de polvo<strong>&nbsp;<\/strong>&nbsp;<strong>&nbsp;<\/strong><\/td><td>PRM-4<\/td><td>Potencia: 3kW <br>Tama\u00f1o: 1,5*1,1*2m<\/td><\/tr><tr><td>maquina de horno<strong>&nbsp;<\/strong>&nbsp;<\/td><td>DMSL-300<\/td><td>Tama\u00f1o de la m\u00e1quina: 3*2,0*1,8 m <br>Temperatura de horneado: 180 grados <br>Tiempo de horneado: 15-20 min\/tiempo<\/td><\/tr><\/tbody><\/table><\/figure>    <p>Cuando elige la m\u00e1quina, tambi\u00e9n podemos proporcionarle el polvo y los alambres. Disponemos de diferentes colores de polvo para tu elecci\u00f3n. Adem\u00e1s, tenemos alambres, como alambre galvanizado de 1,8-3,0 mm, para que los clientes puedan elegir.<\/p>    <h2 class=\"wp-block-heading\" id=\"h-advantages-of-the-wire-hanger-production-line\"><strong>Ventajas de la l\u00ednea de producci\u00f3n de perchas de alambre.<\/strong><\/h2>    <ol class=\"wp-block-list\"><li>Todo el proceso es f\u00e1cil de entender y muy f\u00e1cil de usar.<\/li><li>Se puede producir una alta productividad y una amplia gama de tipos de perchas.<\/li><li>M\u00e1quina de buena calidad, funcionamiento estable y f\u00e1cil mantenimiento.<\/li><li>La m\u00e1quina para colgar ropa est\u00e1 hecha de material de placa de hierro y tiene una larga vida \u00fatil.<\/li><li>El control el\u00e9ctrico y el ajuste manual cooperan entre s\u00ed, lo que es m\u00e1s c\u00f3modo de usar.<\/li><li>Al utilizar un cilindro de aceite l\u00edquido de doble presi\u00f3n, la precisi\u00f3n es m\u00e1s exacta.<\/li><\/ol>    <h2 class=\"wp-block-heading\" id=\"h-shuliy-machinery-the-credited-hanger-machine-manufacutre-supplier\"><strong>Shuliy Machinery: el acreditado fabricante y proveedor de m\u00e1quinas colgantes<\/strong><\/h2>    <p>Nosotros, Shuliy Machinery, somos una empresa de buena reputaci\u00f3n tanto en el mercado nacional como internacional, con los siguientes puntos principales.<\/p>    <p class=\"translation-block\"><strong>M\u00e1quina de buena calidad<\/strong> y <strong>precio adecuado<\/strong>. Al elegir productos, no solo el precio debe ser bueno, sino tambi\u00e9n la calidad. Y nuestros productos cumplen este punto.<\/p>    <p class=\"translation-block\"><strong>Soporte para la personalizaci\u00f3n de m\u00e1quinas<\/strong>. Porque no todos los clientes quieren producir la m\u00e1quina que tiene la f\u00e1brica, y la personalizaci\u00f3n podr\u00e1 producir la m\u00e1quina que los clientes desean. Es un ganar-ganar para ambas partes.<\/p>    <p class=\"translation-block\"><strong>Servicio postventa<\/strong>. El servicio postventa tambi\u00e9n es una prioridad principal. Nuestro personal brindar\u00e1 a los clientes un servicio postventa oportuno y efectivo, que es una de nuestras caracter\u00edsticas.<\/p>    <h2 class=\"wp-block-heading\" id=\"h-is-it-profitable-to-invest-in-the-hanger-production-line\"><strong>\u00bfEs rentable invertir en la l\u00ednea de producci\u00f3n de perchas?<\/strong><\/h2>    <div class=\"wp-block-columns is-layout-flex wp-container-core-columns-is-layout-9d6595d7 wp-block-columns-is-layout-flex\"> <div class=\"wp-block-column is-layout-flow wp-block-column-is-layout-flow\"> <figure class=\"wp-block-image size-full\"><img loading=\"lazy\" decoding=\"async\" width=\"540\" height=\"720\" src=\"https:\/\/hangermachines.com\/wp-content\/uploads\/2022\/08\/hanger-market.webp\" alt=\"mercado de perchas\" class=\"wp-image-58\" srcset=\"https:\/\/hangermachines.com\/wp-content\/uploads\/2022\/08\/hanger-market.webp 540w, https:\/\/hangermachines.com\/wp-content\/uploads\/2022\/08\/hanger-market-225x300.webp 225w\" sizes=\"auto, (max-width: 540px) 100vw, 540px\" \/><figcaption>mercado de perchas<\/figcaption><\/figure> <\/div>    <div class=\"wp-block-column is-layout-flow wp-block-column-is-layout-flow\"> <p><\/p>    <p><\/p>    <p><\/p>    <p>La respuesta es, por supuesto, s\u00ed. Como las perchas pertenecen a art\u00edculos del hogar, son una parte indispensable de la vida diaria. Tambi\u00e9n hay muchos fabricantes, por lo que es vital elegir la m\u00e1quina para fabricar perchas adecuada. Porque es necesario producir perchas de alta calidad para que puedan abrir r\u00e1pidamente las ventas en el mercado. Al mismo tiempo, habr\u00e1 una buena reputaci\u00f3n, que sienta las bases para el desarrollo posterior.<\/p>    <p>Si necesita ayuda, \u00a1bienvenido a contactarnos!<\/p> <\/div> <\/div>    <h2 class=\"wp-block-heading\" id=\"h-attentions-when-running-the-hanger-produciton-line\"><strong>Atenciones al operar la l\u00ednea de producci\u00f3n de perchas.<\/strong><\/h2>    <ol class=\"wp-block-list\"><li>Opere la m\u00e1quina bajo la condici\u00f3n de que la m\u00e1quina de moldeo y la seguridad personal est\u00e9n garantizadas.<\/li><li>La fuente de alimentaci\u00f3n de la m\u00e1quina es trif\u00e1sica y de cinco cables, que son cables trif\u00e1sicos, un cable neutro y un cable de tierra. El voltaje de l\u00ednea es de 380 V, el voltaje de fase es de 220 V y la potencia total es de aproximadamente 2,2 KW, lo que garantiza una conexi\u00f3n a tierra confiable.<\/li><li>Cuando la m\u00e1quina de moldeo est\u00e1 encendida, no se permite girar a la fuerza el servomotor de alimentaci\u00f3n, de lo contrario se da\u00f1ar\u00e1 el servocontrolador. Si necesita girar el servomotor de alimentaci\u00f3n, utilice los botones de \"alimentaci\u00f3n por avance\", \"retorno por avance\" y \"alimentaci\u00f3n manual\" en el \"monitoreo de producci\u00f3n\" de la interfaz hombre-m\u00e1quina para realizar las operaciones relacionadas.<\/li><\/ol>    <h2 class=\"wp-block-heading\" id=\"h-successsful-case-automatic-hanger-production-process-line-exported-to-uae\"><strong>Caso de \u00e9xito: L\u00ednea de proceso de producci\u00f3n autom\u00e1tica de perchas exportada a los Emiratos \u00c1rabes Unidos<\/strong><\/h2>    <p>Un cliente de los Emiratos \u00c1rabes Unidos se puso en contacto con nosotros debido a nuestro servicio de personalizaci\u00f3n. Quer\u00eda comprar una l\u00ednea completa de producci\u00f3n de perchas y quer\u00eda producir perchas con modelo de mariposa. Despu\u00e9s de que nuestro gerente de ventas se enter\u00f3, le dio una introducci\u00f3n detallada de la m\u00e1quina y qued\u00f3 muy satisfecho con ella. De modo que ambas partes tuvieron una cooperaci\u00f3n beneficiosa para todos. En la imagen de abajo, estamos cargando la mercanc\u00eda.<\/p>   <div class=\"wp-block-image\"> <figure class=\"aligncenter size-full\"><img loading=\"lazy\" decoding=\"async\" width=\"720\" height=\"540\" src=\"https:\/\/hangermachines.com\/wp-content\/uploads\/2022\/08\/loading-machines-in-the-whole-hanger-production-line.webp\" alt=\"M\u00e1quinas de carga en toda la l\u00ednea de producci\u00f3n de perchas.\" class=\"wp-image-55\" srcset=\"https:\/\/hangermachines.com\/wp-content\/uploads\/2022\/08\/loading-machines-in-the-whole-hanger-production-line.webp 720w, https:\/\/hangermachines.com\/wp-content\/uploads\/2022\/08\/loading-machines-in-the-whole-hanger-production-line-300x225.webp 300w\" sizes=\"auto, (max-width: 720px) 100vw, 720px\" \/><figcaption>M\u00e1quinas de carga en toda la l\u00ednea de producci\u00f3n de perchas.<\/figcaption><\/figure> <\/div>   <h2 class=\"wp-block-heading\"><strong>V\u00eddeo del flujo de trabajo de la l\u00ednea de producci\u00f3n de perchas totalmente autom\u00e1tica<\/strong><\/h2>    <figure class=\"wp-block-embed is-type-video is-provider-youtube wp-block-embed-youtube wp-embed-aspect-16-9 wp-has-aspect-ratio\"><div class=\"wp-block-embed__wrapper\"> <iframe loading=\"lazy\" title=\"L\u00ednea de producci\u00f3n de perchas totalmente autom\u00e1tica | M\u00e1quina para fabricar perchas de Shuliy #hanger\" width=\"500\" height=\"281\" src=\"https:\/\/www.youtube.com\/embed\/CTw3lbvZO_Q?feature=oembed\" frameborder=\"0\" allow=\"accelerometer; autoplay; clipboard-write; encrypted-media; gyroscope; picture-in-picture; web-share\" referrerpolicy=\"strict-origin-when-cross-origin\" allowfullscreen><\/iframe> <\/div><\/figure>","protected":false},"excerpt":{"rendered":"<p>The clothes hanger production line is mainly used to produce various types of household-type clothes hangers. The clothes hanger is an essential household item in life. And hanger machine is an essential machine to produce hangers. If you want to involve invest in the daily necessities industry, investing in the clothes hanger making machine is [&hellip;]<\/p>\n","protected":false},"author":1,"featured_media":48,"parent":0,"template":"","tags":[10,12,11,9,13],"product-type":[5],"class_list":["post-30","product","type-product","status-publish","has-post-thumbnail","hentry","tag-clothes-hanger-making-machine","tag-hanger-machine","tag-hanger-making-machine","tag-hanger-production-line","tag-wire-hanger-production-line","product-type-production-line"],"_links":{"self":[{"href":"https:\/\/hangermachines.com\/es\/wp-json\/wp\/v2\/product\/30","targetHints":{"allow":["GET"]}}],"collection":[{"href":"https:\/\/hangermachines.com\/es\/wp-json\/wp\/v2\/product"}],"about":[{"href":"https:\/\/hangermachines.com\/es\/wp-json\/wp\/v2\/types\/product"}],"author":[{"embeddable":true,"href":"https:\/\/hangermachines.com\/es\/wp-json\/wp\/v2\/users\/1"}],"wp:featuredmedia":[{"embeddable":true,"href":"https:\/\/hangermachines.com\/es\/wp-json\/wp\/v2\/media\/48"}],"wp:attachment":[{"href":"https:\/\/hangermachines.com\/es\/wp-json\/wp\/v2\/media?parent=30"}],"wp:term":[{"taxonomy":"post_tag","embeddable":true,"href":"https:\/\/hangermachines.com\/es\/wp-json\/wp\/v2\/tags?post=30"},{"taxonomy":"product-type","embeddable":true,"href":"https:\/\/hangermachines.com\/es\/wp-json\/wp\/v2\/product-type?post=30"}],"curies":[{"name":"wp","href":"https:\/\/api.w.org\/{rel}","templated":true}]}}