{"id":59,"date":"2022-08-18T08:32:26","date_gmt":"2022-08-18T08:32:26","guid":{"rendered":"https:\/\/hangermachines.com\/?post_type=product&#038;p=59"},"modified":"2022-12-29T17:45:00","modified_gmt":"2022-12-29T09:45:00","slug":"coated-hanger-production-line","status":"publish","type":"product","link":"https:\/\/hangermachines.com\/es\/product\/coated-hanger-production-line\/","title":{"rendered":"L\u00ednea de producci\u00f3n de perchas revestidas | Proceso de fabricaci\u00f3n de perchas de pl\u00e1stico"},"content":{"rendered":"<p>La l\u00ednea de producci\u00f3n de perchas revestidas toma primero el alambre envuelto con la capa y luego se utiliza una m\u00e1quina de perchas de pl\u00e1stico para la producci\u00f3n de perchas. <\/p>    <p class=\"translation-block\">Normalmente, se recubren con <a href=\"https:\/\/en.wikipedia.org\/wiki\/Polyvinyl_chloride\" target=\"_blank\" rel=\"noreferrer noopener\">PVC<\/a>, PE, PP, PA, y otros recubrimientos de tipo pl\u00e1stico. El gancho producido de esta manera tiene una vida \u00fatil m\u00e1s larga porque est\u00e1 aislado de la humedad al secar la ropa. <\/p>    <p>Adem\u00e1s, todo el proceso de producci\u00f3n es f\u00e1cil de operar, eficiente y fluido. Si desea perchas recubiertas de PVC, invertir en esta l\u00ednea es una buena opci\u00f3n. \u00a1Por favor, p\u00f3ngase en contacto con nosotros para m\u00e1s detalles!<\/p>    <h2 class=\"wp-block-heading\" id=\"h-introduction-of-the-plastic-hanger-manufacturing-process\"><strong>Introducci\u00f3n al proceso de fabricaci\u00f3n de perchas de pl\u00e1stico.<\/strong><\/h2>    <p class=\"translation-block\">Todo el proceso de producci\u00f3n: primero se recubre el alambre, luego se utiliza la <a href=\"https:\/\/hangermachines.com\/es\/product\/coat-hanger-machine\/\" target=\"_blank\" rel=\"noreferrer noopener\">m\u00e1quina recubridora de ganchos<\/a> para producir los ganchos recubiertos. <\/p>   <div class=\"wp-block-image\"> <figure class=\"aligncenter size-full\"><img loading=\"lazy\" decoding=\"async\" width=\"720\" height=\"540\" src=\"https:\/\/hangermachines.com\/wp-content\/uploads\/2022\/08\/plastic-coated-hanger-production-line.webp\" alt=\"L\u00ednea de producci\u00f3n de perchas recubiertas de pl\u00e1stico.\" class=\"wp-image-67\" srcset=\"https:\/\/hangermachines.com\/wp-content\/uploads\/2022\/08\/plastic-coated-hanger-production-line.webp 720w, https:\/\/hangermachines.com\/wp-content\/uploads\/2022\/08\/plastic-coated-hanger-production-line-300x225.webp 300w\" sizes=\"auto, (max-width: 720px) 100vw, 720px\" \/><figcaption class=\"wp-element-caption\">L\u00ednea de producci\u00f3n de perchas recubiertas de pl\u00e1stico.<\/figcaption><\/figure> <\/div>   <h3 class=\"wp-block-heading\" id=\"h-steps-of-the-coated-hanger-production-line\"><strong>Pasos de la l\u00ednea de producci\u00f3n de perchas revestidas.<\/strong><\/h3>    <p class=\"translation-block\"><strong>Paso 1: M\u00e1quina de laminado<\/strong><\/p>    <p>Coloque el cable en la m\u00e1quina y siga un camino determinado hasta la entrada de la m\u00e1quina principal de la siguiente m\u00e1quina encoladora.<\/p>   <div class=\"wp-block-image\"> <figure class=\"aligncenter size-full\"><img loading=\"lazy\" decoding=\"async\" width=\"720\" height=\"540\" src=\"https:\/\/hangermachines.com\/wp-content\/uploads\/2022\/08\/rolling-machine.webp\" alt=\"maquina de laminaci\u00f3n\" class=\"wp-image-69\" srcset=\"https:\/\/hangermachines.com\/wp-content\/uploads\/2022\/08\/rolling-machine.webp 720w, https:\/\/hangermachines.com\/wp-content\/uploads\/2022\/08\/rolling-machine-300x225.webp 300w\" sizes=\"auto, (max-width: 720px) 100vw, 720px\" \/><figcaption class=\"wp-element-caption\">maquina de laminaci\u00f3n<\/figcaption><\/figure> <\/div>   <p class=\"translation-block\"><strong>Paso 2: Extrusora de pl\u00e1stico<\/strong><\/p>    <p>Este paso es principalmente para llevar a cabo el recubrimiento del alambre, PVC, PE, PP, PA y otros materiales pl\u00e1sticos opcionales.<\/p>   <div class=\"wp-block-image\"> <figure class=\"aligncenter size-full\"><img loading=\"lazy\" decoding=\"async\" width=\"720\" height=\"540\" src=\"https:\/\/hangermachines.com\/wp-content\/uploads\/2022\/08\/plastic-extruder.webp\" alt=\"extrusora de plastico\" class=\"wp-image-70\" srcset=\"https:\/\/hangermachines.com\/wp-content\/uploads\/2022\/08\/plastic-extruder.webp 720w, https:\/\/hangermachines.com\/wp-content\/uploads\/2022\/08\/plastic-extruder-300x225.webp 300w\" sizes=\"auto, (max-width: 720px) 100vw, 720px\" \/><figcaption class=\"wp-element-caption\">extrusora de plastico<\/figcaption><\/figure> <\/div>   <p class=\"translation-block\"><strong>Paso 3: Tanque de enfriamiento y almacenamiento de alambre <\/strong> <\/p>    <p>El alambre recubierto se enfr\u00eda para que el pl\u00e1stico sea m\u00e1s c\u00f3modo y duradero. Despu\u00e9s de esto, utilice la m\u00e1quina de almacenamiento de alambre para almacenar el alambre recubierto. <\/p>   <div class=\"wp-block-image\"> <figure class=\"aligncenter size-full\"><img loading=\"lazy\" decoding=\"async\" width=\"720\" height=\"540\" src=\"https:\/\/hangermachines.com\/wp-content\/uploads\/2022\/08\/cooling-tank.webp\" alt=\"tanque de enfriamiento\" class=\"wp-image-71\" srcset=\"https:\/\/hangermachines.com\/wp-content\/uploads\/2022\/08\/cooling-tank.webp 720w, https:\/\/hangermachines.com\/wp-content\/uploads\/2022\/08\/cooling-tank-300x225.webp 300w\" sizes=\"auto, (max-width: 720px) 100vw, 720px\" \/><figcaption class=\"wp-element-caption\">tanque de enfriamiento<\/figcaption><\/figure> <\/div>   <p class=\"translation-block\"><strong>Paso 4: M\u00e1quina para fabricar ganchos de pl\u00e1stico<\/strong><\/p>    <p>Utilice la m\u00e1quina para perchas Shuliy para fabricar la percha revestida y se pueden fabricar varias formas de percha seg\u00fan los requisitos del cliente.<\/p>   <div class=\"wp-block-image\"> <figure class=\"aligncenter size-full\"><img loading=\"lazy\" decoding=\"async\" width=\"720\" height=\"540\" src=\"https:\/\/hangermachines.com\/wp-content\/uploads\/2022\/08\/plastic-coat-hanger-machine.webp\" alt=\"m\u00e1quina de perchas de pl\u00e1stico\" class=\"wp-image-73\" srcset=\"https:\/\/hangermachines.com\/wp-content\/uploads\/2022\/08\/plastic-coat-hanger-machine.webp 720w, https:\/\/hangermachines.com\/wp-content\/uploads\/2022\/08\/plastic-coat-hanger-machine-300x225.webp 300w\" sizes=\"auto, (max-width: 720px) 100vw, 720px\" \/><figcaption class=\"wp-element-caption\">m\u00e1quina de perchas de pl\u00e1stico<\/figcaption><\/figure> <\/div>   <h3 class=\"wp-block-heading\" id=\"h-machine-list-in-the-coated-hanger-production-line\"><strong>Lista de m\u00e1quinas en la l\u00ednea de producci\u00f3n de perchas revestidas.<\/strong><\/h3>    <figure class=\"wp-block-table\"><table><tbody><tr><td>Art\u00edculo<\/td><td>Modelo<\/td><td>Cantidad<\/td><td>Par\u00e1metro<\/td><\/tr><tr><td>Maquina de laminaci\u00f3n<\/td><td>\/<\/td><td>1 juego<\/td><td>Contiene dos carretes de alambre. <br>Motor: 2,2 kW <br>motor inversor<\/td><\/tr><tr><td>extrusora de plastico<\/td><td>\/<\/td><td>1 juego<\/td><td>Di\u00e1metro del tornillo: 65 mm <br>Motor: 7,5 kW<br>motor inversor<\/td><\/tr><tr><td>Tanque de agua de refrigeraci\u00f3n<\/td><td>\/<\/td><td>3 metros (largo) <\/td><td>Material: Acero inoxidable&nbsp;<br>Bomba de agua: 1 juego<\/td><\/tr><tr><td>M\u00e1quina de almacenamiento de alambre<\/td><td>\/<\/td><td>1 juego<\/td><td> Di\u00e1metro: 550 mm<\/td><\/tr><tr><td>M\u00e1quina para fabricar perchas de pl\u00e1stico<strong>&nbsp;<\/strong>&nbsp;<\/td><td>SLPT-400<\/td><td>1 juego<\/td><td>Potencia: 1,5 kw<br>Capacidad: 35-45 unidades\/minuto<br>Peso: 700 kg<br>Dimensi\u00f3n: 1800*800*1650mm&nbsp;<\/td><\/tr><\/tbody><\/table><\/figure>    <p>Toda la l\u00ednea de producci\u00f3n de perchas de pl\u00e1stico recubiertas puede producir perchas revestidas con caracter\u00edsticas de alta eficiencia y larga vida \u00fatil. Si est\u00e1 interesado en este proceso de fabricaci\u00f3n de perchas de pl\u00e1stico, bienvenido a contactarnos en cualquier momento. \u00a1Y te responderemos lo antes posible!<\/p>    <h2 class=\"wp-block-heading\" id=\"h-spotlights-of-the-fully-automatic-coated-plastic-hanger-production-line\"><strong>Focos de la l\u00ednea de producci\u00f3n de perchas de pl\u00e1stico revestidas totalmente autom\u00e1tica<\/strong><\/h2>    <ol class=\"wp-block-list\"> <li>Diversos materiales de revestimiento. La capa exterior se puede envolver con diferentes pl\u00e1sticos como PVC, PE, PP, PA, etc.<\/li>    <li>Alta eficiencia. La m\u00e1quina para perchas de pl\u00e1stico puede producir entre 35 y 45 perchas por minuto.<\/li>    <li>Servicio personalizado. Podemos personalizar la m\u00e1quina formadora de perchas de acuerdo con la forma de percha requerida por los clientes.<\/li>    <li>Las perchas producidas tienen revestimientos densos, espesor uniforme de la capa de pl\u00e1stico, tama\u00f1o estable y apariencia limpia.<\/li>    <li>Totalmente autom\u00e1tica, ahorra mano de obra y tiempo, por lo que la l\u00ednea de producci\u00f3n de perchas revestidas es una buena opci\u00f3n de inversi\u00f3n.<\/li> <\/ol>    <h2 class=\"wp-block-heading\" id=\"h-why-use-the-coated-hangers\"><strong>\u00bfPor qu\u00e9 utilizar perchas revestidas?<\/strong><\/h2>    <p>En comparaci\u00f3n con otros tipos de perchas, estas perchas duran m\u00e1s y son amigables con la ropa. Y debido a la presencia de revestimientos, el colgador no se da\u00f1ar\u00e1 si se cae accidentalmente al suelo. As\u00ed que tambi\u00e9n hay cierta protecci\u00f3n para las perchas. <\/p>    <p>Y para el clima lluvioso, las perchas con revestimiento de pl\u00e1stico PVC son m\u00e1s populares. Por tanto, todav\u00eda existe un mercado potencial para las perchas revestidas. Si est\u00e1 interesado en invertir en la l\u00ednea de producci\u00f3n de perchas recubiertas, \u00a1p\u00f3ngase en contacto con nosotros para obtener m\u00e1s detalles!<\/p>   <div class=\"wp-block-image\"> <figure class=\"aligncenter size-full\"><img loading=\"lazy\" decoding=\"async\" width=\"720\" height=\"540\" src=\"https:\/\/hangermachines.com\/wp-content\/uploads\/2022\/08\/coated-hangers.webp\" alt=\"perchas revestidas\" class=\"wp-image-78\" srcset=\"https:\/\/hangermachines.com\/wp-content\/uploads\/2022\/08\/coated-hangers.webp 720w, https:\/\/hangermachines.com\/wp-content\/uploads\/2022\/08\/coated-hangers-300x225.webp 300w\" sizes=\"auto, (max-width: 720px) 100vw, 720px\" \/><figcaption class=\"wp-element-caption\">perchas revestidas<\/figcaption><\/figure> <\/div>   <h2 class=\"wp-block-heading\" id=\"h-what-benefits-can-you-get-after-using-the-plastic-hanger-making-machine\"><strong>\u00bfQu\u00e9 beneficios puede obtener despu\u00e9s de usar la m\u00e1quina para fabricar perchas de pl\u00e1stico? <\/strong><\/h2>    <ul class=\"wp-block-list\"> <li><strong>Perchas de pl\u00e1stico de alta calidad.<\/strong>. Debido a que nuestra l\u00ednea de producci\u00f3n de perchas recubiertas es una producci\u00f3n de perchas de alta calidad, usted puede obtener perchas de buena calidad comprando y utilizando nuestra l\u00ednea de producci\u00f3n.<\/li>    <li><strong>Mejora la reputaci\u00f3n de tu empresa<\/strong>. Hoy en d\u00eda, la competencia en el mercado es muy feroz y las excelentes perchas que produce pueden ayudarle a ganarse los elogios de sus clientes. Por lo tanto, ayuda a mejorar la reputaci\u00f3n de su empresa y forma una buena imagen de la empresa ante el mundo exterior.<\/li>    <li><strong>Duplica tu beneficio<\/strong>. Con la suma de los dos puntos anteriores, tus ventas definitivamente estar\u00e1n por delante del mismo tipo de empresas. Entonces, naturalmente, sus ganancias tambi\u00e9n aumentar\u00e1n considerablemente.<\/li> <\/ul>   <div class=\"wp-block-image\"> <figure class=\"aligncenter size-full\"><img loading=\"lazy\" decoding=\"async\" width=\"1024\" height=\"768\" src=\"https:\/\/hangermachines.com\/wp-content\/uploads\/2022\/08\/hanger-making-machine-manufacturer.webp\" alt=\"fabricante de m\u00e1quinas para fabricar perchas\" class=\"wp-image-44\" srcset=\"https:\/\/hangermachines.com\/wp-content\/uploads\/2022\/08\/hanger-making-machine-manufacturer.webp 1024w, https:\/\/hangermachines.com\/wp-content\/uploads\/2022\/08\/hanger-making-machine-manufacturer-300x225.webp 300w, https:\/\/hangermachines.com\/wp-content\/uploads\/2022\/08\/hanger-making-machine-manufacturer-768x576.webp 768w\" sizes=\"auto, (max-width: 1024px) 100vw, 1024px\" \/><figcaption class=\"wp-element-caption\">fabricante de m\u00e1quinas para fabricar perchas<\/figcaption><\/figure> <\/div>   <h2 class=\"wp-block-heading\" id=\"h-services-provided-by-shuliy-machinery\"><strong>Servicios de la compa\u00f1\u00eda por Shuliy Machinery<\/strong><\/h2>    <ul class=\"wp-block-list\"> <li><strong>Servicio de equipo profesional<\/strong>. Todo nuestro personal de ventas recibe una formaci\u00f3n estricta antes de poder ser contratado. Por lo tanto, todos tienen un conocimiento muy completo de la l\u00ednea de producci\u00f3n de perchas recubiertas y pueden brindarle la soluci\u00f3n \u00f3ptima de acuerdo con sus requisitos.<\/li>    <li><strong>Servicio de orientaci\u00f3n en l\u00ednea<\/strong>. Despu\u00e9s de la venta de la m\u00e1quina, si necesita realizar un servicio de orientaci\u00f3n en l\u00ednea, podemos reunirnos con usted.<\/li>    <li><strong>Instrucciones de funcionamiento de la m\u00e1quina<\/strong>. Antes de enviar la m\u00e1quina, guardaremos el manual de instrucciones junto con la m\u00e1quina, lo que puede ayudarle a utilizarla mejor.<\/li>    <li><strong>Servicio de preventa, venta y posventa.<\/strong>. Despu\u00e9s de solicitar la m\u00e1quina, le brindaremos un servicio de ventas completo de acuerdo con sus necesidades.<\/li>    <li><strong>Servicio de personalizaci\u00f3n<\/strong>. Shuliy Machinery puede personalizar la m\u00e1quina para fabricar perchas de alambre de acuerdo con la forma de la percha que desea producir.<\/li> <\/ul>   <div class=\"wp-block-image\"> <figure class=\"aligncenter size-full\"><img loading=\"lazy\" decoding=\"async\" width=\"720\" height=\"540\" src=\"https:\/\/hangermachines.com\/wp-content\/uploads\/2022\/08\/good-customer-relationship.webp\" alt=\"buena relacion con el cliente\" class=\"wp-image-77\" srcset=\"https:\/\/hangermachines.com\/wp-content\/uploads\/2022\/08\/good-customer-relationship.webp 720w, https:\/\/hangermachines.com\/wp-content\/uploads\/2022\/08\/good-customer-relationship-300x225.webp 300w\" sizes=\"auto, (max-width: 720px) 100vw, 720px\" \/><figcaption class=\"wp-element-caption\">buena relaci\u00f3n con el cliente<\/figcaption><\/figure> <\/div>   <h2 class=\"wp-block-heading\" id=\"h-maintenance-of-the-plastic-hanger-making-machine\"><strong>Mantenimiento de la m\u00e1quina para fabricar perchas de pl\u00e1stico.<\/strong><\/h2>    <ol class=\"wp-block-list\"> <li>Corte la fuente de alimentaci\u00f3n cuando la m\u00e1quina no est\u00e9 funcionando. Y proh\u00edbe encenderlo durante mucho tiempo y no usarlo.<\/li>    <li>Reposte combustible 2 veces por turno, agr\u00e9guelo a varios ojos de aceite y podr\u00e1 iniciarlo para probarlo.<\/li>    <li>Regularmente (2 meses) controle la cantidad de aceite en la caja reductora. Cuando la cantidad de aceite no sea suficiente, agregue suficiente aceite para engranajes.<\/li>    <li>Mantenga la m\u00e1quina limpia, seca y ventilada.<\/li>    <li>Repostar peri\u00f3dicamente la parte de la transmisi\u00f3n (engranaje del mecanismo de movimiento, etc.).<\/li> <\/ol>    <h2 class=\"wp-block-heading\" id=\"h-successful-case-the-automatic-powder-coated-hanger-production-line-for-sale-to-australia\"><strong>Caso de \u00e9xito: la l\u00ednea de producci\u00f3n autom\u00e1tica de perchas con recubrimiento en polvo para la venta en Australia<\/strong><\/h2>    <p>Este cliente australiano buscaba espec\u00edficamente la producci\u00f3n de perchas revestidas de pl\u00e1stico. Debido a las caracter\u00edsticas clim\u00e1ticas de Australia, resulta m\u00e1s econ\u00f3mico utilizar perchas recubiertas de pl\u00e1stico. <\/p>    <p>Por eso, despu\u00e9s de ver nuestras m\u00e1quinas en el sitio web, el cliente australiano se puso en contacto con nosotros y nos pregunt\u00f3 sobre la l\u00ednea de producci\u00f3n de perchas recubiertas de pl\u00e1stico. Nuestro director de ventas present\u00f3 la m\u00e1quina con paciencia y cuidado. <\/p>    <p>Despu\u00e9s de entender la m\u00e1quina, el cliente australiano qued\u00f3 muy satisfecho y firm\u00f3 el pedido inmediatamente. Una vez finalizada la producci\u00f3n, el cliente tambi\u00e9n solicit\u00f3 una prueba de funcionamiento de la m\u00e1quina. Tambi\u00e9n se mostr\u00f3 muy satisfecho con el resultado de la m\u00e1quina de prueba. Luego organizamos la entrega.<\/p>    <figure class=\"wp-block-gallery aligncenter has-nested-images columns-default is-cropped wp-block-gallery-2 is-layout-flex wp-block-gallery-is-layout-flex\"> <figure class=\"wp-block-image size-large\"><img loading=\"lazy\" decoding=\"async\" width=\"720\" height=\"540\" data-id=\"75\" src=\"https:\/\/hangermachines.com\/wp-content\/uploads\/2022\/08\/coat-hanger-machine.webp\" alt=\"m\u00e1quina de perchas\" class=\"wp-image-75\" srcset=\"https:\/\/hangermachines.com\/wp-content\/uploads\/2022\/08\/coat-hanger-machine.webp 720w, https:\/\/hangermachines.com\/wp-content\/uploads\/2022\/08\/coat-hanger-machine-300x225.webp 300w\" sizes=\"auto, (max-width: 720px) 100vw, 720px\" \/><figcaption class=\"wp-element-caption\">m\u00e1quina de perchas<\/figcaption><\/figure>    <figure class=\"wp-block-image size-large\"><img loading=\"lazy\" decoding=\"async\" width=\"720\" height=\"540\" data-id=\"76\" src=\"https:\/\/hangermachines.com\/wp-content\/uploads\/2022\/08\/loading-and-delivery.webp\" alt=\"carga y entrega\" class=\"wp-image-76\" srcset=\"https:\/\/hangermachines.com\/wp-content\/uploads\/2022\/08\/loading-and-delivery.webp 720w, https:\/\/hangermachines.com\/wp-content\/uploads\/2022\/08\/loading-and-delivery-300x225.webp 300w\" sizes=\"auto, (max-width: 720px) 100vw, 720px\" \/><figcaption class=\"wp-element-caption\">carga y entrega<\/figcaption><\/figure> <\/figure>    <h2 class=\"wp-block-heading\"><strong>V\u00eddeo del proceso de trabajo de la l\u00ednea de producci\u00f3n de perchas revestidas.<\/strong><\/h2>    <figure class=\"wp-block-embed is-type-video is-provider-youtube wp-block-embed-youtube wp-embed-aspect-16-9 wp-has-aspect-ratio\"><div class=\"wp-block-embed__wrapper\"> <iframe loading=\"lazy\" title=\"L\u00ednea de producci\u00f3n de perchas revestidas | \u00bfC\u00f3mo producir perchas recubiertas de PVC? #hanger\" width=\"500\" height=\"281\" src=\"https:\/\/www.youtube.com\/embed\/oVanIpWidjg?feature=oembed\" frameborder=\"0\" allow=\"accelerometer; autoplay; clipboard-write; encrypted-media; gyroscope; picture-in-picture; web-share\" referrerpolicy=\"strict-origin-when-cross-origin\" allowfullscreen><\/iframe> <\/div><\/figure>    <h2 class=\"wp-block-heading\" id=\"h-related-hanger-production-line\"><strong>L\u00ednea de producci\u00f3n de perchas relacionadas<\/strong><\/h2>    <p class=\"translation-block\">Esta <a href=\"https:\/\/hangermachines.com\/es\/product\/hanger-production-line\/\" target=\"_blank\" rel=\"noreferrer noopener\">l\u00ednea de producci\u00f3n de ganchos para ropa<\/a> tambi\u00e9n puede producir ganchos excelentes para secar la ropa. Si quieres saber m\u00e1s detalles, revisa este art\u00edculo y \u00a1cont\u00e1ctanos!<\/p>    <figure class=\"wp-block-embed is-type-wp-embed is-provider-hanger-machines wp-block-embed-hanger-machines\"><div class=\"wp-block-embed__wrapper\"> <blockquote class=\"wp-embedded-content\" data-secret=\"NYJbghS8SJ\"><a href=\"https:\/\/hangermachines.com\/es\/product\/hanger-production-line\/\">L\u00ednea de producci\u00f3n de perchas | M\u00e1quina para fabricar perchas<\/a><\/blockquote><iframe loading=\"lazy\" class=\"wp-embedded-content\" sandbox=\"allow-scripts\" security=\"restricted\" style=\"position: absolute; clip: rect(1px, 1px, 1px, 1px);\" title=\"\u201cL\u00ednea de producci\u00f3n de perchas | M\u00e1quina para fabricar perchas de ropa\u201d \u2014 M\u00e1quinas para perchas\" src=\"https:\/\/hangermachines.com\/product\/hanger-production-line\/embed\/#?secret=VN3nnsBqXG#?secret=NYJbghS8SJ\" data-secret=\"NYJbghS8SJ\" width=\"500\" height=\"282\" frameborder=\"0\" marginwidth=\"0\" marginheight=\"0\" scrolling=\"no\"><\/iframe> <\/div><\/figure>","protected":false},"excerpt":{"rendered":"<p>The coated hanger production line takes the wire wrapped with the coat first, and then a plastic hanger machine is used for the hanger production. Usually, it is coated with PVC, PE, PP, PA, and other plastic-type coatings. The hanger produced in this way has a longer service life because it is isolated from moisture [&hellip;]<\/p>\n","protected":false},"author":1,"featured_media":61,"parent":0,"template":"","tags":[15,12,11,9,17,18,16,19],"product-type":[5],"class_list":["post-59","product","type-product","status-publish","has-post-thumbnail","hentry","tag-coat-hanger-machine","tag-hanger-machine","tag-hanger-making-machine","tag-hanger-production-line","tag-plastic-hanger-making-machine","tag-plastic-hanger-making-machine-price","tag-plastic-hanger-manufacturing-process","tag-pvc-coated-hanger-making-machine","product-type-production-line"],"_links":{"self":[{"href":"https:\/\/hangermachines.com\/es\/wp-json\/wp\/v2\/product\/59","targetHints":{"allow":["GET"]}}],"collection":[{"href":"https:\/\/hangermachines.com\/es\/wp-json\/wp\/v2\/product"}],"about":[{"href":"https:\/\/hangermachines.com\/es\/wp-json\/wp\/v2\/types\/product"}],"author":[{"embeddable":true,"href":"https:\/\/hangermachines.com\/es\/wp-json\/wp\/v2\/users\/1"}],"wp:featuredmedia":[{"embeddable":true,"href":"https:\/\/hangermachines.com\/es\/wp-json\/wp\/v2\/media\/61"}],"wp:attachment":[{"href":"https:\/\/hangermachines.com\/es\/wp-json\/wp\/v2\/media?parent=59"}],"wp:term":[{"taxonomy":"post_tag","embeddable":true,"href":"https:\/\/hangermachines.com\/es\/wp-json\/wp\/v2\/tags?post=59"},{"taxonomy":"product-type","embeddable":true,"href":"https:\/\/hangermachines.com\/es\/wp-json\/wp\/v2\/product-type?post=59"}],"curies":[{"name":"wp","href":"https:\/\/api.w.org\/{rel}","templated":true}]}}