{"id":81,"date":"2022-08-19T03:04:44","date_gmt":"2022-08-19T03:04:44","guid":{"rendered":"https:\/\/hangermachines.com\/?post_type=product&#038;p=81"},"modified":"2024-08-27T10:15:10","modified_gmt":"2024-08-27T02:15:10","slug":"hanger-making-machine","status":"publish","type":"product","link":"https:\/\/hangermachines.com\/es\/product\/hanger-making-machine\/","title":{"rendered":"M\u00e1quina para fabricar perchas para perchas recubiertas de alambre y pl\u00e1stico"},"content":{"rendered":"<p>La m\u00e1quina para fabricar perchas es principalmente una m\u00e1quina para la producci\u00f3n de perchas con alambre galvanizado y recubierto de pl\u00e1stico. Si participa en esta industria de perchas, la m\u00e1quina percha Shuliy es una pieza de maquinaria y equipo indispensable para muchos inversores.<\/p>    <figure class=\"wp-block-gallery aligncenter has-nested-images columns-default is-cropped wp-block-gallery-2 is-layout-flex wp-block-gallery-is-layout-flex\"> <figure class=\"wp-block-image size-large\"><img loading=\"lazy\" decoding=\"async\" width=\"720\" height=\"540\" data-id=\"407\" src=\"https:\/\/hangermachines.com\/wp-content\/uploads\/2023\/03\/wires.webp\" alt=\"alambres\" class=\"wp-image-407\" srcset=\"https:\/\/hangermachines.com\/wp-content\/uploads\/2023\/03\/wires.webp 720w, https:\/\/hangermachines.com\/wp-content\/uploads\/2023\/03\/wires-300x225.webp 300w\" sizes=\"auto, (max-width: 720px) 100vw, 720px\" \/><figcaption class=\"wp-element-caption\">alambres<\/figcaption><\/figure>    <figure class=\"wp-block-image size-full\"><img loading=\"lazy\" decoding=\"async\" width=\"720\" height=\"540\" data-id=\"410\" src=\"https:\/\/hangermachines.com\/wp-content\/uploads\/2023\/03\/wire-hangers.webp\" alt=\"perchas de alambre\" class=\"wp-image-410\" srcset=\"https:\/\/hangermachines.com\/wp-content\/uploads\/2023\/03\/wire-hangers.webp 720w, https:\/\/hangermachines.com\/wp-content\/uploads\/2023\/03\/wire-hangers-300x225.webp 300w\" sizes=\"auto, (max-width: 720px) 100vw, 720px\" \/><figcaption class=\"wp-element-caption\">perchas de alambre<\/figcaption><\/figure>    <figure class=\"wp-block-image size-full\"><img loading=\"lazy\" decoding=\"async\" width=\"720\" height=\"540\" data-id=\"408\" src=\"https:\/\/hangermachines.com\/wp-content\/uploads\/2023\/03\/clothes-hangers.webp\" alt=\"perchas de ropa\" class=\"wp-image-408\" srcset=\"https:\/\/hangermachines.com\/wp-content\/uploads\/2023\/03\/clothes-hangers.webp 720w, https:\/\/hangermachines.com\/wp-content\/uploads\/2023\/03\/clothes-hangers-300x225.webp 300w\" sizes=\"auto, (max-width: 720px) 100vw, 720px\" \/><figcaption class=\"wp-element-caption\">perchas de ropa<\/figcaption><\/figure> <\/figure>    <p class=\"translation-block\">Adem\u00e1s, esta m\u00e1quina autom\u00e1tica para perchas puede producir entre 35 y 45 perchas por minuto. Debido a su alta eficiencia, esta m\u00e1quina es adecuada para la producci\u00f3n masiva de perchas y beneficiosa para un nuevo negocio. La <a href=\"https:\/\/hangermachines.com\/es\/product\/hanger-production-line\/\" target=\"_blank\" rel=\"noreferrer noopener\">l\u00ednea de producci\u00f3n de perchas<\/a> tambi\u00e9n est\u00e1 disponible.<\/p>    <p class=\"translation-block\">Adem\u00e1s, nuestra m\u00e1quina para perchas es muy popular en el pa\u00eds y en el extranjero, como en <strong>Australia, Argentina, Pakist\u00e1n, Indonesia<\/strong>, <strong>Marruecos<\/strong>, <strong>Arabia Saudita<\/strong>, <strong>M\u00e9xico<\/strong>, etc.<\/p>    <figure class=\"wp-block-gallery aligncenter has-nested-images columns-default is-cropped wp-block-gallery-3 is-layout-flex wp-block-gallery-is-layout-flex\"> <figure class=\"wp-block-image size-large\"><img loading=\"lazy\" decoding=\"async\" width=\"450\" height=\"720\" data-id=\"412\" src=\"https:\/\/hangermachines.com\/wp-content\/uploads\/2023\/03\/customer-visited-hanger-machine-factory.webp\" alt=\"El cliente visit\u00f3 la f\u00e1brica de m\u00e1quinas para colgar.\" class=\"wp-image-412\" srcset=\"https:\/\/hangermachines.com\/wp-content\/uploads\/2023\/03\/customer-visited-hanger-machine-factory.webp 450w, https:\/\/hangermachines.com\/wp-content\/uploads\/2023\/03\/customer-visited-hanger-machine-factory-188x300.webp 188w\" sizes=\"auto, (max-width: 450px) 100vw, 450px\" \/><figcaption class=\"wp-element-caption\">El cliente visit\u00f3 la f\u00e1brica de m\u00e1quinas para colgar.<\/figcaption><\/figure>    <figure class=\"wp-block-image size-large\"><img loading=\"lazy\" decoding=\"async\" width=\"704\" height=\"1126\" data-id=\"411\" src=\"https:\/\/hangermachines.com\/wp-content\/uploads\/2023\/03\/feedback-from-Mexican-client.webp\" alt=\"comentarios de un cliente mexicano\" class=\"wp-image-411\" srcset=\"https:\/\/hangermachines.com\/wp-content\/uploads\/2023\/03\/feedback-from-Mexican-client.webp 704w, https:\/\/hangermachines.com\/wp-content\/uploads\/2023\/03\/feedback-from-Mexican-client-188x300.webp 188w, https:\/\/hangermachines.com\/wp-content\/uploads\/2023\/03\/feedback-from-Mexican-client-640x1024.webp 640w\" sizes=\"auto, (max-width: 704px) 100vw, 704px\" \/><figcaption class=\"wp-element-caption\">comentarios de un cliente mexicano<\/figcaption><\/figure> <\/figure>    <p class=\"translation-block\">Si est\u00e1 planeando o le interesa invertir en esta industria, <a href=\"https:\/\/hangermachines.com\/es\/contact\/\" target=\"_blank\" rel=\"noreferrer noopener\">cont\u00e1ctenos<\/a> para obtener m\u00e1s informaci\u00f3n o visite nuestra f\u00e1brica directamente.<\/p>    <h2 class=\"wp-block-heading\" id=\"h-automatic-clothes-hanger-making-machine-for-sale\"><strong>Se vende m\u00e1quina autom\u00e1tica para fabricar perchas<\/strong><\/h2>    <p class=\"translation-block\">Shuliy Machinery es un fabricante y proveedor especializado en la <a href=\"https:\/\/hangermachines.com\/es\/product\/wire-hanger-making-machine\/\" target=\"_blank\" rel=\"noreferrer noopener\">m\u00e1quina para hacer perchas de alambre<\/a> y la m\u00e1quina para hacer perchas recubiertas de PVC. De hecho, dos tipos de m\u00e1quinas pueden satisfacer las demandas de los empresarios de producci\u00f3n de perchas.<\/p>    <div class=\"wp-block-columns is-layout-flex wp-container-core-columns-is-layout-9d6595d7 wp-block-columns-is-layout-flex\"> <div class=\"wp-block-column is-layout-flow wp-block-column-is-layout-flow\"><div class=\"wp-block-image\"> <figure class=\"aligncenter size-full\"><img loading=\"lazy\" decoding=\"async\" width=\"720\" height=\"540\" src=\"https:\/\/hangermachines.com\/wp-content\/uploads\/2023\/01\/common-clothes-hanger-machine-for-wire.webp\" alt=\"M\u00e1quina com\u00fan para colgar ropa para alambre.\" class=\"wp-image-380\" srcset=\"https:\/\/hangermachines.com\/wp-content\/uploads\/2023\/01\/common-clothes-hanger-machine-for-wire.webp 720w, https:\/\/hangermachines.com\/wp-content\/uploads\/2023\/01\/common-clothes-hanger-machine-for-wire-300x225.webp 300w\" sizes=\"auto, (max-width: 720px) 100vw, 720px\" \/><figcaption class=\"wp-element-caption\">M\u00e1quina com\u00fan para colgar ropa para alambre.<\/figcaption><\/figure> <\/div><\/div>    <div class=\"wp-block-column is-vertically-aligned-center is-layout-flow wp-block-column-is-layout-flow\"> <p>M\u00e1quina para fabricar perchas de alambre<\/p>    <ul class=\"wp-block-list\"> <li>S\u00f3lo apto para alambres y alambres galvanizados.<\/li>    <li>Combina con la m\u00e1quina pulverizadora y la m\u00e1quina horno.<\/li>    <li>Diferentes moldes para perchas de distintas formas.<\/li>    <li>Tanto para ni\u00f1os como para adultos. <a href=\"https:\/\/en.wikipedia.org\/wiki\/Clothes_hanger\" target=\"_blank\" rel=\"noreferrer noopener\">perchas<\/a><\/li> <\/ul> <\/div> <\/div>    <div class=\"wp-block-columns is-layout-flex wp-container-core-columns-is-layout-9d6595d7 wp-block-columns-is-layout-flex\"> <div class=\"wp-block-column is-layout-flow wp-block-column-is-layout-flow\"> <figure class=\"wp-block-image size-full\"><img loading=\"lazy\" decoding=\"async\" width=\"720\" height=\"540\" src=\"https:\/\/hangermachines.com\/wp-content\/uploads\/2023\/01\/PLC-hanger-machine-for-wire-costed-wire.webp\" alt=\"M\u00e1quina colgante PLC para alambre y alambre recubierto\" class=\"wp-image-381\" srcset=\"https:\/\/hangermachines.com\/wp-content\/uploads\/2023\/01\/PLC-hanger-machine-for-wire-costed-wire.webp 720w, https:\/\/hangermachines.com\/wp-content\/uploads\/2023\/01\/PLC-hanger-machine-for-wire-costed-wire-300x225.webp 300w\" sizes=\"auto, (max-width: 720px) 100vw, 720px\" \/><figcaption class=\"wp-element-caption\">M\u00e1quina colgante PLC para alambre y alambre recubierto<\/figcaption><\/figure> <\/div>    <div class=\"wp-block-column is-vertically-aligned-center is-layout-flow wp-block-column-is-layout-flow\"> <p>M\u00e1quina para fabricar perchas recubiertas de PVC<\/p>    <ul class=\"wp-block-list\"> <li>Adecuado tanto para alambres galvanizados como recubiertos de pl\u00e1stico.<\/li>    <li>Gran aplicabilidad y gran rendimiento<\/li>    <li>Moldes a juego para perchas<\/li>    <li>Tanto para perchas para ni\u00f1os como para adultos.<\/li> <\/ul> <\/div> <\/div>    <h2 class=\"wp-block-heading\" id=\"h-what-kind-of-hangers-can-be-produced\"><strong>Formas de perchas producidas por la m\u00e1quina para fabricar perchas Shuliy<\/strong><\/h2>    <div class=\"wp-block-columns is-layout-flex wp-container-core-columns-is-layout-9d6595d7 wp-block-columns-is-layout-flex\"> <div class=\"wp-block-column is-layout-flow wp-block-column-is-layout-flow\"><div class=\"wp-block-image\"> <figure class=\"aligncenter size-full\"><img loading=\"lazy\" decoding=\"async\" width=\"720\" height=\"540\" src=\"https:\/\/hangermachines.com\/wp-content\/uploads\/2022\/09\/hanger-types.webp\" alt=\"tipos de perchas\" class=\"wp-image-242\" srcset=\"https:\/\/hangermachines.com\/wp-content\/uploads\/2022\/09\/hanger-types.webp 720w, https:\/\/hangermachines.com\/wp-content\/uploads\/2022\/09\/hanger-types-300x225.webp 300w\" sizes=\"auto, (max-width: 720px) 100vw, 720px\" \/><figcaption class=\"wp-element-caption\">tipos de perchas<\/figcaption><\/figure> <\/div><\/div>    <div class=\"wp-block-column is-vertically-aligned-center is-layout-flow wp-block-column-is-layout-flow\"> <p>Se pueden producir varios tipos de perchas. <\/p>    <p>Estilo mariposa, tipo com\u00fan, tipo soldadura, tambi\u00e9n tipos personalizados. <\/p>    <p>Independientemente del tipo que desee producir, nuestra m\u00e1quina para fabricar perchas puede satisfacer sus necesidades. <\/p>    <p>Si tiene inter\u00e9s, cont\u00e1ctenos y bienvenido a visitar nuestra f\u00e1brica.<\/p> <\/div> <\/div>    <h2 class=\"wp-block-heading\" id=\"h-composition-of-cloth-hanger-making-machine\"><strong>Composici\u00f3n de la m\u00e1quina para fabricar perchas de tela.<\/strong><\/h2>   <div class=\"wp-block-image\"> <figure class=\"aligncenter size-full\"><img loading=\"lazy\" decoding=\"async\" width=\"720\" height=\"540\" src=\"https:\/\/hangermachines.com\/wp-content\/uploads\/2022\/08\/structure-of-the-cloth-hanger-making-machine.webp\" alt=\"Estructura de la m\u00e1quina para fabricar perchas de tela.\" class=\"wp-image-90\" srcset=\"https:\/\/hangermachines.com\/wp-content\/uploads\/2022\/08\/structure-of-the-cloth-hanger-making-machine.webp 720w, https:\/\/hangermachines.com\/wp-content\/uploads\/2022\/08\/structure-of-the-cloth-hanger-making-machine-300x225.webp 300w\" sizes=\"auto, (max-width: 720px) 100vw, 720px\" \/><figcaption class=\"wp-element-caption\">Estructura de la m\u00e1quina para fabricar perchas de tela.<\/figcaption><\/figure> <\/div>   <figure class=\"wp-block-table\"><table><tbody><tr><td>Nombre de la pieza de la m\u00e1quina<\/td><td>Funci\u00f3n<\/td><\/tr><tr><td>Sistema de transporte<\/td><td>transportar el cable a lo largo de la pista hasta la entrada de formaci\u00f3n<\/td><\/tr><tr><td>sistema de conformado<\/td><td>el cable es operado por la m\u00e1quina para formar la percha<\/td><\/tr><tr><td>Sistema de almacenamiento<\/td><td>las perchas terminadas se almacenan una por una en el marco de soporte<\/td><\/tr><tr><td>Motor<\/td><td>suministrar energ\u00eda para que la m\u00e1quina funcione<\/td><\/tr><tr><td>Material (placa de hoja)<\/td><td>dural y larga vida \u00fatil<\/td><\/tr><\/tbody><\/table><figcaption class=\"wp-element-caption\">Lista de piezas de la m\u00e1quina para la m\u00e1quina para fabricar perchas Shuliy<\/figcaption><\/figure>    <h2 class=\"wp-block-heading\" id=\"h-characteristics-of-the-excellent-hanger-making-machine\"><strong>Caracter\u00edsticas de la excelente m\u00e1quina para fabricar perchas.<\/strong><\/h2>    <ol class=\"wp-block-list\"> <li>Funcionamiento fluido de la m\u00e1quina, alta eficiencia de producci\u00f3n y excelente calidad.<\/li>    <li>Alta eficiencia, 35-45 perchas por minuto.<\/li>    <li>Buen material de la m\u00e1quina (placa), duradero y de larga vida \u00fatil.<\/li>    <li>Adecuado para materia prima de alambres galvanizados\/pl\u00e1sticos\/recubiertos de PVC.<\/li>    <li>Servicio personalizado. Podemos producir productos que satisfagan plenamente sus necesidades.<\/li> <\/ol>   <div class=\"wp-block-image\"> <figure class=\"aligncenter size-full\"><img loading=\"lazy\" decoding=\"async\" width=\"1000\" height=\"540\" src=\"https:\/\/hangermachines.com\/wp-content\/uploads\/2022\/08\/hanger-machine-manufacturers-suppliers.webp\" alt=\"fabricantes y proveedores de m\u00e1quinas para colgar\" class=\"wp-image-423\" srcset=\"https:\/\/hangermachines.com\/wp-content\/uploads\/2022\/08\/hanger-machine-manufacturers-suppliers.webp 1000w, https:\/\/hangermachines.com\/wp-content\/uploads\/2022\/08\/hanger-machine-manufacturers-suppliers-300x162.webp 300w, https:\/\/hangermachines.com\/wp-content\/uploads\/2022\/08\/hanger-machine-manufacturers-suppliers-768x415.webp 768w\" sizes=\"auto, (max-width: 1000px) 100vw, 1000px\" \/><figcaption class=\"wp-element-caption\">fabricantes y proveedores de m\u00e1quinas para colgar<\/figcaption><\/figure> <\/div>   <h2 class=\"wp-block-heading\" id=\"h-how-does-the-automatic-wire-hanger-making-machine-work\"><strong>\u00bfC\u00f3mo funciona la m\u00e1quina autom\u00e1tica para fabricar perchas de alambre?<\/strong><\/h2>    <p>En realidad, el trabajo es muy sencillo. Funciona bajo el control de un panel de control como se puede observar en su estructura. Por lo tanto, todo el funcionamiento de la m\u00e1quina depende de la configuraci\u00f3n del panel de control, que funciona de forma totalmente autom\u00e1tica. <\/p>    <div class=\"wp-block-media-text alignwide is-stacked-on-mobile\"><figure class=\"wp-block-media-text__media\"><img loading=\"lazy\" decoding=\"async\" width=\"720\" height=\"540\" src=\"https:\/\/hangermachines.com\/wp-content\/uploads\/2022\/08\/hanger-hook-machine-machine.webp\" alt=\"m\u00e1quina para fabricar ganchos para colgar\" class=\"wp-image-150 size-full\" srcset=\"https:\/\/hangermachines.com\/wp-content\/uploads\/2022\/08\/hanger-hook-machine-machine.webp 720w, https:\/\/hangermachines.com\/wp-content\/uploads\/2022\/08\/hanger-hook-machine-machine-300x225.webp 300w\" sizes=\"auto, (max-width: 720px) 100vw, 720px\" \/><\/figure><div class=\"wp-block-media-text__content\"> <p>El alambre ingresa desde la posici\u00f3n de transporte a la pieza de formaci\u00f3n, luego la m\u00e1quina funciona autom\u00e1ticamente y se forma y fabrica la percha.<\/p>    <p>Una vez finalizado, llega uno tras otro a la secci\u00f3n de soporte. Todo el proceso es completamente autom\u00e1tico sin mano de obra.<\/p> <\/div><\/div>    <h2 class=\"wp-block-heading\" id=\"h-the-market-prospect-of-the-hanger-industry\"><strong>Las perspectivas de mercado de la industria de las perchas.<\/strong><\/h2>    <p>Las perchas se utilizan principalmente para sostener y secar la ropa. Est\u00e1 estrechamente relacionado con la vida de todos. Adem\u00e1s, la gente no puede vivir sin ropa y, donde hay ropa, se necesitan perchas. Por tanto, las perspectivas de desarrollo de la industria de las perchas son muy amplias. <\/p>    <figure class=\"wp-block-gallery aligncenter has-nested-images columns-default is-cropped wp-block-gallery-4 is-layout-flex wp-block-gallery-is-layout-flex\"> <figure class=\"wp-block-image size-large\"><img loading=\"lazy\" decoding=\"async\" width=\"720\" height=\"540\" data-id=\"329\" src=\"https:\/\/hangermachines.com\/wp-content\/uploads\/2022\/12\/hangers-for-sale.webp\" alt=\"perchas para la venta\" class=\"wp-image-329\" srcset=\"https:\/\/hangermachines.com\/wp-content\/uploads\/2022\/12\/hangers-for-sale.webp 720w, https:\/\/hangermachines.com\/wp-content\/uploads\/2022\/12\/hangers-for-sale-300x225.webp 300w\" sizes=\"auto, (max-width: 720px) 100vw, 720px\" \/><figcaption class=\"wp-element-caption\">perchas para la venta<\/figcaption><\/figure>    <figure class=\"wp-block-image size-large\"><img loading=\"lazy\" decoding=\"async\" width=\"680\" height=\"378\" data-id=\"213\" src=\"https:\/\/hangermachines.com\/wp-content\/uploads\/2022\/08\/galvanized-wire-type-hanger.webp\" alt=\"percha de alambre\" class=\"wp-image-213\" srcset=\"https:\/\/hangermachines.com\/wp-content\/uploads\/2022\/08\/galvanized-wire-type-hanger.webp 680w, https:\/\/hangermachines.com\/wp-content\/uploads\/2022\/08\/galvanized-wire-type-hanger-300x167.webp 300w\" sizes=\"auto, (max-width: 680px) 100vw, 680px\" \/><figcaption class=\"wp-element-caption\">percha de alambre<\/figcaption><\/figure>    <figure class=\"wp-block-image size-large\"><img loading=\"lazy\" decoding=\"async\" width=\"720\" height=\"400\" data-id=\"210\" src=\"https:\/\/hangermachines.com\/wp-content\/uploads\/2022\/08\/PVC-coated-hanger.webp\" alt=\"Percha recubierta de PVC\" class=\"wp-image-210\" srcset=\"https:\/\/hangermachines.com\/wp-content\/uploads\/2022\/08\/PVC-coated-hanger.webp 720w, https:\/\/hangermachines.com\/wp-content\/uploads\/2022\/08\/PVC-coated-hanger-300x167.webp 300w\" sizes=\"auto, (max-width: 720px) 100vw, 720px\" \/><figcaption class=\"wp-element-caption\">Percha recubierta de PVC<\/figcaption><\/figure> <\/figure>    <p>Adem\u00e1s, la ropa de todos se renovar\u00e1 cada a\u00f1o, ya sea para terminar o limpiar, y tambi\u00e9n necesitar\u00e1 perchas. Por tanto, la industria de las perchas seguir\u00e1 avanzando con una amplia perspectiva.<\/p>    <h2 class=\"wp-block-heading\" id=\"h-successful-case-the-wire-hanger-machine-sold-to-pakistan\"><strong>Caso de \u00e9xito: la m\u00e1quina colgadora de alambre vendida a Pakist\u00e1n<\/strong><\/h2>    <p>Un cliente en Pakist\u00e1n quer\u00eda producir perchas de alambre y se puso en contacto con nosotros despu\u00e9s de ver nuestra m\u00e1quina para fabricar perchas. Tras conocer sus necesidades, nuestro responsable comercial le explic\u00f3 las caracter\u00edsticas y ventajas de esta m\u00e1quina.<\/p>    <p>Despu\u00e9s de entenderlo, el cliente paquistan\u00ed encontr\u00f3 la m\u00e1quina muy pr\u00e1ctica y rentable. Entonces firm\u00f3 el contrato de compra despu\u00e9s de confirmar los detalles de las piezas de la m\u00e1quina. <\/p>    <p>Una vez finalizada la producci\u00f3n de la m\u00e1quina, se realiz\u00f3 una prueba y se envi\u00f3 un v\u00eddeo al cliente.<\/p>   <div class=\"wp-block-image\"> <figure class=\"aligncenter size-full\"><img loading=\"lazy\" decoding=\"async\" width=\"720\" height=\"540\" src=\"https:\/\/hangermachines.com\/wp-content\/uploads\/2022\/08\/loading-and-delivery.webp\" alt=\"carga y entrega\" class=\"wp-image-76\" srcset=\"https:\/\/hangermachines.com\/wp-content\/uploads\/2022\/08\/loading-and-delivery.webp 720w, https:\/\/hangermachines.com\/wp-content\/uploads\/2022\/08\/loading-and-delivery-300x225.webp 300w\" sizes=\"auto, (max-width: 720px) 100vw, 720px\" \/><figcaption class=\"wp-element-caption\">carga y entrega<\/figcaption><\/figure> <\/div>   <h2 class=\"wp-block-heading\" id=\"h-technical-parameters-of-the-clothes-hanger-maker\"><strong>Par\u00e1metros t\u00e9cnicos de la percha.<\/strong>r<\/h2>    <figure class=\"wp-block-table\"><table><tbody><tr><td>Modelo<\/td><td>SLPT-400<\/td><\/tr><tr><td>Capacidad<\/td><td>35-45 piezas\/hora<\/td><\/tr><tr><td>Alambre galvanizado<\/td><td>1,8 mm-2,2 mm<\/td><\/tr><tr><td>alambre recubierto de PVC<\/td><td>2,8 mm-3,6 mm<\/td><\/tr><tr><td>Tama\u00f1o de la percha<\/td><td>13\u201d-14\u201d para ni\u00f1os<br>15\u201d-18\u201d para adultos<\/td><\/tr><tr><td>Fuerza<\/td><td>2,2 kw<\/td><\/tr><tr><td>Voltaje<\/td><td>personalizado<\/td><\/tr><tr><td>Peso neto<\/td><td>700 kilos<\/td><\/tr><tr><td>Tama\u00f1o de la m\u00e1quina<\/td><td>1800*800*1650mm<\/td><\/tr><\/tbody><\/table><\/figure>    <h2 class=\"wp-block-heading\"><strong>V\u00eddeo de la m\u00e1quina para fabricar perchas.<\/strong><\/h2>    <figure class=\"wp-block-embed is-type-video is-provider-youtube wp-block-embed-youtube wp-embed-aspect-16-9 wp-has-aspect-ratio\"><div class=\"wp-block-embed__wrapper\"> <iframe loading=\"lazy\" title=\"M\u00e1quina para fabricar perchas | m\u00e1quina para fabricar ganchos para perchas | m\u00e1quina para colgar alambres #hangers\" width=\"500\" height=\"281\" src=\"https:\/\/www.youtube.com\/embed\/o1Q7ccZhZM4?feature=oembed\" frameborder=\"0\" allow=\"accelerometer; autoplay; clipboard-write; encrypted-media; gyroscope; picture-in-picture; web-share\" referrerpolicy=\"strict-origin-when-cross-origin\" allowfullscreen><\/iframe> <\/div><\/figure>    <figure class=\"wp-block-embed is-type-video is-provider-youtube wp-block-embed-youtube wp-embed-aspect-16-9 wp-has-aspect-ratio\"><div class=\"wp-block-embed__wrapper\"> <iframe loading=\"lazy\" title=\"M\u00e1quina para perchas recubiertas de PVC: \u00bffabricar perchas recubiertas de pl\u00e1stico con una m\u00e1quina para fabricar perchas?\" width=\"500\" height=\"281\" src=\"https:\/\/www.youtube.com\/embed\/ZMpU1KOMazA?start=5&#038;feature=oembed\" frameborder=\"0\" allow=\"accelerometer; autoplay; clipboard-write; encrypted-media; gyroscope; picture-in-picture; web-share\" referrerpolicy=\"strict-origin-when-cross-origin\" allowfullscreen><\/iframe> <\/div><\/figure>    <p><\/p>","protected":false},"excerpt":{"rendered":"<p>The hanger making machine is mainly a machine for the production of clothes hangers with galvanized &amp; plastic-coated wires. If involved in this hanger industry, the Shuliy hanger machine is an indispensable piece of machinery and equipment for many investors. Also, this automatic hanger machine can produce 35-45 hangers per minute. Because of its high [&hellip;]<\/p>\n","protected":false},"author":1,"featured_media":424,"parent":0,"template":"","tags":[23,10,21,11,22,24],"product-type":[6],"class_list":["post-81","product","type-product","status-publish","has-post-thumbnail","hentry","tag-cloth-hanger-making-machine","tag-clothes-hanger-making-machine","tag-hanger-maker","tag-hanger-making-machine","tag-hanger-manufacturing-machine","tag-wire-hanger-making-machine","product-type-hanger-machines"],"_links":{"self":[{"href":"https:\/\/hangermachines.com\/es\/wp-json\/wp\/v2\/product\/81","targetHints":{"allow":["GET"]}}],"collection":[{"href":"https:\/\/hangermachines.com\/es\/wp-json\/wp\/v2\/product"}],"about":[{"href":"https:\/\/hangermachines.com\/es\/wp-json\/wp\/v2\/types\/product"}],"author":[{"embeddable":true,"href":"https:\/\/hangermachines.com\/es\/wp-json\/wp\/v2\/users\/1"}],"wp:featuredmedia":[{"embeddable":true,"href":"https:\/\/hangermachines.com\/es\/wp-json\/wp\/v2\/media\/424"}],"wp:attachment":[{"href":"https:\/\/hangermachines.com\/es\/wp-json\/wp\/v2\/media?parent=81"}],"wp:term":[{"taxonomy":"post_tag","embeddable":true,"href":"https:\/\/hangermachines.com\/es\/wp-json\/wp\/v2\/tags?post=81"},{"taxonomy":"product-type","embeddable":true,"href":"https:\/\/hangermachines.com\/es\/wp-json\/wp\/v2\/product-type?post=81"}],"curies":[{"name":"wp","href":"https:\/\/api.w.org\/{rel}","templated":true}]}}