{"id":96,"date":"2022-08-19T08:40:06","date_gmt":"2022-08-19T08:40:06","guid":{"rendered":"https:\/\/hangermachines.com\/?post_type=product&#038;p=96"},"modified":"2023-05-16T13:52:25","modified_gmt":"2023-05-16T05:52:25","slug":"coat-hanger-machine","status":"publish","type":"product","link":"https:\/\/hangermachines.com\/es\/product\/coat-hanger-machine\/","title":{"rendered":"M\u00e1quina para colgar perchas para ropa recubiertas de pl\u00e1stico\/PVC"},"content":{"rendered":"<p class=\"translation-block\">Este tipo de m\u00e1quina para perchas con PLC se utiliza especialmente para producir perchas de pl\u00e1stico\/recubiertas de PVC. Y la <a href=\"https:\/\/hangermachines.com\/es\/product\/coated-hanger-production-line\/\" target=\"_blank\" rel=\"noreferrer noopener\">l\u00ednea de producci\u00f3n de perchas recubiertas<\/a> se utiliza para este tipo de producci\u00f3n de perchas para satisfacer a los clientes que desean alambre recubierto y luego la fabricaci\u00f3n de perchas.<\/p>    <p>Estas perchas tienen una apariencia hermosa y una larga vida \u00fatil. Por lo general, se pueden utilizar PVC, PE, PP, PA y otros revestimientos pl\u00e1sticos en la superficie. <\/p>   <div class=\"wp-block-image\"> <figure class=\"aligncenter size-full\"><img loading=\"lazy\" decoding=\"async\" width=\"720\" height=\"160\" src=\"https:\/\/hangermachines.com\/wp-content\/uploads\/2022\/08\/coatings.webp\" alt=\"revestimientos\" class=\"wp-image-158\" srcset=\"https:\/\/hangermachines.com\/wp-content\/uploads\/2022\/08\/coatings.webp 720w, https:\/\/hangermachines.com\/wp-content\/uploads\/2022\/08\/coatings-300x67.webp 300w\" sizes=\"auto, (max-width: 720px) 100vw, 720px\" \/><figcaption class=\"wp-element-caption\">revestimientos<\/figcaption><\/figure> <\/div>   <p class=\"translation-block\">Adem\u00e1s, tenemos la <a href=\"https:\/\/hangermachines.com\/es\/product\/hanger-making-machine\/\" target=\"_blank\" rel=\"noreferrer noopener\">m\u00e1quina para perchas<\/a> que puede producir perchas de alambre galvanizado. En resumen, no importa qu\u00e9 tipo de percha desee producir, podemos satisfacer sus necesidades.<\/p>    <h2 class=\"wp-block-heading\" id=\"h-structure-of-the-pvc-coated-hanger-machine\"><strong>Se vende estructura de la m\u00e1quina colgadora recubierta de PVC.<\/strong><\/h2>   <div class=\"wp-block-image\"> <figure class=\"aligncenter size-full\"><img loading=\"lazy\" decoding=\"async\" width=\"540\" height=\"540\" src=\"https:\/\/hangermachines.com\/wp-content\/uploads\/2022\/08\/structure-of-the-clothes-hanger-maker-machine.webp\" alt=\"estructura-de-la-maquina-para-fabricar-perchas\" class=\"wp-image-92\" srcset=\"https:\/\/hangermachines.com\/wp-content\/uploads\/2022\/08\/structure-of-the-clothes-hanger-maker-machine.webp 540w, https:\/\/hangermachines.com\/wp-content\/uploads\/2022\/08\/structure-of-the-clothes-hanger-maker-machine-300x300.webp 300w, https:\/\/hangermachines.com\/wp-content\/uploads\/2022\/08\/structure-of-the-clothes-hanger-maker-machine-150x150.webp 150w\" sizes=\"auto, (max-width: 540px) 100vw, 540px\" \/><figcaption class=\"wp-element-caption\">Estructura de la m\u00e1quina para fabricar perchas.<\/figcaption><\/figure> <\/div>   <div class=\"wp-block-columns is-layout-flex wp-container-core-columns-is-layout-9d6595d7 wp-block-columns-is-layout-flex\"> <div class=\"wp-block-column is-layout-flow wp-block-column-is-layout-flow\"> <figure class=\"wp-block-table\"><table><tbody><tr><td>S\/N<\/td><td>Nombre de la pieza de la m\u00e1quina<\/td><\/tr><tr><td>1<\/td><td>Panel de control<\/td><\/tr><tr><td>2<\/td><td>Motor<\/td><\/tr><tr><td>3<\/td><td>Dispositivo de transporte<\/td><\/tr><tr><td>4<\/td><td>Dispositivo de formaci\u00f3n<\/td><\/tr><tr><td>5<\/td><td>Dispositivo de soporte<\/td><\/tr><\/tbody><\/table><\/figure> <\/div>    <div class=\"wp-block-column is-layout-flow wp-block-column-is-layout-flow\"> <ul class=\"wp-block-list\"> <li>Toda la m\u00e1quina utiliza la placa de hierro, que es duradera, no es f\u00e1cil de da\u00f1ar y tiene una larga vida \u00fatil.<\/li>    <li>Cada parte de la m\u00e1quina tambi\u00e9n est\u00e1 hecha de material de alta calidad, muy resistente.<\/li>    <li>El per\u00edodo de garant\u00eda es de un a\u00f1o y ofrecemos servicio postventa.<\/li>    <li>Siempre exportado al extranjero, de gran reputaci\u00f3n en el mundo.<\/li> <\/ul> <\/div> <\/div>    <h2 class=\"wp-block-heading\" id=\"h-highlights-of-the-plastic-hanger-making-machine\"><strong>Aspectos destacados de la m\u00e1quina para fabricar perchas de pl\u00e1stico.<\/strong><\/h2>    <ul class=\"wp-block-list\"> <li>El panel de control est\u00e1 en la parte superior de la m\u00e1quina, lo que es m\u00e1s intuitivo y f\u00e1cil de operar.<\/li>    <li>Las perchas producidas son bonitas y pr\u00e1cticas.<\/li>    <li>La estructura de la m\u00e1quina es compacta y razonable, m\u00e1s c\u00f3moda de usar.<\/li>    <li>Esta m\u00e1quina adopta material de excelente calidad y puede usarse durante mucho tiempo.<\/li>    <li>Esta m\u00e1quina para colgar perchas se puede utilizar para la producci\u00f3n de diversos revestimientos para perchas, como PVC, PE, PP, PA y otros revestimientos pl\u00e1sticos.<\/li> <\/ul>    <h2 class=\"wp-block-heading\" id=\"h-why-choose-the-hanger-machine-from-shuliy-machinery\"><strong>Shuliy Machinery: el principal fabricante y proveedor de m\u00e1quinas colgantes<\/strong><\/h2>    <ul class=\"wp-block-list\"> <li>M\u00e1quina percha rentable. Nuestra m\u00e1quina de perchas puede producir no s\u00f3lo perchas recubiertas de PVC sino tambi\u00e9n perchas de alambre. En resumen, ya sea que su materia prima sea alambre galvanizado o recubierto, nuestra m\u00e1quina para fabricar perchas puede satisfacer sus demandas.<\/li>    <li>Consejo profesional. Nuestro gerente de ventas puede brindarle la mejor soluci\u00f3n seg\u00fan sus necesidades. Adem\u00e1s de eso, podemos ayudarle a maximizar sus beneficios.<\/li>    <li>Excelente servicio. Brindamos servicio de personalizaci\u00f3n, servicio postventa, servicio en l\u00ednea, soporte por video, manuales, etc. Podemos brindarle todos los servicios que pueda imaginar.<\/li> <\/ul>   <div class=\"wp-block-image\"> <figure class=\"aligncenter size-full\"><img loading=\"lazy\" decoding=\"async\" width=\"720\" height=\"540\" src=\"https:\/\/hangermachines.com\/wp-content\/uploads\/2022\/08\/factory-strength.webp\" alt=\"fuerza de f\u00e1brica\" class=\"wp-image-38\" srcset=\"https:\/\/hangermachines.com\/wp-content\/uploads\/2022\/08\/factory-strength.webp 720w, https:\/\/hangermachines.com\/wp-content\/uploads\/2022\/08\/factory-strength-300x225.webp 300w\" sizes=\"auto, (max-width: 720px) 100vw, 720px\" \/><figcaption class=\"wp-element-caption\">fuerza de f\u00e1brica<\/figcaption><\/figure> <\/div>   <h2 class=\"wp-block-heading\" id=\"h-industry-analysis-of-plastic-clothes-hangers\"><strong>An\u00e1lisis de la industria del pl\u00e1stico. <a href=\"https:\/\/en.wikipedia.org\/wiki\/Clothes_hanger\" target=\"_blank\" rel=\"noreferrer noopener\">perchas de ropa<\/a><\/strong><\/h2>    <p class=\"translation-block\"><strong>Investigaci\u00f3n y desarrollo activos seg\u00fan su propia situaci\u00f3n<\/strong><\/p>    <p>La demanda familiar individual de perchas est\u00e1 creciendo y la industria de las perchas de pl\u00e1stico tambi\u00e9n deber\u00eda seguir esta tendencia; por un lado, deber\u00edamos desarrollar un negocio mayorista en l\u00ednea y, por otro lado, tambi\u00e9n deber\u00edamos desarrollar un negocio minorista con nuestra propia realidad.<\/p>    <p class=\"translation-block\"><strong>Enfoque en la calidad del producto y la innovaci\u00f3n de procesos<\/strong><\/p>    <p>La calidad es un factor muy importante para la supervivencia y el desarrollo de las empresas, centr\u00e1ndose en la calidad del producto para ganar clientes m\u00e1s estables. Esto es m\u00e1s importante para la industria de la confecci\u00f3n de servicios tradicionales, principalmente en la industria de perchas de pl\u00e1stico.<\/p>   <div class=\"wp-block-image\"> <figure class=\"aligncenter size-full\"><img loading=\"lazy\" decoding=\"async\" width=\"720\" height=\"540\" src=\"https:\/\/hangermachines.com\/wp-content\/uploads\/2022\/08\/coated-hangers.webp\" alt=\"perchas revestidas\" class=\"wp-image-78\" srcset=\"https:\/\/hangermachines.com\/wp-content\/uploads\/2022\/08\/coated-hangers.webp 720w, https:\/\/hangermachines.com\/wp-content\/uploads\/2022\/08\/coated-hangers-300x225.webp 300w\" sizes=\"auto, (max-width: 720px) 100vw, 720px\" \/><figcaption class=\"wp-element-caption\">perchas revestidas<\/figcaption><\/figure> <\/div>   <p class=\"translation-block\"><strong>El desarrollo positivo del mercado internacional<\/strong><\/p>    <p>La demanda de perchas de pl\u00e1stico en el mercado internacional es relativamente estable y hay una tendencia al alza. Por lo tanto, todav\u00eda vale la pena desarrollar el mercado internacional.<\/p>    <h2 class=\"wp-block-heading\" id=\"h-successful-case-coat-hanger-machine-for-sale-to-kazakhstan\"><strong>Caso de \u00e9xito: venta de m\u00e1quina para perchas a Kazajst\u00e1n<\/strong><\/h2>    <div class=\"wp-block-columns is-layout-flex wp-container-core-columns-is-layout-9d6595d7 wp-block-columns-is-layout-flex\"> <div class=\"wp-block-column is-layout-flow wp-block-column-is-layout-flow\"> <figure class=\"wp-block-image size-full\"><img loading=\"lazy\" decoding=\"async\" width=\"720\" height=\"540\" src=\"https:\/\/hangermachines.com\/wp-content\/uploads\/2022\/08\/hanger-hook-machine-machine.webp\" alt=\"m\u00e1quina para fabricar ganchos para colgar\" class=\"wp-image-150\" srcset=\"https:\/\/hangermachines.com\/wp-content\/uploads\/2022\/08\/hanger-hook-machine-machine.webp 720w, https:\/\/hangermachines.com\/wp-content\/uploads\/2022\/08\/hanger-hook-machine-machine-300x225.webp 300w\" sizes=\"auto, (max-width: 720px) 100vw, 720px\" \/><figcaption class=\"wp-element-caption\">m\u00e1quina para fabricar ganchos para colgar<\/figcaption><\/figure> <\/div>    <div class=\"wp-block-column is-layout-flow wp-block-column-is-layout-flow\"> <p>El cliente de Kazajst\u00e1n s\u00f3lo quer\u00eda perchas revestidas de PVC. Entonces, despu\u00e9s de buscar nuestra m\u00e1quina para colgar en Google, se comunic\u00f3 con nosotros r\u00e1pidamente.<\/p>    <p>Nuestro gerente de ventas present\u00f3 la m\u00e1quina de recubrimiento de perchas en detalle y se sinti\u00f3 muy satisfecho.<\/p>    <p>El proceso fue muy r\u00e1pido porque ambas partes quer\u00edan avanzar r\u00e1pidamente en el proceso de compra. <\/p> <\/div> <\/div>    <p>Despu\u00e9s de entender que la m\u00e1quina de perchas pod\u00eda producir las perchas que necesitaba, acordamos trabajar juntos y despu\u00e9s de recibir la m\u00e1quina, nos envi\u00f3 una foto de \u00e9l mismo con la m\u00e1quina.<\/p>    <h2 class=\"wp-block-heading\" id=\"h-technical-parameters-of-the-coated-hanger-machine\"><strong>Par\u00e1metros t\u00e9cnicos de la m\u00e1quina percha revestida.<\/strong><\/h2>    <figure class=\"wp-block-table\"><table><tbody><tr><td>Modelo<\/td><td>SLPT-400<\/td><\/tr><tr><td>Capacidad<\/td><td>30-40 unidades\/minuto<\/td><\/tr><tr><td>Fuerza<\/td><td>2,2 kw<\/td><\/tr><tr><td>Voltaje<\/td><td>personalizado <\/td><\/tr><tr><td>Alambre galvanizado<\/td><td>1,8 mm ~ 2,2 mm<\/td><\/tr><tr><td>Alambre recubierto de PVC<\/td><td>2,8 mm ~ 3,6 mm<\/td><\/tr><tr><td>Tama\u00f1o de la percha<\/td><td>13-14cm para ni\u00f1os<br>15-19cm para adultos<\/td><\/tr><tr><td>Peso neto<\/td><td>750 kilos<\/td><\/tr><tr><td>Tama\u00f1o de la m\u00e1quina<\/td><td>1800*800*1650 mm (largo x ancho x alto)<\/td><\/tr><\/tbody><\/table><\/figure>    <h2 class=\"wp-block-heading\"><strong>V\u00eddeo de la m\u00e1quina para perchas recubierta de pl\u00e1stico\/PVC de SHULIY<\/strong><\/h2>    <figure class=\"wp-block-embed is-type-video is-provider-youtube wp-block-embed-youtube wp-embed-aspect-16-9 wp-has-aspect-ratio\"><div class=\"wp-block-embed__wrapper\"> <iframe loading=\"lazy\" title=\"M\u00e1quina para perchas recubiertas de PVC: \u00bffabricar perchas recubiertas de pl\u00e1stico con una m\u00e1quina para fabricar perchas?\" width=\"500\" height=\"281\" src=\"https:\/\/www.youtube.com\/embed\/ZMpU1KOMazA?feature=oembed\" frameborder=\"0\" allow=\"accelerometer; autoplay; clipboard-write; encrypted-media; gyroscope; picture-in-picture; web-share\" referrerpolicy=\"strict-origin-when-cross-origin\" allowfullscreen><\/iframe> <\/div><\/figure>","protected":false},"excerpt":{"rendered":"<p>This kind of PLC hanger machine is especially to produce plastic\/PVC-coated hangers. And the coat hanger manufacturing line is used for this type of hanger production to meet the customers who want wire coated and then hanger making. These hangers are beautiful in appearance and have a long service life. Usually, PVC, PE, PP, PA, [&hellip;]<\/p>\n","protected":false},"author":1,"featured_media":432,"parent":0,"template":"","tags":[15,12,17,20],"product-type":[6],"class_list":["post-96","product","type-product","status-publish","has-post-thumbnail","hentry","tag-coat-hanger-machine","tag-hanger-machine","tag-plastic-hanger-making-machine","tag-pvc-coated-hanger-machine","product-type-hanger-machines"],"_links":{"self":[{"href":"https:\/\/hangermachines.com\/es\/wp-json\/wp\/v2\/product\/96","targetHints":{"allow":["GET"]}}],"collection":[{"href":"https:\/\/hangermachines.com\/es\/wp-json\/wp\/v2\/product"}],"about":[{"href":"https:\/\/hangermachines.com\/es\/wp-json\/wp\/v2\/types\/product"}],"author":[{"embeddable":true,"href":"https:\/\/hangermachines.com\/es\/wp-json\/wp\/v2\/users\/1"}],"wp:featuredmedia":[{"embeddable":true,"href":"https:\/\/hangermachines.com\/es\/wp-json\/wp\/v2\/media\/432"}],"wp:attachment":[{"href":"https:\/\/hangermachines.com\/es\/wp-json\/wp\/v2\/media?parent=96"}],"wp:term":[{"taxonomy":"post_tag","embeddable":true,"href":"https:\/\/hangermachines.com\/es\/wp-json\/wp\/v2\/tags?post=96"},{"taxonomy":"product-type","embeddable":true,"href":"https:\/\/hangermachines.com\/es\/wp-json\/wp\/v2\/product-type?post=96"}],"curies":[{"name":"wp","href":"https:\/\/api.w.org\/{rel}","templated":true}]}}