{"id":14,"date":"2022-08-16T06:39:04","date_gmt":"2022-08-16T06:39:04","guid":{"rendered":"https:\/\/hangermachines.com\/?page_id=14"},"modified":"2022-08-22T10:32:10","modified_gmt":"2022-08-22T10:32:10","slug":"about-us","status":"publish","type":"page","link":"https:\/\/hangermachines.com\/fr\/about-us\/","title":{"rendered":"\u00c0 propos de nous"},"content":{"rendered":"<h2 class=\"wp-block-heading\" id=\"h-shuliy-machinery-a-professional-hanger-machine-manufacturer-supplier\"><strong>Shuliy Machinery - un fabricant et fournisseur professionnel de machines \u00e0 cintres<\/strong><\/h2>    <div class=\"wp-block-media-text alignwide is-stacked-on-mobile\"><figure class=\"wp-block-media-text__media\"><img loading=\"lazy\" decoding=\"async\" width=\"720\" height=\"500\" src=\"https:\/\/hangermachines.com\/wp-content\/uploads\/2022\/08\/hanger-making-machine-manufacturer-1.webp\" alt=\"fabricant de machine de fabrication de cintres\" class=\"wp-image-124 size-full\" srcset=\"https:\/\/hangermachines.com\/wp-content\/uploads\/2022\/08\/hanger-making-machine-manufacturer-1.webp 720w, https:\/\/hangermachines.com\/wp-content\/uploads\/2022\/08\/hanger-making-machine-manufacturer-1-300x208.webp 300w\" sizes=\"auto, (max-width: 720px) 100vw, 720px\" \/><\/figure><div class=\"wp-block-media-text__content\"> <p class=\"translation-block\">Nous, Shuliy Machinery, avons notre propre usine et sommes \u00e9tablis depuis plus de dix ans dans l'industrie de la fabrication de machines \u00e0 cintres. Nos principaux produits sont la <strong><a href=\"https:\/\/hangermachines.com\/fr\/product\/hanger-production-line\/\" target=\"_blank\" rel=\"noreferrer noopener\">ligne de production de cintres<\/a>, ligne de machines \u00e0 cintres, machine \u00e0 cintres, <a href=\"https:\/\/hangermachines.com\/fr\/product\/hanger-making-machine\/\" target=\"_blank\" rel=\"noreferrer noopener\">machine \u00e0 fabriquer des cintres<\/a>, machine \u00e0 cintres soud\u00e9s<\/strong>, etc. <\/p> <\/div><\/div>    <p><\/p>    <p class=\"translation-block\">En raison de la haute r\u00e9putation de notre entreprise, nos produits sont export\u00e9s vers les <strong>EAU, l'Australie, le Pakistan, le Kazakhstan, le Cambodge, le Maroc, le Mexique, la Su\u00e8de, l'Arabie Saoudite, le Sri Lanka, l'Espagne, le Y\u00e9men, l'Ouzb\u00e9kistan<\/strong>, etc. Si vous \u00eates int\u00e9ress\u00e9, bienvenue \u00e0 nous contacter ! Nous vous r\u00e9pondrons d\u00e8s que possible !<\/p>    <h2 class=\"wp-block-heading\" id=\"h-honored-certifications\"><strong>Certifications honor\u00e9es<\/strong><\/h2>    <div class=\"wp-block-media-text alignwide has-media-on-the-right is-stacked-on-mobile\"><figure class=\"wp-block-media-text__media\"><img loading=\"lazy\" decoding=\"async\" width=\"500\" height=\"500\" src=\"https:\/\/hangermachines.com\/wp-content\/uploads\/2022\/08\/Shuliy-Machinery-certicates.webp\" alt=\"Certificats-de-machines-Shuliy\" class=\"wp-image-125 size-full\" srcset=\"https:\/\/hangermachines.com\/wp-content\/uploads\/2022\/08\/Shuliy-Machinery-certicates.webp 500w, https:\/\/hangermachines.com\/wp-content\/uploads\/2022\/08\/Shuliy-Machinery-certicates-300x300.webp 300w, https:\/\/hangermachines.com\/wp-content\/uploads\/2022\/08\/Shuliy-Machinery-certicates-150x150.webp 150w\" sizes=\"auto, (max-width: 500px) 100vw, 500px\" \/><\/figure><div class=\"wp-block-media-text__content\"> <p>Notre entreprise est une entreprise poss\u00e9dant des qualifications professionnelles. L'image de droite montre les certificats dont disposent notre entreprise, ainsi que la machine \u00e0 cintres, qui sont certifi\u00e9s par l'autorit\u00e9. Par cons\u00e9quent, vous pouvez acheter notre fabricant de cintres en toute confiance.<\/p> <\/div><\/div>    <h2 class=\"wp-block-heading\" id=\"h-happy-cooperation-with-the-customers\"><strong>Bonne coop\u00e9ration avec les clients<\/strong><\/h2>    <p>La coop\u00e9ration entre nous et nos clients est une coop\u00e9ration gagnant-gagnant, et nous nous entendons tr\u00e8s bien et sommes amis les uns avec les autres. Parce que notre objectif est de vendre des machines du point de vue du client, afin que nous puissions nous comprendre, ce qui est plus propice \u00e0 notre coop\u00e9ration mutuelle.<\/p>   <div class=\"wp-block-image\"> <figure class=\"aligncenter size-full\"><img loading=\"lazy\" decoding=\"async\" width=\"720\" height=\"600\" src=\"https:\/\/hangermachines.com\/wp-content\/uploads\/2022\/08\/good-cooperation-relationship.webp\" alt=\"bonne relation de coop\u00e9ration\" class=\"wp-image-127\" srcset=\"https:\/\/hangermachines.com\/wp-content\/uploads\/2022\/08\/good-cooperation-relationship.webp 720w, https:\/\/hangermachines.com\/wp-content\/uploads\/2022\/08\/good-cooperation-relationship-300x250.webp 300w\" sizes=\"auto, (max-width: 720px) 100vw, 720px\" \/><figcaption>bonne relation de coop\u00e9ration<\/figcaption><\/figure> <\/div>   <h2 class=\"wp-block-heading\" id=\"h-feedback-from-customers-on-the-clothes-hanger-making-machine\"><strong>Commentaires des clients sur la machine de fabrication de cintres<\/strong><\/h2>    <p>Les clients qui ont achet\u00e9 notre machine \u00e0 cintres en plastique savent que nos machines sont de tr\u00e8s bonne qualit\u00e9 et bon march\u00e9, et que la capacit\u00e9 de production n'est pas faible \u00e0 tous \u00e9gards. C'est un voyage d'achat tr\u00e8s agr\u00e9able pour nos clients. De plus, nos clients nous envoient des commentaires en temps r\u00e9el. Voici les commentaires de nos clients apr\u00e8s avoir utilis\u00e9 la machine \u00e0 cintres.<\/p>   <div class=\"wp-block-image\"> <figure class=\"aligncenter size-full\"><img loading=\"lazy\" decoding=\"async\" width=\"720\" height=\"720\" src=\"https:\/\/hangermachines.com\/wp-content\/uploads\/2022\/08\/great-feedback-about-the-hanger-forming-machine.webp\" alt=\"excellents retours sur la machine de formage de cintres\" class=\"wp-image-128\" srcset=\"https:\/\/hangermachines.com\/wp-content\/uploads\/2022\/08\/great-feedback-about-the-hanger-forming-machine.webp 720w, https:\/\/hangermachines.com\/wp-content\/uploads\/2022\/08\/great-feedback-about-the-hanger-forming-machine-300x300.webp 300w, https:\/\/hangermachines.com\/wp-content\/uploads\/2022\/08\/great-feedback-about-the-hanger-forming-machine-150x150.webp 150w\" sizes=\"auto, (max-width: 720px) 100vw, 720px\" \/><figcaption>excellents retours sur la machine de formage de cintres<\/figcaption><\/figure> <\/div>","protected":false},"excerpt":{"rendered":"<p>Shuliy Machinery- a professional hanger machine manufacturer &amp; supplier We, Shuliy Machinery, have our own factory and have been established for more than ten years in the hanger machine manufacturing industry. Our main products are clothes hanger production line, coat hanger machine line, coat hanger machine, cloth hanger making machine, welded hanger machine, etc. Due [&hellip;]<\/p>\n","protected":false},"author":1,"featured_media":0,"parent":0,"menu_order":0,"comment_status":"closed","ping_status":"closed","template":"","meta":{"footnotes":""},"class_list":["post-14","page","type-page","status-publish","hentry"],"_links":{"self":[{"href":"https:\/\/hangermachines.com\/fr\/wp-json\/wp\/v2\/pages\/14","targetHints":{"allow":["GET"]}}],"collection":[{"href":"https:\/\/hangermachines.com\/fr\/wp-json\/wp\/v2\/pages"}],"about":[{"href":"https:\/\/hangermachines.com\/fr\/wp-json\/wp\/v2\/types\/page"}],"author":[{"embeddable":true,"href":"https:\/\/hangermachines.com\/fr\/wp-json\/wp\/v2\/users\/1"}],"replies":[{"embeddable":true,"href":"https:\/\/hangermachines.com\/fr\/wp-json\/wp\/v2\/comments?post=14"}],"version-history":[{"count":0,"href":"https:\/\/hangermachines.com\/fr\/wp-json\/wp\/v2\/pages\/14\/revisions"}],"wp:attachment":[{"href":"https:\/\/hangermachines.com\/fr\/wp-json\/wp\/v2\/media?parent=14"}],"curies":[{"name":"wp","href":"https:\/\/api.w.org\/{rel}","templated":true}]}}