{"id":105,"date":"2022-08-22T03:16:46","date_gmt":"2022-08-22T03:16:46","guid":{"rendered":"https:\/\/hangermachines.com\/?post_type=product&#038;p=105"},"modified":"2025-04-18T10:05:23","modified_gmt":"2025-04-18T02:05:23","slug":"wire-hanger-making-machine","status":"publish","type":"product","link":"https:\/\/hangermachines.com\/fr\/product\/wire-hanger-making-machine\/","title":{"rendered":"Machine de fabrication de cintres en fil \u00e0 vendre"},"content":{"rendered":"<p class=\"translation-block\">Cette machine de fabrication de cintres en fil est une machine utilis\u00e9e pour produire des cintres en fil courant\/galvanis\u00e9. Cette <a href=\"https:\/\/hangermachines.com\/fr\/product\/hanger-making-machine\/\" target=\"_blank\" rel=\"noreferrer noopener\">machine \u00e0 cintres<\/a> offre de bonnes performances et peut \u00e9galement produire divers types de cintres.  <\/p>   <div class=\"wp-block-image\"> <figure class=\"aligncenter size-full\"><img loading=\"lazy\" decoding=\"async\" width=\"720\" height=\"540\" src=\"https:\/\/hangermachines.com\/wp-content\/uploads\/2022\/09\/hanger-types.webp\" alt=\"types de cintres\" class=\"wp-image-242\" srcset=\"https:\/\/hangermachines.com\/wp-content\/uploads\/2022\/09\/hanger-types.webp 720w, https:\/\/hangermachines.com\/wp-content\/uploads\/2022\/09\/hanger-types-300x225.webp 300w\" sizes=\"auto, (max-width: 720px) 100vw, 720px\" \/><figcaption class=\"wp-element-caption\">types de cintres<\/figcaption><\/figure> <\/div>   <p class=\"translation-block\">Par cons\u00e9quent, notre machine \u00e0 fabriquer des cintres est tr\u00e8s populaire sur le march\u00e9 et est souvent export\u00e9e vers diff\u00e9rents pays, tels que <strong>Pakistan, Kazakhstan, Australie, Indon\u00e9sie<\/strong>,<strong> Arabie Saoudite<\/strong>, <strong>. Y\u00e9men, Oman<\/strong>, etc. Si cela vous int\u00e9resse, n'h\u00e9sitez pas \u00e0 nous contacter. Vous \u00eates \u00e9galement les bienvenus pour visiter notre usine\u202f!<\/p>    <figure class=\"wp-block-embed is-type-video is-provider-youtube wp-block-embed-youtube wp-embed-aspect-16-9 wp-has-aspect-ratio\"><div class=\"wp-block-embed__wrapper\"> <iframe loading=\"lazy\" title=\"Machine de fabrication de fil automatique pour 30 \u00e0 40pcs \/ min de cintres de fil de fer galvanis\u00e9s | Hangar\" width=\"500\" height=\"281\" src=\"https:\/\/www.youtube.com\/embed\/vzJxjGxpewE?feature=oembed\" frameborder=\"0\" allow=\"accelerometer; autoplay; clipboard-write; encrypted-media; gyroscope; picture-in-picture; web-share\" referrerpolicy=\"strict-origin-when-cross-origin\" allowfullscreen><\/iframe> <\/div><figcaption class=\"wp-element-caption\">Vid\u00e9o de la machine \u00e0 cintre<\/figcaption><\/figure>    <h2 class=\"wp-block-heading\" id=\"h-why-produce-the-galvanized-wire-hangers\"><strong>Avantages des cintres en fil galvanis\u00e9 produits par la machine de fabrication de cintres en fil Shuliy<\/strong><\/h2>   <div class=\"wp-block-image\"> <figure class=\"aligncenter size-full\"><img loading=\"lazy\" decoding=\"async\" width=\"720\" height=\"500\" src=\"https:\/\/hangermachines.com\/wp-content\/uploads\/2022\/08\/galvanized-wire-hangers.webp\" alt=\"cintres en fil galvanis\u00e9\" class=\"wp-image-166\" srcset=\"https:\/\/hangermachines.com\/wp-content\/uploads\/2022\/08\/galvanized-wire-hangers.webp 720w, https:\/\/hangermachines.com\/wp-content\/uploads\/2022\/08\/galvanized-wire-hangers-300x208.webp 300w\" sizes=\"auto, (max-width: 720px) 100vw, 720px\" \/><figcaption class=\"wp-element-caption\">cintres m\u00e9talliques<\/figcaption><\/figure> <\/div>   <ul class=\"wp-block-list\"> <li>Tout d\u2019abord, la surface brillante du fil galvanis\u00e9 brillant. Ainsi, il est visuellement pr\u00e9f\u00e9r\u00e9 au fil galvanis\u00e9 ordinaire, qui pr\u00e9sente une surface similaire \u00e0 celle du fil galvanis\u00e9. <a href=\"https:\/\/en.wikipedia.org\/wiki\/Stainless_steel\" target=\"_blank\" rel=\"noreferrer noopener\">acier inoxydable<\/a>.<\/li>    <li>Deuxi\u00e8mement, un bon support et une t\u00e9nacit\u00e9 \u00e9lev\u00e9e du fil galvanis\u00e9 brillant. Le fil galvanis\u00e9 reste brillant pendant l'utilisation. Et la duret\u00e9 est \u00e9lev\u00e9e, obtenant une combinaison parfaite de duret\u00e9 et de t\u00e9nacit\u00e9.<\/li>    <li>Troisi\u00e8mement, le faible co\u00fbt de production des cintres. La surface du cintre est galvanis\u00e9e et \u00e9galement brillante. Il ne n\u00e9cessite donc pas de post-traitement, ce qui permet non seulement de gagner du temps de production, mais \u00e9galement de r\u00e9duire les co\u00fbts. Utilisez la machine de fabrication de cintres en fil m\u00e9tallique pour y parvenir.<\/li> <\/ul>    <h2 class=\"wp-block-heading\" id=\"h-strength-of-the-automatic-wire-hanger-machine-for-sale\"><strong>Force de la machine de fabrication de cintres automatiques \u00e0 vendre<\/strong><\/h2>    <ul class=\"wp-block-list\"> <li>Pratique pour exploiter et utiliser l\u2019\u00e9lectricit\u00e9 en toute s\u00e9curit\u00e9.<\/li>    <li>Un haut degr\u00e9 d\u2019automatisation compl\u00e8te. L'ensemble du processus de production de la machine de fabrication de cintres en fil m\u00e9tallique se d\u00e9roule sans mains manuelles, ce qui permet d'\u00e9conomiser de la main d'\u0153uvre.<\/li>    <li>Conception compacte et raisonnable, adapt\u00e9e aux petites, moyennes et grandes usines.<\/li> <\/ul>   <div class=\"wp-block-image\"> <figure class=\"aligncenter size-full\"><img loading=\"lazy\" decoding=\"async\" width=\"720\" height=\"540\" src=\"https:\/\/hangermachines.com\/wp-content\/uploads\/2022\/08\/wire-hanger-making-machine-for-sale.webp\" alt=\"machine de fabrication de cintres en fil m\u00e9tallique \u00e0 vendre\" class=\"wp-image-134\" srcset=\"https:\/\/hangermachines.com\/wp-content\/uploads\/2022\/08\/wire-hanger-making-machine-for-sale.webp 720w, https:\/\/hangermachines.com\/wp-content\/uploads\/2022\/08\/wire-hanger-making-machine-for-sale-300x225.webp 300w\" sizes=\"auto, (max-width: 720px) 100vw, 720px\" \/><figcaption class=\"wp-element-caption\">machine de fabrication de cintres en fil m\u00e9tallique \u00e0 vendre<\/figcaption><\/figure> <\/div>   <h2 class=\"wp-block-heading\" id=\"h-profit-analysis-to-choose-the-shuliy-machinery-wire-hanger-machine\"><strong>Shuliy Machinery \u2013 avantages d\u2019\u00eatre le fabricant et fournisseur de machines de fabrication de cintres en fil m\u00e9tallique<\/strong><\/h2>    <ul class=\"wp-block-list\"> <li>Prix \u200b\u200b\u200b\u200bde la machine bas. En raison de l'int\u00e9gration de l'industrie et du commerce, le prix de notre machine de moulage de cintres correspond uniquement au prix d'usine. Dans la m\u00eame qualit\u00e9, notre machine pr\u00e9sente un avantage de prix plus important.<\/li>    <li>Diff\u00e9rents types de machines. Nos machines ne sont pas seulement la machine \u00e0 cintres en fil galvanis\u00e9, mais aussi la <a href=\"https:\/\/hangermachines.com\/fr\/product\/coat-hanger-machine\/\" target=\"_blank\" rel=\"noreferrer noopener\">Machine \u00e0 cintres enduite de PVC<\/a>, la machine \u00e0 cintres en plastique, le <a href=\"https:\/\/hangermachines.com\/fr\/product\/hanger-making-machine\/\" target=\"_blank\" rel=\"noreferrer noopener\">machine \u00e0 cintrer les tissus<\/a>et des machines sur mesure.<\/li> <\/ul>   <div class=\"wp-block-image\"> <figure class=\"aligncenter size-full\"><img loading=\"lazy\" decoding=\"async\" width=\"720\" height=\"540\" src=\"https:\/\/hangermachines.com\/wp-content\/uploads\/2022\/08\/hanger-making-machine-manufacturer-supplier.webp\" alt=\"fabricant et fournisseur de machine de fabrication de cintres\" class=\"wp-image-163\" srcset=\"https:\/\/hangermachines.com\/wp-content\/uploads\/2022\/08\/hanger-making-machine-manufacturer-supplier.webp 720w, https:\/\/hangermachines.com\/wp-content\/uploads\/2022\/08\/hanger-making-machine-manufacturer-supplier-300x225.webp 300w\" sizes=\"auto, (max-width: 720px) 100vw, 720px\" \/><figcaption class=\"wp-element-caption\">fabricant et fournisseur de machine de fabrication de cintres<\/figcaption><\/figure> <\/div>   <h2 class=\"wp-block-heading\" id=\"h-technical-parameters-of-the-galvanized-wire-hanger-making-machine\"><strong>Param\u00e8tres techniques de la machine de fabrication de cintres en fil galvanis\u00e9<\/strong><\/h2>    <figure class=\"wp-block-table\"><table><tbody><tr><td>Mod\u00e8le<\/td><td>SLPT-400<\/td><\/tr><tr><td>Capacit\u00e9<\/td><td>30-40 pi\u00e8ces\/minute<\/td><\/tr><tr><td>Diam\u00e8tre du fil<\/td><td>1,8 mm ~ 2,8 mm<\/td><\/tr><tr><td>Moteur<\/td><td>1,5 kW<\/td><\/tr><tr><td>Taille du cintre<\/td><td>13-14 cm pour les enfants<br>15-19 cm pour les adultes<\/td><\/tr><tr><td>Poids net<\/td><td>700 kg<\/td><\/tr><tr><td>Taille de la machine<\/td><td>1800*800*1650mm<\/td><\/tr><\/tbody><\/table><\/figure>    <h2 class=\"wp-block-heading\" id=\"h-faq\"><strong>FAQ de la machine de fabrication de cintres en fil Shuliy<\/strong><\/h2>   <div id=\"rank-math-faq\" class=\"rank-math-block\"> <div class=\"rank-math-list\"> <div id=\"faq-question-1663917918499\" class=\"rank-math-list-item\"> <h3 class=\"rank-math-question\"><strong>Q1 : Comment confirmer la qualit\u00e9 de votre machine \u00e0 cintrer les crochets de suspension ?<\/strong><\/h3> <div class=\"rank-math-answer\">  <p>A1\u00a0: 1) Nous avons un syst\u00e8me de contr\u00f4le de qualit\u00e9 strict, qui est strictement suivi dans le processus du march\u00e9 et contient la qualit\u00e9 du produit.<br \/>2) Les produits de notre soci\u00e9t\u00e9 ont un certificat CE, certifi\u00e9 par l\u2019autorit\u00e9.<br \/>3) Nous enverrons une vid\u00e9o pendant le processus de production pour garantir que vous puissiez suivre la progression de la production de la machine et son \u00e9tat.<\/p>  <\/div> <\/div> <div id=\"faq-question-1663917927233\" class=\"rank-math-list-item\"> <h3 class=\"rank-math-question\"><strong>Q2\u00a0: Que dois-je faire s\u2019il y a un probl\u00e8me avec la machine de fabrication de cintres\u00a0?<\/strong><\/h3> <div class=\"rank-math-answer\">  <p>A2 : Nous offrons un service en ligne 24h\/24 et 7j\/7, vous pouvez donc nous contacter \u00e0 tout moment pour r\u00e9soudre votre probl\u00e8me.<\/p>  <\/div> <\/div> <div id=\"faq-question-1663917953352\" class=\"rank-math-list-item\"> <h3 class=\"rank-math-question\"><strong>Q3 : La tension varie d\u2019un pays \u00e0 l\u2019autre, puis-je la personnaliser ?<\/strong><\/h3> <div class=\"rank-math-answer\">  <p>A3 : Bien s\u00fbr. Nous proposons un service de personnalisation.<\/p>  <\/div> <\/div> <div id=\"faq-question-1663917965640\" class=\"rank-math-list-item\"> <h3 class=\"rank-math-question\"><strong>Q4 : Comment assembler la machine apr\u00e8s l'avoir re\u00e7ue ?<\/strong><\/h3> <div class=\"rank-math-answer\">  <p>A4 : Ne vous inqui\u00e9tez pas, nous vous fournirons le service appropri\u00e9 si vous en avez besoin. Nous mettrons \u00e9galement des instructions, des manuels d'installation, etc. pour votre r\u00e9f\u00e9rence.<\/p>  <\/div> <\/div> <div id=\"faq-question-1663917977432\" class=\"rank-math-list-item\"> <h3 class=\"rank-math-question\"><strong>Q5\u00a0:\u00a0Comment puis-je effectuer le paiement\u00a0?<\/strong><\/h3> <div class=\"rank-math-answer\">  <p>A5 : Stock : payer int\u00e9gralement \u2192 recevoir de l'argent \u2192 organiser la livraison.<br \/>Fabrication\u00a0: avance de salaire \u2192 d\u00e9marrer la fabrication \u2192 terminer la production de la machine \u2192 r\u00e9gler le solde \u2192 recevoir le solde et la livraison de l'arrangeur.<\/p>  <\/div> <\/div> <\/div> <\/div>   <h2 class=\"wp-block-heading\"><strong>Vid\u00e9o d'une machine de fabrication de cintres en fil m\u00e9tallique \u2013 comment produire des cintres ?<\/strong><\/h2>    <figure class=\"wp-block-embed is-type-video is-provider-youtube wp-block-embed-youtube wp-embed-aspect-16-9 wp-has-aspect-ratio\"><div class=\"wp-block-embed__wrapper\"> <iframe loading=\"lazy\" title=\"Machine \u00e0 cintres en fil 35-40PCS\/H - Fabricant et fournisseur de machines de fabrication de cintres courants\" width=\"500\" height=\"281\" src=\"https:\/\/www.youtube.com\/embed\/TR4y9CBK7A4?start=3&#038;feature=oembed\" frameborder=\"0\" allow=\"accelerometer; autoplay; clipboard-write; encrypted-media; gyroscope; picture-in-picture; web-share\" referrerpolicy=\"strict-origin-when-cross-origin\" allowfullscreen><\/iframe> <\/div><\/figure>","protected":false},"excerpt":{"rendered":"<p>This wire hanger making machine is a machine used to produce common\/galvanized wire hangers. This hanger machine has good performance and can also produce various types of hangers. Therefore, our hanger making machine is very popular in the market and is often exported to various countries, such as Pakistan, Kazakhstan, Australia, Indonesia, Saudi Arabia, Yemen, [&hellip;]<\/p>\n","protected":false},"author":1,"featured_media":497,"parent":0,"template":"","tags":[31,21,11,24,32],"product-type":[6],"class_list":["post-105","product","type-product","status-publish","has-post-thumbnail","hentry","tag-galvanized-wire-hanger-machine","tag-hanger-maker","tag-hanger-making-machine","tag-wire-hanger-making-machine","tag-wire-hook-hanger-machine","product-type-hanger-machines"],"_links":{"self":[{"href":"https:\/\/hangermachines.com\/fr\/wp-json\/wp\/v2\/product\/105","targetHints":{"allow":["GET"]}}],"collection":[{"href":"https:\/\/hangermachines.com\/fr\/wp-json\/wp\/v2\/product"}],"about":[{"href":"https:\/\/hangermachines.com\/fr\/wp-json\/wp\/v2\/types\/product"}],"author":[{"embeddable":true,"href":"https:\/\/hangermachines.com\/fr\/wp-json\/wp\/v2\/users\/1"}],"wp:featuredmedia":[{"embeddable":true,"href":"https:\/\/hangermachines.com\/fr\/wp-json\/wp\/v2\/media\/497"}],"wp:attachment":[{"href":"https:\/\/hangermachines.com\/fr\/wp-json\/wp\/v2\/media?parent=105"}],"wp:term":[{"taxonomy":"post_tag","embeddable":true,"href":"https:\/\/hangermachines.com\/fr\/wp-json\/wp\/v2\/tags?post=105"},{"taxonomy":"product-type","embeddable":true,"href":"https:\/\/hangermachines.com\/fr\/wp-json\/wp\/v2\/product-type?post=105"}],"curies":[{"name":"wp","href":"https:\/\/api.w.org\/{rel}","templated":true}]}}