{"id":116,"date":"2022-08-22T07:51:12","date_gmt":"2022-08-22T07:51:12","guid":{"rendered":"https:\/\/hangermachines.com\/?post_type=product&#038;p=116"},"modified":"2023-03-09T13:54:24","modified_gmt":"2023-03-09T05:54:24","slug":"welding-type-hanger-forming-machine","status":"publish","type":"product","link":"https:\/\/hangermachines.com\/fr\/product\/welding-type-hanger-forming-machine\/","title":{"rendered":"Machine de formage de cintres de type soudage"},"content":{"rendered":"<p>Cette machine de formage de cintres est une machine sp\u00e9cialis\u00e9e dans la production de cintres soud\u00e9s. <\/p>    <figure class=\"wp-block-gallery aligncenter has-nested-images columns-default is-cropped wp-block-gallery-2 is-layout-flex wp-block-gallery-is-layout-flex\"> <figure class=\"wp-block-image size-large\"><img loading=\"lazy\" decoding=\"async\" width=\"720\" height=\"450\" data-id=\"207\" src=\"https:\/\/hangermachines.com\/wp-content\/uploads\/2022\/08\/welding-type-hanger.webp\" alt=\"cintre \u00e0 souder\" class=\"wp-image-207\" srcset=\"https:\/\/hangermachines.com\/wp-content\/uploads\/2022\/08\/welding-type-hanger.webp 720w, https:\/\/hangermachines.com\/wp-content\/uploads\/2022\/08\/welding-type-hanger-300x188.webp 300w\" sizes=\"auto, (max-width: 720px) 100vw, 720px\" \/><figcaption class=\"wp-element-caption\">cintre \u00e0 souder<\/figcaption><\/figure>    <figure class=\"wp-block-image size-large\"><img loading=\"lazy\" decoding=\"async\" width=\"720\" height=\"450\" data-id=\"161\" src=\"https:\/\/hangermachines.com\/wp-content\/uploads\/2022\/08\/welding-hangers.webp\" alt=\"cintres de soudage\" class=\"wp-image-161\" srcset=\"https:\/\/hangermachines.com\/wp-content\/uploads\/2022\/08\/welding-hangers.webp 720w, https:\/\/hangermachines.com\/wp-content\/uploads\/2022\/08\/welding-hangers-300x188.webp 300w\" sizes=\"auto, (max-width: 720px) 100vw, 720px\" \/><figcaption class=\"wp-element-caption\">cintres de soudage <\/figcaption><\/figure> <\/figure>    <p class=\"translation-block\">Compared with the other <a href=\"https:\/\/hangermachines.com\/fr\/product\/wire-hanger-making-machine\/\" target=\"_blank\" rel=\"noreferrer noopener\">clothes wire hanger machine<\/a>, this machine uses welding methods to make the welded hanger stronger and sturdier. If you have any interest, please contact us!<\/p>    <h2 class=\"wp-block-heading\" id=\"h-what-kind-of-factory-or-enterprise-will-buy-this-metal-wire-hanger-forming-machine\"><strong>Qui ach\u00e8tera cette machine de formage de cintres en fil m\u00e9tallique ?<\/strong><\/h2>    <ul class=\"wp-block-list\"> <li><strong>Particuliers ou entreprises<\/strong> qui ouvrent leurs propres usines. Ils produisent et vendent eux-m\u00eames des cintres et ont une certaine \u00e9chelle de production OU souhaitent d\u00e9marrer une nouvelle entreprise. Que ce soit pour d\u00e9marrer ou \u00e9tendre l'\u00e9chelle de production, vous pouvez acheter nos <a href=\"https:\/\/hangermachines.com\/fr\/products\/hanger-machines\/\" target=\"_blank\" rel=\"noreferrer noopener\">machine \u00e0 cintres<\/a>.<\/li>    <li><strong>Entreprises interm\u00e9diaires<\/strong>. Ils trouveront des sources commerciales fiables pour leurs clients et ach\u00e8teront des machines de fabrication de cintres rentables. Nos machines \u00e0 cintres sont rentables car nous disposons de notre propre usine de production.<\/li> <\/ul>    <h2 class=\"wp-block-heading\" id=\"h-how-does-the-hanger-welding-forming-machine-work\"><strong>Comment fonctionne la machine de formage par soudage de cintres\u00a0?<\/strong><\/h2>    <p>Le fonctionnement de la machine est en r\u00e9alit\u00e9 assez simple.<\/p>   <div class=\"wp-block-image\"> <figure class=\"aligncenter size-full\"><img loading=\"lazy\" decoding=\"async\" width=\"1024\" height=\"768\" src=\"https:\/\/hangermachines.com\/wp-content\/uploads\/2022\/08\/hanger-making-machine-manufacturer.webp\" alt=\"fabricant de machine de fabrication de cintres\" class=\"wp-image-44\" srcset=\"https:\/\/hangermachines.com\/wp-content\/uploads\/2022\/08\/hanger-making-machine-manufacturer.webp 1024w, https:\/\/hangermachines.com\/wp-content\/uploads\/2022\/08\/hanger-making-machine-manufacturer-300x225.webp 300w, https:\/\/hangermachines.com\/wp-content\/uploads\/2022\/08\/hanger-making-machine-manufacturer-768x576.webp 768w\" sizes=\"auto, (max-width: 1024px) 100vw, 1024px\" \/><figcaption class=\"wp-element-caption\">fabricant de machine de fabrication de cintres<\/figcaption><\/figure> <\/div>   <p class=\"translation-block\"><strong> First of all<\/strong>, the line is placed along the conveyor, and when the machine is running, it is conveyed to the mouth of the studio.<\/p>    <p class=\"translation-block\"><strong>Next<\/strong>, the machine makes the wire into a hanger and welds the interface with electric welding.<\/p>    <p class=\"translation-block\"><strong>Finally<\/strong>, after completing the welding, the hanger making is finished. The finished hanger is stored along the support frame.<\/p>    <h2 class=\"wp-block-heading\" id=\"h-spotlights-of-the-clothes-hanger-wire-forming-machine\"><strong>Projecteurs de la machine de formage de fil de cintre<\/strong><\/h2>    <ol class=\"wp-block-list\"> <li>Facile \u00e0 utiliser, pratique \u00e0 entretenir.<\/li>    <li>Ajoutez la fonction de soudage et produisez des cintres de super qualit\u00e9.<\/li>    <li>Haute pr\u00e9cision et haute efficacit\u00e9.<\/li> <\/ol>   <div class=\"wp-block-image\"> <figure class=\"aligncenter size-full\"><img loading=\"lazy\" decoding=\"async\" width=\"720\" height=\"540\" src=\"https:\/\/hangermachines.com\/wp-content\/uploads\/2022\/08\/hanger-manufacturing-machine.webp\" alt=\"machine de fabrication de cintres\" class=\"wp-image-139\" srcset=\"https:\/\/hangermachines.com\/wp-content\/uploads\/2022\/08\/hanger-manufacturing-machine.webp 720w, https:\/\/hangermachines.com\/wp-content\/uploads\/2022\/08\/hanger-manufacturing-machine-300x225.webp 300w\" sizes=\"auto, (max-width: 720px) 100vw, 720px\" \/><figcaption class=\"wp-element-caption\">machine de fabrication de cintres<\/figcaption><\/figure> <\/div>   <h2 class=\"wp-block-heading\" id=\"h-cost-analysis-of-making-welding-type-hangers\"><strong>Analyse des co\u00fbts de fabrication de cintres \u00e0 souder<\/strong><\/h2>    <ul class=\"wp-block-list\"> <li>Co\u00fbt des mati\u00e8res premi\u00e8res. En fait, il existe des mati\u00e8res premi\u00e8res abondantes pour fabriquer de tels cintres, comme le fil de fer galvanis\u00e9, le fil de cuivre, le fil de fer, le fil d'aluminium, etc. Ces mati\u00e8res premi\u00e8res sont faciles \u00e0 obtenir et moins co\u00fbteuses.<\/li>    <li>Co\u00fbt des machines. Puisque vous souhaitez produire des cintres, vous avez certainement besoin de l\u2019aide de machines. Et nos machines sont rentables et peuvent vous faire \u00e9conomiser beaucoup d\u2019argent.<\/li>    <li>Co\u00fbt du travail. Un travail manuel est \u00e9galement n\u00e9cessaire. Il suffit de prendre soin de la machine de formage de cintres sur le c\u00f4t\u00e9 pendant qu'elle fonctionne.<\/li> <\/ul>   <div class=\"wp-block-image\"> <figure class=\"aligncenter size-full\"><img loading=\"lazy\" decoding=\"async\" width=\"720\" height=\"450\" src=\"https:\/\/hangermachines.com\/wp-content\/uploads\/2022\/08\/welding-hangers.webp\" alt=\"cintres de soudage \" class=\"wp-image-161\" srcset=\"https:\/\/hangermachines.com\/wp-content\/uploads\/2022\/08\/welding-hangers.webp 720w, https:\/\/hangermachines.com\/wp-content\/uploads\/2022\/08\/welding-hangers-300x188.webp 300w\" sizes=\"auto, (max-width: 720px) 100vw, 720px\" \/><figcaption class=\"wp-element-caption\">cintres de soudage <\/figcaption><\/figure> <\/div>   <h2 class=\"wp-block-heading\" id=\"h-successful-case-clothes-hanger-hook-making-machine-delivery-to-cambodia\"><strong>Cas r\u00e9ussi\u00a0: livraison d'une machine de fabrication de crochets pour cintres au Cambodge<\/strong><\/h2>    <p class=\"translation-block\"> The Cambodian customer owns a local trading company, which mainly deals with various kinds of machinery and equipment in the region. His customer wanted to buy a welding-type <a href=\"https:\/\/hangermachines.com\/fr\/product\/hanger-making-machine\/\" target=\"_blank\" rel=\"noreferrer noopener\">clothes hanger forming machine.<\/a> So he contacted us via <a href=\"https:\/\/en.wikipedia.org\/wiki\/WhatsApp\" target=\"_blank\" rel=\"noreferrer noopener\">WhatsApp<\/a>. After the introduction of the machine, the Cambodian customer thought it met his expectation. So, he confirmed with his client whether to buy it or not. Once confirmed, both parties signed the contract. And eventually, the machine was delivered to its destination.<\/p>    <h2 class=\"wp-block-heading\" id=\"h-specifications-of-the-clothes-hanger-forming-machine\"><strong>Sp\u00e9cifications de la machine de formage de cintres<\/strong><\/h2>    <figure class=\"wp-block-table\"><table><tbody><tr><td>Mod\u00e8le<\/td><td>SL-5HW<\/td><\/tr><tr><td>Diam\u00e8tre de ligne<\/td><td>1,5 mm-4,5 mm<\/td><\/tr><tr><td>Taper<\/td><td>Soudage<\/td><\/tr><tr><td>Longueur d'alimentation<\/td><td>500 mm (11-19 pouces)<\/td><\/tr><tr><td>Capacit\u00e9<\/td><td>30 pi\u00e8ces\/minute<\/td><\/tr><tr><td>Puissance du moteur<\/td><td>3,7 kW<\/td><\/tr><tr><td>Taille de la machine<\/td><td>3700*1500*1500mm<\/td><\/tr><tr><td>Poids<\/td><td>800 kg<\/td><\/tr><\/tbody><\/table><\/figure>    <h2 class=\"wp-block-heading\"><strong>Vid\u00e9o de la machine de formage de cintres pour souder des cintres<\/strong><\/h2>    <figure class=\"wp-block-embed is-type-video is-provider-youtube wp-block-embed-youtube wp-embed-aspect-16-9 wp-has-aspect-ratio\"><div class=\"wp-block-embed__wrapper\"> <iframe loading=\"lazy\" title=\"Machine \u00e0 cintrer \u00e0 souder | machine de fabrication de cintres | machine de formage\/moulage de cintres #hanger\" width=\"500\" height=\"281\" src=\"https:\/\/www.youtube.com\/embed\/RjCQBOMreIU?feature=oembed\" frameborder=\"0\" allow=\"accelerometer; autoplay; clipboard-write; encrypted-media; gyroscope; picture-in-picture; web-share\" referrerpolicy=\"strict-origin-when-cross-origin\" allowfullscreen><\/iframe> <\/div><\/figure>    <figure class=\"wp-block-embed is-type-video is-provider-youtube wp-block-embed-youtube wp-embed-aspect-16-9 wp-has-aspect-ratio\"><div class=\"wp-block-embed__wrapper\"> <iframe loading=\"lazy\" title=\"Machine de fabrication de cintres \u00e0 souder - Comment fabriquer des cintres \u00e0 l&#039;aide de m\u00e9thodes de soudage ? #hangermachine\" width=\"500\" height=\"281\" src=\"https:\/\/www.youtube.com\/embed\/3d74p-rcSgw?feature=oembed\" frameborder=\"0\" allow=\"accelerometer; autoplay; clipboard-write; encrypted-media; gyroscope; picture-in-picture; web-share\" referrerpolicy=\"strict-origin-when-cross-origin\" allowfullscreen><\/iframe> <\/div><\/figure>","protected":false},"excerpt":{"rendered":"<p>This hanger forming machine is a machine that specializes in the production of welded clothes hangers. Compared with the other clothes wire hanger machine, this machine uses welding methods to make the welded hanger stronger and sturdier. If you have any interest, please contact us! Who will buy this metal wire hanger forming machine? How [&hellip;]<\/p>\n","protected":false},"author":1,"featured_media":499,"parent":0,"template":"","tags":[25,29,28,27,26],"product-type":[6],"class_list":["post-116","product","type-product","status-publish","has-post-thumbnail","hentry","tag-hanger-forming-machine","tag-hanger-hook-making-machine","tag-hanger-welding-forming-machine","tag-metal-wire-hanger-forming-machine","tag-welding-type-hanger-making-machine","product-type-hanger-machines"],"_links":{"self":[{"href":"https:\/\/hangermachines.com\/fr\/wp-json\/wp\/v2\/product\/116","targetHints":{"allow":["GET"]}}],"collection":[{"href":"https:\/\/hangermachines.com\/fr\/wp-json\/wp\/v2\/product"}],"about":[{"href":"https:\/\/hangermachines.com\/fr\/wp-json\/wp\/v2\/types\/product"}],"author":[{"embeddable":true,"href":"https:\/\/hangermachines.com\/fr\/wp-json\/wp\/v2\/users\/1"}],"wp:featuredmedia":[{"embeddable":true,"href":"https:\/\/hangermachines.com\/fr\/wp-json\/wp\/v2\/media\/499"}],"wp:attachment":[{"href":"https:\/\/hangermachines.com\/fr\/wp-json\/wp\/v2\/media?parent=116"}],"wp:term":[{"taxonomy":"post_tag","embeddable":true,"href":"https:\/\/hangermachines.com\/fr\/wp-json\/wp\/v2\/tags?post=116"},{"taxonomy":"product-type","embeddable":true,"href":"https:\/\/hangermachines.com\/fr\/wp-json\/wp\/v2\/product-type?post=116"}],"curies":[{"name":"wp","href":"https:\/\/api.w.org\/{rel}","templated":true}]}}