{"id":30,"date":"2022-08-17T06:59:33","date_gmt":"2022-08-17T06:59:33","guid":{"rendered":"https:\/\/hangermachines.com\/?post_type=product&#038;p=30"},"modified":"2022-10-25T13:38:42","modified_gmt":"2022-10-25T05:38:42","slug":"hanger-production-line","status":"publish","type":"product","link":"https:\/\/hangermachines.com\/fr\/product\/hanger-production-line\/","title":{"rendered":"Ligne de production de cintres | Machine de fabrication de cintres"},"content":{"rendered":"<p class=\"translation-block\">La ligne de production de cintres est principalement utilis\u00e9e pour produire divers types de cintres m\u00e9nagers. Le cintre est un \u00e9l\u00e9ment indispensable du quotidien. Et la machine \u00e0 cintre est une machine indispensable pour produire des cintres. Si vous souhaitez investir dans l\u2019industrie des articles de premi\u00e8re n\u00e9cessit\u00e9, investir dans la <strong><a href=\"https:\/\/hangermachines.com\/fr\/product\/hanger-making-machine\/\" target=\"_blank\" rel=\"noreferrer noopener\">machine de fabrication de cintres<\/a><\/strong> est un bon choix.<\/p>    <p class=\"translation-block\">Notre machine \u00e0 cintres est tr\u00e8s populaire dans le monde entier, notamment en <strong>\u00c9AU, Australie, Pakistan, Kazakhstan, Cambodge, Maroc, Mexique, Su\u00e8de, Arabie Saoudite, Sri Lanka, Espagne, Y\u00e9men, Ouzb\u00e9kistan<\/strong>, etc. Si vous \u00eates int\u00e9ress\u00e9 par cette machine, n\u2019h\u00e9sitez pas \u00e0 nous appeler\u202f!<\/p>    <h2 class=\"wp-block-heading\" id=\"h-what-material-is-used-to-make-hangers\"><strong>Quel mat\u00e9riau est utilis\u00e9 pour fabriquer des cintres ?<\/strong><\/h2>    <p class=\"translation-block\">Dans la ligne de production de cintres enti\u00e8rement automatique, les mati\u00e8res premi\u00e8res utilis\u00e9es pour produire le cintre sont en r\u00e9alit\u00e9 tr\u00e8s simples. Tels que lignes de placage, fil de fer, faible teneur en carbone, <a href=\"https:\/\/en.wikipedia.org\/wiki\/Galvanization\" target=\"_blank\" rel=\"noreferrer noopener\">galvanis\u00e9<\/a>, fil PVC, etc. Si vous avez des doutes sur vos mati\u00e8res premi\u00e8res, n\u2019h\u00e9sitez pas \u00e0<a href=\"https:\/\/hangermachines.com\/fr\/contact\/\" target=\"_blank\" rel=\"noreferrer noopener\"> contacter nous<\/a> pour des classifications\u202f!<\/p>   <div class=\"wp-block-image\"> <figure class=\"aligncenter size-full\"><img loading=\"lazy\" decoding=\"async\" width=\"720\" height=\"540\" src=\"https:\/\/hangermachines.com\/wp-content\/uploads\/2022\/08\/hangers-wires.webp\" alt=\"fils de suspension\" class=\"wp-image-57\" srcset=\"https:\/\/hangermachines.com\/wp-content\/uploads\/2022\/08\/hangers-wires.webp 720w, https:\/\/hangermachines.com\/wp-content\/uploads\/2022\/08\/hangers-wires-300x225.webp 300w\" sizes=\"auto, (max-width: 720px) 100vw, 720px\" \/><figcaption>fils de suspension<\/figcaption><\/figure> <\/div>   <h2 class=\"wp-block-heading\" id=\"h-how-do-you-manufacture-hangers\"><strong>Comment fabrique-t-on des cintres ?<\/strong><\/h2>    <p>Pour produire des cintres dans une ligne de production de cintres, les \u00e9tapes suivantes sont suivies.<\/p>    <p>Tout d'abord, vous devez mettre le fil (mati\u00e8re premi\u00e8re) sur la bobine de gain, et le fil est transport\u00e9 par la machine de gain jusqu'\u00e0 l'entr\u00e9e de la machine \u00e0 cintres.<\/p>    <p>Ensuite, le fil avance le long de la roue de bobine de la machine \u00e0 cintres, puis le cintre est r\u00e9alis\u00e9 au niveau de la formation du cintre. Le cintre avancera avec la tige de support une fois termin\u00e9.<\/p>    <p>Ensuite, le processus de peinture est effectu\u00e9. Choisissez la couleur que vous souhaitez pour la peinture.<\/p>    <p>Enfin, recyclez la poudre de plastique et s\u00e9chez les cintres.<\/p>    <h2 class=\"wp-block-heading\" id=\"h-equipment-used-in-the-clothes-hanger-production-line\"><strong>\u00c9quipement utilis\u00e9 dans la cha\u00eene de production de cintres<\/strong><\/h2>    <p>Dans la ligne compl\u00e8te de fabrication de cintres en fil m\u00e9tallique, vous devez utiliser les machines suivantes\u00a0:<\/p>    <h3 class=\"wp-block-heading\" id=\"h-introduction-of-each-machine\"><strong>Pr\u00e9sentation de chaque machine<\/strong><\/h3>    <div class=\"wp-block-media-text alignwide is-stacked-on-mobile\"><figure class=\"wp-block-media-text__media\"><img loading=\"lazy\" decoding=\"async\" width=\"720\" height=\"540\" src=\"https:\/\/hangermachines.com\/wp-content\/uploads\/2022\/08\/the-initial-equipment-in-the-wire-production-line.webp\" alt=\"l&#039;\u00e9quipement initial dans la ligne de production de cintres en fil m\u00e9tallique\" class=\"wp-image-50 size-full\" srcset=\"https:\/\/hangermachines.com\/wp-content\/uploads\/2022\/08\/the-initial-equipment-in-the-wire-production-line.webp 720w, https:\/\/hangermachines.com\/wp-content\/uploads\/2022\/08\/the-initial-equipment-in-the-wire-production-line-300x225.webp 300w\" sizes=\"auto, (max-width: 720px) 100vw, 720px\" \/><\/figure><div class=\"wp-block-media-text__content\"> <p>Cette machine se situe au tout d\u00e9but de toute la cha\u00eene de production. Sa fonction principale est de mettre le fil sur cette machine et de transporter le fil vers l'avant le long du rail de la machine \u00e0 cintres.<\/p>    <p>Bien que la structure soit simple, elle constitue \u00e9galement un \u00e9l\u00e9ment indispensable de toute la cha\u00eene de production.<\/p> <\/div><\/div>    <p><\/p>    <div class=\"wp-block-media-text alignwide has-media-on-the-right is-stacked-on-mobile\"><figure class=\"wp-block-media-text__media\"><img loading=\"lazy\" decoding=\"async\" width=\"1024\" height=\"768\" src=\"https:\/\/hangermachines.com\/wp-content\/uploads\/2022\/08\/hanger-making-machine-manufacturer.webp\" alt=\"fabricant de machine de fabrication de cintres\" class=\"wp-image-44 size-full\" srcset=\"https:\/\/hangermachines.com\/wp-content\/uploads\/2022\/08\/hanger-making-machine-manufacturer.webp 1024w, https:\/\/hangermachines.com\/wp-content\/uploads\/2022\/08\/hanger-making-machine-manufacturer-300x225.webp 300w, https:\/\/hangermachines.com\/wp-content\/uploads\/2022\/08\/hanger-making-machine-manufacturer-768x576.webp 768w\" sizes=\"auto, (max-width: 1024px) 100vw, 1024px\" \/><\/figure><div class=\"wp-block-media-text__content\"> <p>La machine \u00e0 cintres en fil m\u00e9tallique est le noyau, principalement pour produire diff\u00e9rents types de cintres (ce que veulent les clients). Il peut produire 35 \u00e0 45 pi\u00e8ces\/min et la taille des cintres est de 11 \u00e0 19 pouces.<\/p>    <p>De plus, nous pouvons \u00e9galement personnaliser la machine de fabrication de cintres en fonction de vos besoins, c'est-\u00e0-dire pour produire le cintre dont vous avez besoin.<\/p> <\/div><\/div>    <p><\/p>    <div class=\"wp-block-media-text alignwide is-stacked-on-mobile\"><figure class=\"wp-block-media-text__media\"><img loading=\"lazy\" decoding=\"async\" width=\"720\" height=\"540\" src=\"https:\/\/hangermachines.com\/wp-content\/uploads\/2022\/08\/powder-spray-machine-and-recycling-machine.webp\" alt=\"machine de pulv\u00e9risation de poudre et machine de recyclage\" class=\"wp-image-52 size-full\" srcset=\"https:\/\/hangermachines.com\/wp-content\/uploads\/2022\/08\/powder-spray-machine-and-recycling-machine.webp 720w, https:\/\/hangermachines.com\/wp-content\/uploads\/2022\/08\/powder-spray-machine-and-recycling-machine-300x225.webp 300w\" sizes=\"auto, (max-width: 720px) 100vw, 720px\" \/><\/figure><div class=\"wp-block-media-text__content\"> <p>Cette \u00e9tape comporte deux \u00e9quipements, la machine de pulv\u00e9risation de poudre et la machine de recyclage de poudre. Comme son nom l\u2019indique, l\u2019une est la machine qui effectue la pulv\u00e9risation de poudre et l\u2019autre est la machine qui effectue le recyclage.<\/p>    <p>Ils sont g\u00e9n\u00e9ralement utilis\u00e9s ensemble. La fonction principale : 1) pulv\u00e9riser le cintre\u00a0; 2) recycler l\u2019exc\u00e8s de poudre pour prot\u00e9ger l\u2019environnement.<\/p> <\/div><\/div>    <p><\/p>    <div class=\"wp-block-media-text alignwide has-media-on-the-right is-stacked-on-mobile\"><figure class=\"wp-block-media-text__media\"><img loading=\"lazy\" decoding=\"async\" width=\"720\" height=\"540\" src=\"https:\/\/hangermachines.com\/wp-content\/uploads\/2022\/08\/hanger-drying-machine.webp\" alt=\"machine \u00e0 s\u00e9cher les cintres\" class=\"wp-image-43 size-full\" srcset=\"https:\/\/hangermachines.com\/wp-content\/uploads\/2022\/08\/hanger-drying-machine.webp 720w, https:\/\/hangermachines.com\/wp-content\/uploads\/2022\/08\/hanger-drying-machine-300x225.webp 300w\" sizes=\"auto, (max-width: 720px) 100vw, 720px\" \/><\/figure><div class=\"wp-block-media-text__content\"> <p>C'est la derni\u00e8re \u00e9tape, le s\u00e9chage du cintre apr\u00e8s la pulv\u00e9risation. La temp\u00e9rature de cuisson est de 180 degr\u00e9s Celsius et la dur\u00e9e est de 15 \u00e0 20 minutes une fois.<\/p>    <p>La principale raison du s\u00e9chage est que cette \u00e9tape peut faire en sorte que la couleur du cintre adh\u00e8re plus longtemps.<\/p> <\/div><\/div>    <p><\/p>    <h3 class=\"wp-block-heading\" id=\"h-machine-list-in-the-fully-automatic-hanger-production-line\"><strong>Liste des machines dans la ligne de production de cintres enti\u00e8rement automatique<\/strong><\/h3>    <figure class=\"wp-block-table\"><table><tbody><tr><td>Article<\/td><td>Mod\u00e8le<\/td><td>Param\u00e8tre<\/td><\/tr><tr><td>Machine de fabrication de cintres en fil m\u00e9tallique<strong>&nbsp;<\/strong>&nbsp;<\/td><td>SLPT-400<\/td><td>Puissance : 1,5 kW<br>Capacit\u00e9\u00a0: 35-45\u00a0pi\u00e8ces\/minute <br>Poids : 700 kg <br>Dimension\u00a0: 1800*800*1650mm&nbsp;<\/td><\/tr><tr><td>Pulv\u00e9risateur<strong>&nbsp;<\/strong>&nbsp;<\/td><td>DMT-23580<\/td><td>Poids : 25kg<\/td><\/tr><tr><td>Machine de recyclage de poudre<strong>&nbsp;<\/strong>&nbsp;<strong>&nbsp;<\/strong><\/td><td>PMR-4<\/td><td>Puissance : 3 kW <br>Taille\u00a0:\u00a01,5\u00a0*\u00a01,1\u00a0*\u00a02\u00a0m<\/td><\/tr><tr><td>Machine \u00e0 four<strong>&nbsp;<\/strong>&nbsp;<\/td><td>DMSL-300<\/td><td>Taille de la machine\u00a0: 3*2,0*1,8 m <br>Temp\u00e9rature de cuisson : 180 degr\u00e9s <br>Temps de cuisson : 15-20min\/temps<\/td><\/tr><\/tbody><\/table><\/figure>    <p>Lorsque vous choisissez la machine, nous pouvons \u00e9galement fournir la poudre et les fils. Nous avons diff\u00e9rentes couleurs de poudre au choix. De plus, nous proposons aux clients des fils, comme du fil galvanis\u00e9 de 1,8 \u00e0 3,0 mm.<\/p>    <h2 class=\"wp-block-heading\" id=\"h-advantages-of-the-wire-hanger-production-line\"><strong>Avantages de la ligne de production de cintres en fil m\u00e9tallique<\/strong><\/h2>    <ol class=\"wp-block-list\"><li>L\u2019ensemble du processus est facile \u00e0 comprendre et tr\u00e8s convivial.<\/li><li>Une productivit\u00e9 \u00e9lev\u00e9e et une large gamme de types de cintres peuvent \u00eatre produits.<\/li><li>Machine de bonne qualit\u00e9, fonctionnement stable et entretien facile.<\/li><li>La machine \u00e0 cintres est compos\u00e9e d'un mat\u00e9riau en plaque de fer et a une longue dur\u00e9e de vie.<\/li><li>La commande \u00e9lectrique et le r\u00e9glage manuel coop\u00e8rent, ce qui est plus pratique \u00e0 utiliser.<\/li><li>En utilisant un cylindre d'huile liquide \u00e0 double pression, la pr\u00e9cision est plus pr\u00e9cise.<\/li><\/ol>    <h2 class=\"wp-block-heading\" id=\"h-shuliy-machinery-the-credited-hanger-machine-manufacutre-supplier\"><strong>Shuliy Machinery \u2013 le fabricant et fournisseur reconnu de machines \u00e0 cintres<\/strong><\/h2>    <p>Nous, Shuliy Machinery, sommes une entreprise r\u00e9put\u00e9e sur les march\u00e9s nationaux et internationaux, avec les principaux points suivants.<\/p>    <p class=\"translation-block\"><strong>Machine de bonne qualit\u00e9<\/strong> et <strong>au bon prix<\/strong>. Lors du choix des produits, le prix ne fait pas tout, la qualit\u00e9 compte aussi. Et nos produits r\u00e9pondent \u00e0 ce point.<\/p>    <p class=\"translation-block\"><strong>Soutien \u00e0 la personnalisation des machines<\/strong>. Car tous les clients ne veulent pas produire dans l\u2019usine, et la personnalisation permettra de produire la machine que les clients veulent. C\u2019est une situation gagnant-gagnant pour les deux parties.<\/p>    <p class=\"translation-block\"><strong>Service apr\u00e8s-vente<\/strong>. Le service apr\u00e8s-vente est \u00e9galement une priorit\u00e9 absolue. Notre personnel fournira aux clients un service apr\u00e8s-vente rapide et efficace, ce qui est l\u2019une de nos caract\u00e9ristiques.<\/p>    <h2 class=\"wp-block-heading\" id=\"h-is-it-profitable-to-invest-in-the-hanger-production-line\"><strong>Est-il rentable d\u2019investir dans une ligne de production de cintres ?<\/strong><\/h2>    <div class=\"wp-block-columns is-layout-flex wp-container-core-columns-is-layout-9d6595d7 wp-block-columns-is-layout-flex\"> <div class=\"wp-block-column is-layout-flow wp-block-column-is-layout-flow\"> <figure class=\"wp-block-image size-full\"><img loading=\"lazy\" decoding=\"async\" width=\"540\" height=\"720\" src=\"https:\/\/hangermachines.com\/wp-content\/uploads\/2022\/08\/hanger-market.webp\" alt=\"march\u00e9 aux cintres\" class=\"wp-image-58\" srcset=\"https:\/\/hangermachines.com\/wp-content\/uploads\/2022\/08\/hanger-market.webp 540w, https:\/\/hangermachines.com\/wp-content\/uploads\/2022\/08\/hanger-market-225x300.webp 225w\" sizes=\"auto, (max-width: 540px) 100vw, 540px\" \/><figcaption>march\u00e9 des cintres<\/figcaption><\/figure> <\/div>    <div class=\"wp-block-column is-layout-flow wp-block-column-is-layout-flow\"> <p><\/p>    <p><\/p>    <p><\/p>    <p>La r\u00e9ponse est bien s\u00fbr oui. Parce que les cintres font partie des articles m\u00e9nagers, ils constituent un \u00e9l\u00e9ment indispensable de la vie quotidienne. Il existe \u00e9galement de nombreux fabricants, il est donc essentiel de choisir la bonne machine de fabrication de cintres. Parce qu'il est n\u00e9cessaire de produire des cintres de haute qualit\u00e9 afin qu'ils puissent ouvrir rapidement les ventes sur le march\u00e9. Dans le m\u00eame temps, il y aura une bonne r\u00e9putation, qui jettera les bases d\u2019un d\u00e9veloppement ult\u00e9rieur.<\/p>    <p>Si vous avez besoin d'aide, n'h\u00e9sitez pas \u00e0 nous contacter\u00a0!<\/p> <\/div> <\/div>    <h2 class=\"wp-block-heading\" id=\"h-attentions-when-running-the-hanger-produciton-line\"><strong>Attentions lors de l'ex\u00e9cution de la ligne de production de cintres<\/strong><\/h2>    <ol class=\"wp-block-list\"><li>Veuillez utiliser la machine \u00e0 condition que la machine de moulage et la s\u00e9curit\u00e9 personnelle soient garanties.<\/li><li>L'alimentation \u00e9lectrique de la machine est triphas\u00e9e et \u00e0 cinq fils, soit des fils triphas\u00e9s, un fil neutre et un fil de terre. La tension de ligne est de 380 V, la tension de phase est de 220 V et la puissance totale est d'environ 2,2 kW, garantissant une mise \u00e0 la terre fiable.<\/li><li>Lorsque la machine de moulage est sous tension, il n'est pas permis de faire tourner de force le servomoteur d'alimentation, sinon le servocontr\u00f4leur sera endommag\u00e9. Si vous devez faire tourner le servomoteur d'alimentation, veuillez utiliser les boutons \u00ab alimentation par jogging \u00bb, \u00ab retour par jogging \u00bb et \u00ab alimentation manuelle \u00bb dans la \u00ab surveillance de la production \u00bb de l'interface homme-machine pour effectuer les op\u00e9rations associ\u00e9es.<\/li><\/ol>    <h2 class=\"wp-block-heading\" id=\"h-successsful-case-automatic-hanger-production-process-line-exported-to-uae\"><strong>Cas de r\u00e9ussite\u00a0:\u00a0une cha\u00eene de production automatique de cintres export\u00e9e aux \u00c9mirats arabes unis<\/strong><\/h2>    <p>Un client des \u00c9mirats arabes unis nous a contact\u00e9 en raison de notre service de personnalisation. Il souhaitait acheter une ligne compl\u00e8te de production de cintres et produire des cintres avec un mod\u00e8le papillon. Apr\u00e8s que notre directeur commercial en ait eu connaissance, il lui a fait une pr\u00e9sentation d\u00e9taill\u00e9e de la machine et il en a \u00e9t\u00e9 tr\u00e8s satisfait. Les deux parties ont donc eu une coop\u00e9ration gagnant-gagnant. Dans l'image ci-dessous, nous chargeons les marchandises.<\/p>   <div class=\"wp-block-image\"> <figure class=\"aligncenter size-full\"><img loading=\"lazy\" decoding=\"async\" width=\"720\" height=\"540\" src=\"https:\/\/hangermachines.com\/wp-content\/uploads\/2022\/08\/loading-machines-in-the-whole-hanger-production-line.webp\" alt=\"machines de chargement dans toute la ligne de production de cintres\" class=\"wp-image-55\" srcset=\"https:\/\/hangermachines.com\/wp-content\/uploads\/2022\/08\/loading-machines-in-the-whole-hanger-production-line.webp 720w, https:\/\/hangermachines.com\/wp-content\/uploads\/2022\/08\/loading-machines-in-the-whole-hanger-production-line-300x225.webp 300w\" sizes=\"auto, (max-width: 720px) 100vw, 720px\" \/><figcaption>machines de chargement dans toute la ligne de production de cintres<\/figcaption><\/figure> <\/div>   <h2 class=\"wp-block-heading\"><strong>Vid\u00e9o du flux de travail de la ligne de production de cintres enti\u00e8rement automatique<\/strong><\/h2>    <figure class=\"wp-block-embed is-type-video is-provider-youtube wp-block-embed-youtube wp-embed-aspect-16-9 wp-has-aspect-ratio\"><div class=\"wp-block-embed__wrapper\"> <iframe loading=\"lazy\" title=\"Ligne de production de cintres enti\u00e8rement automatique | machine de fabrication de cintres de Shuliy #hanger\" width=\"500\" height=\"281\" src=\"https:\/\/www.youtube.com\/embed\/CTw3lbvZO_Q?feature=oembed\" frameborder=\"0\" allow=\"accelerometer; autoplay; clipboard-write; encrypted-media; gyroscope; picture-in-picture; web-share\" referrerpolicy=\"strict-origin-when-cross-origin\" allowfullscreen><\/iframe> <\/div><\/figure>","protected":false},"excerpt":{"rendered":"<p>The clothes hanger production line is mainly used to produce various types of household-type clothes hangers. The clothes hanger is an essential household item in life. And hanger machine is an essential machine to produce hangers. If you want to involve invest in the daily necessities industry, investing in the clothes hanger making machine is [&hellip;]<\/p>\n","protected":false},"author":1,"featured_media":48,"parent":0,"template":"","tags":[10,12,11,9,13],"product-type":[5],"class_list":["post-30","product","type-product","status-publish","has-post-thumbnail","hentry","tag-clothes-hanger-making-machine","tag-hanger-machine","tag-hanger-making-machine","tag-hanger-production-line","tag-wire-hanger-production-line","product-type-production-line"],"_links":{"self":[{"href":"https:\/\/hangermachines.com\/fr\/wp-json\/wp\/v2\/product\/30","targetHints":{"allow":["GET"]}}],"collection":[{"href":"https:\/\/hangermachines.com\/fr\/wp-json\/wp\/v2\/product"}],"about":[{"href":"https:\/\/hangermachines.com\/fr\/wp-json\/wp\/v2\/types\/product"}],"author":[{"embeddable":true,"href":"https:\/\/hangermachines.com\/fr\/wp-json\/wp\/v2\/users\/1"}],"wp:featuredmedia":[{"embeddable":true,"href":"https:\/\/hangermachines.com\/fr\/wp-json\/wp\/v2\/media\/48"}],"wp:attachment":[{"href":"https:\/\/hangermachines.com\/fr\/wp-json\/wp\/v2\/media?parent=30"}],"wp:term":[{"taxonomy":"post_tag","embeddable":true,"href":"https:\/\/hangermachines.com\/fr\/wp-json\/wp\/v2\/tags?post=30"},{"taxonomy":"product-type","embeddable":true,"href":"https:\/\/hangermachines.com\/fr\/wp-json\/wp\/v2\/product-type?post=30"}],"curies":[{"name":"wp","href":"https:\/\/api.w.org\/{rel}","templated":true}]}}