{"id":59,"date":"2022-08-18T08:32:26","date_gmt":"2022-08-18T08:32:26","guid":{"rendered":"https:\/\/hangermachines.com\/?post_type=product&#038;p=59"},"modified":"2022-12-29T17:45:00","modified_gmt":"2022-12-29T09:45:00","slug":"coated-hanger-production-line","status":"publish","type":"product","link":"https:\/\/hangermachines.com\/fr\/product\/coated-hanger-production-line\/","title":{"rendered":"Ligne de production de cintres enduits | Processus de fabrication de cintres en plastique"},"content":{"rendered":"<p>La ligne de production de cintres enduits prend d'abord le fil envelopp\u00e9 avec le manteau, puis une machine \u00e0 cintres en plastique est utilis\u00e9e pour la production de cintres. <\/p>    <p class=\"translation-block\">En g\u00e9n\u00e9ral, il est rev\u00eatu de <a href=\"https:\/\/en.wikipedia.org\/wiki\/Polyvinyl_chloride\" target=\"_blank\" rel=\"noreferrer noopener\">PVC<\/a>, PE, PP, PA et d'autres rev\u00eatements de type plastique. Le cintre produit de cette mani\u00e8re a une dur\u00e9e de vie plus longue car il est isol\u00e9 de l'humidit\u00e9 lors du s\u00e9chage des v\u00eatements. <\/p>    <p>En outre, l\u2019ensemble du processus de production est facile \u00e0 utiliser, efficace et fluide. Si vous souhaitez des cintres recouverts de PVC, investir dans cette gamme est un bon choix. S'il vous pla\u00eet contactez-nous pour plus de d\u00e9tails!<\/p>    <h2 class=\"wp-block-heading\" id=\"h-introduction-of-the-plastic-hanger-manufacturing-process\"><strong>Introduction du processus de fabrication des cintres en plastique<\/strong><\/h2>    <p class=\"translation-block\">Le processus de production complet : d'abord rev\u00eatir le fil, puis utiliser la <a href=\"https:\/\/hangermachines.com\/fr\/product\/coat-hanger-machine\/\" target=\"_blank\" rel=\"noreferrer noopener\">machine \u00e0 rev\u00eatir les cintres<\/a> pour produire les cintres rev\u00eatus. <\/p>   <div class=\"wp-block-image\"> <figure class=\"aligncenter size-full\"><img loading=\"lazy\" decoding=\"async\" width=\"720\" height=\"540\" src=\"https:\/\/hangermachines.com\/wp-content\/uploads\/2022\/08\/plastic-coated-hanger-production-line.webp\" alt=\"ligne de production de cintres plastifi\u00e9s\" class=\"wp-image-67\" srcset=\"https:\/\/hangermachines.com\/wp-content\/uploads\/2022\/08\/plastic-coated-hanger-production-line.webp 720w, https:\/\/hangermachines.com\/wp-content\/uploads\/2022\/08\/plastic-coated-hanger-production-line-300x225.webp 300w\" sizes=\"auto, (max-width: 720px) 100vw, 720px\" \/><figcaption class=\"wp-element-caption\">ligne de production de cintres plastifi\u00e9s<\/figcaption><\/figure> <\/div>   <h3 class=\"wp-block-heading\" id=\"h-steps-of-the-coated-hanger-production-line\"><strong>\u00c9tapes de la ligne de production de cintres enduits<\/strong><\/h3>    <p class=\"translation-block\"><strong>\u00c9tape 1 : Machine \u00e0 rouler<\/strong><\/p>    <p>Mettez le fil sur la machine et suivez une certaine piste jusqu'\u00e0 l'entr\u00e9e de la machine principale de la prochaine colleuse.<\/p>   <div class=\"wp-block-image\"> <figure class=\"aligncenter size-full\"><img loading=\"lazy\" decoding=\"async\" width=\"720\" height=\"540\" src=\"https:\/\/hangermachines.com\/wp-content\/uploads\/2022\/08\/rolling-machine.webp\" alt=\"machine de laminage\" class=\"wp-image-69\" srcset=\"https:\/\/hangermachines.com\/wp-content\/uploads\/2022\/08\/rolling-machine.webp 720w, https:\/\/hangermachines.com\/wp-content\/uploads\/2022\/08\/rolling-machine-300x225.webp 300w\" sizes=\"auto, (max-width: 720px) 100vw, 720px\" \/><figcaption class=\"wp-element-caption\">machine de laminage<\/figcaption><\/figure> <\/div>   <p class=\"translation-block\"><strong>\u00c9tape 2 : Extrudeuse de plastique<\/strong><\/p>    <p>Cette \u00e9tape consiste principalement \u00e0 r\u00e9aliser le rev\u00eatement des fils, en option du PVC, PE, PP, PA et autres mati\u00e8res plastiques.<\/p>   <div class=\"wp-block-image\"> <figure class=\"aligncenter size-full\"><img loading=\"lazy\" decoding=\"async\" width=\"720\" height=\"540\" src=\"https:\/\/hangermachines.com\/wp-content\/uploads\/2022\/08\/plastic-extruder.webp\" alt=\"extrudeuse de plastique\" class=\"wp-image-70\" srcset=\"https:\/\/hangermachines.com\/wp-content\/uploads\/2022\/08\/plastic-extruder.webp 720w, https:\/\/hangermachines.com\/wp-content\/uploads\/2022\/08\/plastic-extruder-300x225.webp 300w\" sizes=\"auto, (max-width: 720px) 100vw, 720px\" \/><figcaption class=\"wp-element-caption\">extrudeuse de plastique<\/figcaption><\/figure> <\/div>   <p class=\"translation-block\"><strong>\u00c9tape 3 : R\u00e9servoir de refroidissement &amp; stockage de fil <\/strong> <\/p>    <p>Le fil enduit est refroidi pour rendre le plastique plus confortable et durable. Apr\u00e8s cela, utilisez la machine \u00e0 fil de stockage pour stocker le fil enduit. <\/p>   <div class=\"wp-block-image\"> <figure class=\"aligncenter size-full\"><img loading=\"lazy\" decoding=\"async\" width=\"720\" height=\"540\" src=\"https:\/\/hangermachines.com\/wp-content\/uploads\/2022\/08\/cooling-tank.webp\" alt=\"r\u00e9servoir de refroidissement\" class=\"wp-image-71\" srcset=\"https:\/\/hangermachines.com\/wp-content\/uploads\/2022\/08\/cooling-tank.webp 720w, https:\/\/hangermachines.com\/wp-content\/uploads\/2022\/08\/cooling-tank-300x225.webp 300w\" sizes=\"auto, (max-width: 720px) 100vw, 720px\" \/><figcaption class=\"wp-element-caption\">r\u00e9servoir de refroidissement<\/figcaption><\/figure> <\/div>   <p class=\"translation-block\"><strong>\u00c9tape 4 : Machine \u00e0 fabriquer des cintres en plastique<\/strong><\/p>    <p>Utilisez la machine \u00e0 cintres Shuliy pour fabriquer le cintre enduit, et diff\u00e9rentes formes de cintre peuvent \u00eatre r\u00e9alis\u00e9es selon les exigences du client.<\/p>   <div class=\"wp-block-image\"> <figure class=\"aligncenter size-full\"><img loading=\"lazy\" decoding=\"async\" width=\"720\" height=\"540\" src=\"https:\/\/hangermachines.com\/wp-content\/uploads\/2022\/08\/plastic-coat-hanger-machine.webp\" alt=\"machine \u00e0 cintres en plastique\" class=\"wp-image-73\" srcset=\"https:\/\/hangermachines.com\/wp-content\/uploads\/2022\/08\/plastic-coat-hanger-machine.webp 720w, https:\/\/hangermachines.com\/wp-content\/uploads\/2022\/08\/plastic-coat-hanger-machine-300x225.webp 300w\" sizes=\"auto, (max-width: 720px) 100vw, 720px\" \/><figcaption class=\"wp-element-caption\">machine \u00e0 cintres en plastique<\/figcaption><\/figure> <\/div>   <h3 class=\"wp-block-heading\" id=\"h-machine-list-in-the-coated-hanger-production-line\"><strong>Liste des machines dans la ligne de production de cintres enduits<\/strong><\/h3>    <figure class=\"wp-block-table\"><table><tbody><tr><td>Article<\/td><td>Mod\u00e8le<\/td><td>Quantit\u00e9<\/td><td>Param\u00e8tre<\/td><\/tr><tr><td>Machine de laminage<\/td><td>\/<\/td><td>1 jeu<\/td><td>Contient deux bobines de fil <br>Moteur\u00a0:\u00a02,2 kW <br>Moteur inverseur<\/td><\/tr><tr><td>Extrudeuse de plastique<\/td><td>\/<\/td><td>1 jeu<\/td><td>Diam\u00e8tre de vis: 65mm <br>Moteur\u00a0:\u00a07,5 kW<br>Moteur inverseur<\/td><\/tr><tr><td>R\u00e9servoir d'eau de refroidissement<\/td><td>\/<\/td><td>3 m (longueur) <\/td><td>Mat\u00e9riel: acier inoxydable&nbsp;<br>Pompe \u00e0 eau\u00a0: 1 jeu<\/td><\/tr><tr><td>Machine \u00e0 fil de stockage<\/td><td>\/<\/td><td>1 jeu<\/td><td> Diam\u00e8tre: 550mm<\/td><\/tr><tr><td>Machine de fabrication de cintres en plastique<strong>&nbsp;<\/strong>&nbsp;<\/td><td>SLPT-400<\/td><td>1 jeu<\/td><td>Puissance : 1,5 kW<br>Capacit\u00e9\u00a0: 35-45\u00a0pi\u00e8ces\/minute<br>Poids : 700 kg<br>Dimension\u00a0: 1800*800*1650mm&nbsp;<\/td><\/tr><\/tbody><\/table><\/figure>    <p>L'ensemble de la ligne de production de cintres en plastique enduit peut produire des cintres enduits pr\u00e9sentant les caract\u00e9ristiques d'un rendement \u00e9lev\u00e9 et d'une longue dur\u00e9e de vie. Si vous \u00eates int\u00e9ress\u00e9 par ce processus de fabrication de cintres en plastique, n'h\u00e9sitez pas \u00e0 nous contacter \u00e0 tout moment. Et nous vous r\u00e9pondrons dans les plus brefs d\u00e9lais !<\/p>    <h2 class=\"wp-block-heading\" id=\"h-spotlights-of-the-fully-automatic-coated-plastic-hanger-production-line\"><strong>Projecteurs de la ligne de production de cintres en plastique enduit enti\u00e8rement automatique<\/strong><\/h2>    <ol class=\"wp-block-list\"> <li>Divers mat\u00e9riaux de rev\u00eatement. La couche externe peut \u00eatre envelopp\u00e9e de diff\u00e9rents plastiques tels que le PVC, le PE, le PP, le PA, etc.<\/li>    <li>Haute efficacit\u00e9. La machine \u00e0 cintres en plastique peut produire 35 \u00e0 45 cintres par minute.<\/li>    <li>Service personnalis\u00e9. Nous pouvons personnaliser la machine de formage de cintres en fonction de la forme du cintre requise par les clients.<\/li>    <li>Les cintres produits ont des rev\u00eatements denses, une \u00e9paisseur uniforme de la couche de plastique, une taille stable et un aspect propre.<\/li>    <li>Enti\u00e8rement automatique, \u00e9conomisez du travail et du temps, la ligne de production de cintres enduits est donc un bon choix pour l'investissement.<\/li> <\/ol>    <h2 class=\"wp-block-heading\" id=\"h-why-use-the-coated-hangers\"><strong>Pourquoi utiliser les cintres enduits ?<\/strong><\/h2>    <p>Compar\u00e9s \u00e0 d'autres types de cintres, ces cintres durent plus longtemps et respectent les v\u00eatements. Et gr\u00e2ce \u00e0 la pr\u00e9sence des rev\u00eatements, le cintre ne sera pas endommag\u00e9 apr\u00e8s une chute accidentelle du cintre sur le sol. Il y a donc \u00e9galement une certaine protection pour les cintres. <\/p>    <p>Et pour le climat pluvieux, les cintres avec rev\u00eatement en plastique PVC sont plus populaires. Il existe donc encore un march\u00e9 potentiel pour les cintres enduits. Si vous souhaitez investir dans la ligne de production de cintres enduits, contactez-nous pour plus de d\u00e9tails !<\/p>   <div class=\"wp-block-image\"> <figure class=\"aligncenter size-full\"><img loading=\"lazy\" decoding=\"async\" width=\"720\" height=\"540\" src=\"https:\/\/hangermachines.com\/wp-content\/uploads\/2022\/08\/coated-hangers.webp\" alt=\"cintres enduits\" class=\"wp-image-78\" srcset=\"https:\/\/hangermachines.com\/wp-content\/uploads\/2022\/08\/coated-hangers.webp 720w, https:\/\/hangermachines.com\/wp-content\/uploads\/2022\/08\/coated-hangers-300x225.webp 300w\" sizes=\"auto, (max-width: 720px) 100vw, 720px\" \/><figcaption class=\"wp-element-caption\">cintres enduits<\/figcaption><\/figure> <\/div>   <h2 class=\"wp-block-heading\" id=\"h-what-benefits-can-you-get-after-using-the-plastic-hanger-making-machine\"><strong>Quels avantages pouvez-vous obtenir apr\u00e8s avoir utilis\u00e9 la machine de fabrication de cintres en plastique\u00a0? <\/strong><\/h2>    <ul class=\"wp-block-list\"> <li><strong>Cintres en plastique de haute qualit\u00e9<\/strong>. Parce que notre ligne de production de cintres enduits est une production de cintres de qualit\u00e9 sup\u00e9rieure, vous pouvez obtenir des cintres de bonne qualit\u00e9 en achetant et en utilisant notre ligne de production.<\/li>    <li><strong>Am\u00e9liorez la r\u00e9putation de votre entreprise<\/strong>. De nos jours, la concurrence sur le march\u00e9 est tr\u00e8s f\u00e9roce et les excellents cintres que vous produisez peuvent vous aider \u00e0 gagner les \u00e9loges de vos clients. Ainsi, cela contribue \u00e0 am\u00e9liorer la r\u00e9putation de votre entreprise et \u00e0 cr\u00e9er une bonne image d\u2019entreprise aupr\u00e8s du monde ext\u00e9rieur.<\/li>    <li><strong>Doublez votre profit<\/strong>. Avec l\u2019ajout des deux points ci-dessus, vos ventes seront certainement en avance sur celles des entreprises du m\u00eame type. Alors, naturellement, votre profit sera \u00e9galement consid\u00e9rablement augment\u00e9.<\/li> <\/ul>   <div class=\"wp-block-image\"> <figure class=\"aligncenter size-full\"><img loading=\"lazy\" decoding=\"async\" width=\"1024\" height=\"768\" src=\"https:\/\/hangermachines.com\/wp-content\/uploads\/2022\/08\/hanger-making-machine-manufacturer.webp\" alt=\"fabricant de machine de fabrication de cintres\" class=\"wp-image-44\" srcset=\"https:\/\/hangermachines.com\/wp-content\/uploads\/2022\/08\/hanger-making-machine-manufacturer.webp 1024w, https:\/\/hangermachines.com\/wp-content\/uploads\/2022\/08\/hanger-making-machine-manufacturer-300x225.webp 300w, https:\/\/hangermachines.com\/wp-content\/uploads\/2022\/08\/hanger-making-machine-manufacturer-768x576.webp 768w\" sizes=\"auto, (max-width: 1024px) 100vw, 1024px\" \/><figcaption class=\"wp-element-caption\">fabricant de machine de fabrication de cintres<\/figcaption><\/figure> <\/div>   <h2 class=\"wp-block-heading\" id=\"h-services-provided-by-shuliy-machinery\"><strong>Services fournis par Shuliy Machinery<\/strong><\/h2>    <ul class=\"wp-block-list\"> <li><strong>Service d'\u00e9quipe professionnelle<\/strong>. Nos vendeurs sont tous strictement form\u00e9s avant de pouvoir \u00eatre employ\u00e9s. Tous ont donc une compr\u00e9hension tr\u00e8s compl\u00e8te de la cha\u00eene de production de cintres enduits et peuvent vous proposer la solution optimale en fonction de vos exigences.<\/li>    <li><strong>Service d'orientation en ligne<\/strong>. Apr\u00e8s la vente de la machine, si vous avez besoin d'effectuer un service de conseil en ligne, nous pouvons vous rencontrer.<\/li>    <li><strong>Mode d'emploi des machines<\/strong>. Avant d'envoyer la machine, nous stockerons le manuel d'instructions avec la machine, ce qui peut vous aider \u00e0 mieux utiliser la machine.<\/li>    <li><strong>Service avant-vente, vente et apr\u00e8s-vente<\/strong>. Apr\u00e8s avoir demand\u00e9 la machine, nous vous fournirons un service de vente complet en fonction de vos besoins.<\/li>    <li><strong>Service de personnalisation<\/strong>. Shuliy Machinery peut personnaliser la machine de fabrication de cintres en fil m\u00e9tallique en fonction de la forme du cintre que vous souhaitez produire.<\/li> <\/ul>   <div class=\"wp-block-image\"> <figure class=\"aligncenter size-full\"><img loading=\"lazy\" decoding=\"async\" width=\"720\" height=\"540\" src=\"https:\/\/hangermachines.com\/wp-content\/uploads\/2022\/08\/good-customer-relationship.webp\" alt=\"bonne relation client\" class=\"wp-image-77\" srcset=\"https:\/\/hangermachines.com\/wp-content\/uploads\/2022\/08\/good-customer-relationship.webp 720w, https:\/\/hangermachines.com\/wp-content\/uploads\/2022\/08\/good-customer-relationship-300x225.webp 300w\" sizes=\"auto, (max-width: 720px) 100vw, 720px\" \/><figcaption class=\"wp-element-caption\">bonne relation client<\/figcaption><\/figure> <\/div>   <h2 class=\"wp-block-heading\" id=\"h-maintenance-of-the-plastic-hanger-making-machine\"><strong>Entretien de la machine de fabrication de cintres en plastique<\/strong><\/h2>    <ol class=\"wp-block-list\"> <li>Veuillez couper l'alimentation \u00e9lectrique lorsque la machine ne fonctionne pas. Et interdire de l'allumer pendant longtemps et de ne pas l'utiliser.<\/li>    <li>Faites le plein 2 fois par quart de travail, ajoutez-le \u00e0 divers yeux d'huile et vous pourrez le d\u00e9marrer pour un essai.<\/li>    <li>V\u00e9rifiez r\u00e9guli\u00e8rement (2 mois) la quantit\u00e9 d'huile dans le bo\u00eetier de r\u00e9duction. Lorsque la quantit\u00e9 d'huile n'est pas suffisante, veuillez ajouter suffisamment d'huile pour engrenages.<\/li>    <li>Gardez la machine propre, s\u00e8che et a\u00e9r\u00e9e.<\/li>    <li>Faites r\u00e9guli\u00e8rement le plein de la partie transmission (engrenage du m\u00e9canisme mobile, etc.).<\/li> <\/ol>    <h2 class=\"wp-block-heading\" id=\"h-successful-case-the-automatic-powder-coated-hanger-production-line-for-sale-to-australia\"><strong>Cas de r\u00e9ussite\u00a0: la ligne de production automatique de cintres rev\u00eatus de poudre est vendue \u00e0 l'Australie<\/strong><\/h2>    <p>Ce client australien recherchait sp\u00e9cifiquement la production de cintres plastifi\u00e9s. En raison des caract\u00e9ristiques climatiques de l'Australie, il est plus \u00e9conomique d'utiliser des cintres plastifi\u00e9s. <\/p>    <p>Par cons\u00e9quent, apr\u00e8s avoir vu nos machines sur le site Web, le client australien nous a contact\u00e9 et nous a pos\u00e9 des questions sur la ligne de production de cintres plastifi\u00e9s. Notre directeur commercial a pr\u00e9sent\u00e9 la machine avec patience et soin. <\/p>    <p>Apr\u00e8s avoir compris la machine, le client australien a \u00e9t\u00e9 tr\u00e8s satisfait et a imm\u00e9diatement sign\u00e9 la commande. Une fois la production termin\u00e9e, le client a \u00e9galement demand\u00e9 un essai de la machine. Il \u00e9tait \u00e9galement tr\u00e8s satisfait du r\u00e9sultat de la machine de test. Ensuite, nous avons organis\u00e9 la livraison.<\/p>    <figure class=\"wp-block-gallery aligncenter has-nested-images columns-default is-cropped wp-block-gallery-2 is-layout-flex wp-block-gallery-is-layout-flex\"> <figure class=\"wp-block-image size-large\"><img loading=\"lazy\" decoding=\"async\" width=\"720\" height=\"540\" data-id=\"75\" src=\"https:\/\/hangermachines.com\/wp-content\/uploads\/2022\/08\/coat-hanger-machine.webp\" alt=\"machine \u00e0 cintres\" class=\"wp-image-75\" srcset=\"https:\/\/hangermachines.com\/wp-content\/uploads\/2022\/08\/coat-hanger-machine.webp 720w, https:\/\/hangermachines.com\/wp-content\/uploads\/2022\/08\/coat-hanger-machine-300x225.webp 300w\" sizes=\"auto, (max-width: 720px) 100vw, 720px\" \/><figcaption class=\"wp-element-caption\">machine \u00e0 cintres<\/figcaption><\/figure>    <figure class=\"wp-block-image size-large\"><img loading=\"lazy\" decoding=\"async\" width=\"720\" height=\"540\" data-id=\"76\" src=\"https:\/\/hangermachines.com\/wp-content\/uploads\/2022\/08\/loading-and-delivery.webp\" alt=\"chargement et livraison\" class=\"wp-image-76\" srcset=\"https:\/\/hangermachines.com\/wp-content\/uploads\/2022\/08\/loading-and-delivery.webp 720w, https:\/\/hangermachines.com\/wp-content\/uploads\/2022\/08\/loading-and-delivery-300x225.webp 300w\" sizes=\"auto, (max-width: 720px) 100vw, 720px\" \/><figcaption class=\"wp-element-caption\">chargement et livraison<\/figcaption><\/figure> <\/figure>    <h2 class=\"wp-block-heading\"><strong>Vid\u00e9o du processus de travail de la ligne de production de cintres enduits<\/strong><\/h2>    <figure class=\"wp-block-embed is-type-video is-provider-youtube wp-block-embed-youtube wp-embed-aspect-16-9 wp-has-aspect-ratio\"><div class=\"wp-block-embed__wrapper\"> <iframe loading=\"lazy\" title=\"Ligne de production de cintres enduits | comment produire les cintres enduits de PVC ? 1TP5Manger\" width=\"500\" height=\"281\" src=\"https:\/\/www.youtube.com\/embed\/oVanIpWidjg?feature=oembed\" frameborder=\"0\" allow=\"accelerometer; autoplay; clipboard-write; encrypted-media; gyroscope; picture-in-picture; web-share\" referrerpolicy=\"strict-origin-when-cross-origin\" allowfullscreen><\/iframe> <\/div><\/figure>    <h2 class=\"wp-block-heading\" id=\"h-related-hanger-production-line\"><strong>Ligne de production de cintres associ\u00e9e<\/strong><\/h2>    <p class=\"translation-block\">Cette <a href=\"https:\/\/hangermachines.com\/fr\/product\/hanger-production-line\/\" target=\"_blank\" rel=\"noreferrer noopener\">ligne de production de cintres<\/a> peut \u00e9galement produire d'excellents cintres pour le s\u00e9chage des v\u00eatements. Si vous souhaitez en savoir plus, veuillez consulter cet article et nous contacter !<\/p>    <figure class=\"wp-block-embed is-type-wp-embed is-provider-hanger-machines wp-block-embed-hanger-machines\"><div class=\"wp-block-embed__wrapper\"> <blockquote class=\"wp-embedded-content\" data-secret=\"NYJbghS8SJ\"><a href=\"https:\/\/hangermachines.com\/fr\/product\/hanger-production-line\/\">Ligne de production de cintres | Machine de fabrication de cintres<\/a><\/blockquote><iframe loading=\"lazy\" class=\"wp-embedded-content\" sandbox=\"allow-scripts\" security=\"restricted\" style=\"position: absolute; clip: rect(1px, 1px, 1px, 1px);\" title=\"\u00ab\u00a0Ligne de production de cintres | Machine de fabrication de cintres \u00bb- Machines \u00e0 cintres\" src=\"https:\/\/hangermachines.com\/product\/hanger-production-line\/embed\/#?secret=VN3nnsBqXG#?secret=NYJbghS8SJ\" data-secret=\"NYJbghS8SJ\" width=\"500\" height=\"282\" frameborder=\"0\" marginwidth=\"0\" marginheight=\"0\" scrolling=\"no\"><\/iframe> <\/div><\/figure>","protected":false},"excerpt":{"rendered":"<p>The coated hanger production line takes the wire wrapped with the coat first, and then a plastic hanger machine is used for the hanger production. Usually, it is coated with PVC, PE, PP, PA, and other plastic-type coatings. The hanger produced in this way has a longer service life because it is isolated from moisture [&hellip;]<\/p>\n","protected":false},"author":1,"featured_media":61,"parent":0,"template":"","tags":[15,12,11,9,17,18,16,19],"product-type":[5],"class_list":["post-59","product","type-product","status-publish","has-post-thumbnail","hentry","tag-coat-hanger-machine","tag-hanger-machine","tag-hanger-making-machine","tag-hanger-production-line","tag-plastic-hanger-making-machine","tag-plastic-hanger-making-machine-price","tag-plastic-hanger-manufacturing-process","tag-pvc-coated-hanger-making-machine","product-type-production-line"],"_links":{"self":[{"href":"https:\/\/hangermachines.com\/fr\/wp-json\/wp\/v2\/product\/59","targetHints":{"allow":["GET"]}}],"collection":[{"href":"https:\/\/hangermachines.com\/fr\/wp-json\/wp\/v2\/product"}],"about":[{"href":"https:\/\/hangermachines.com\/fr\/wp-json\/wp\/v2\/types\/product"}],"author":[{"embeddable":true,"href":"https:\/\/hangermachines.com\/fr\/wp-json\/wp\/v2\/users\/1"}],"wp:featuredmedia":[{"embeddable":true,"href":"https:\/\/hangermachines.com\/fr\/wp-json\/wp\/v2\/media\/61"}],"wp:attachment":[{"href":"https:\/\/hangermachines.com\/fr\/wp-json\/wp\/v2\/media?parent=59"}],"wp:term":[{"taxonomy":"post_tag","embeddable":true,"href":"https:\/\/hangermachines.com\/fr\/wp-json\/wp\/v2\/tags?post=59"},{"taxonomy":"product-type","embeddable":true,"href":"https:\/\/hangermachines.com\/fr\/wp-json\/wp\/v2\/product-type?post=59"}],"curies":[{"name":"wp","href":"https:\/\/api.w.org\/{rel}","templated":true}]}}