{"id":81,"date":"2022-08-19T03:04:44","date_gmt":"2022-08-19T03:04:44","guid":{"rendered":"https:\/\/hangermachines.com\/?post_type=product&#038;p=81"},"modified":"2024-08-27T10:15:10","modified_gmt":"2024-08-27T02:15:10","slug":"hanger-making-machine","status":"publish","type":"product","link":"https:\/\/hangermachines.com\/fr\/product\/hanger-making-machine\/","title":{"rendered":"Machine de fabrication de cintres pour cintres recouverts de fil et de plastique"},"content":{"rendered":"<p>La machine de fabrication de cintres est principalement une machine pour la production de cintres avec des fils galvanis\u00e9s et plastifi\u00e9s. Si elle est impliqu\u00e9e dans cette industrie des cintres, la machine \u00e0 cintres Shuliy est une machine et un \u00e9quipement indispensable pour de nombreux investisseurs.<\/p>    <figure class=\"wp-block-gallery aligncenter has-nested-images columns-default is-cropped wp-block-gallery-2 is-layout-flex wp-block-gallery-is-layout-flex\"> <figure class=\"wp-block-image size-large\"><img loading=\"lazy\" decoding=\"async\" width=\"720\" height=\"540\" data-id=\"407\" src=\"https:\/\/hangermachines.com\/wp-content\/uploads\/2023\/03\/wires.webp\" alt=\"fils\" class=\"wp-image-407\" srcset=\"https:\/\/hangermachines.com\/wp-content\/uploads\/2023\/03\/wires.webp 720w, https:\/\/hangermachines.com\/wp-content\/uploads\/2023\/03\/wires-300x225.webp 300w\" sizes=\"auto, (max-width: 720px) 100vw, 720px\" \/><figcaption class=\"wp-element-caption\">fils<\/figcaption><\/figure>    <figure class=\"wp-block-image size-full\"><img loading=\"lazy\" decoding=\"async\" width=\"720\" height=\"540\" data-id=\"410\" src=\"https:\/\/hangermachines.com\/wp-content\/uploads\/2023\/03\/wire-hangers.webp\" alt=\"cintres m\u00e9talliques\" class=\"wp-image-410\" srcset=\"https:\/\/hangermachines.com\/wp-content\/uploads\/2023\/03\/wire-hangers.webp 720w, https:\/\/hangermachines.com\/wp-content\/uploads\/2023\/03\/wire-hangers-300x225.webp 300w\" sizes=\"auto, (max-width: 720px) 100vw, 720px\" \/><figcaption class=\"wp-element-caption\">cintres m\u00e9talliques<\/figcaption><\/figure>    <figure class=\"wp-block-image size-full\"><img loading=\"lazy\" decoding=\"async\" width=\"720\" height=\"540\" data-id=\"408\" src=\"https:\/\/hangermachines.com\/wp-content\/uploads\/2023\/03\/clothes-hangers.webp\" alt=\"cintres\" class=\"wp-image-408\" srcset=\"https:\/\/hangermachines.com\/wp-content\/uploads\/2023\/03\/clothes-hangers.webp 720w, https:\/\/hangermachines.com\/wp-content\/uploads\/2023\/03\/clothes-hangers-300x225.webp 300w\" sizes=\"auto, (max-width: 720px) 100vw, 720px\" \/><figcaption class=\"wp-element-caption\">cintres<\/figcaption><\/figure> <\/figure>    <p class=\"translation-block\">De plus, cette machine automatique \u00e0 cintres peut produire 35-45 cintres par minute. En raison de sa haute efficacit\u00e9, cette machine convient \u00e0 une production de cintres en masse et est b\u00e9n\u00e9fique pour une nouvelle activit\u00e9. La <a href=\"https:\/\/hangermachines.com\/fr\/product\/hanger-production-line\/\" target=\"_blank\" rel=\"noreferrer noopener\">ligne de production de cintres<\/a> est \u00e9galement disponible.<\/p>    <p class=\"translation-block\">De plus, notre machine \u00e0 cintres est tr\u00e8s populaire tant au niveau national qu\u2019international, notamment en <strong>Australie, Argentine, Pakistan, Indon\u00e9sie<\/strong>, <strong>Maroc<\/strong>, <strong>Arabie Saoudite<\/strong>, <strong>Mexique<\/strong>, etc.<\/p>    <figure class=\"wp-block-gallery aligncenter has-nested-images columns-default is-cropped wp-block-gallery-3 is-layout-flex wp-block-gallery-is-layout-flex\"> <figure class=\"wp-block-image size-large\"><img loading=\"lazy\" decoding=\"async\" width=\"450\" height=\"720\" data-id=\"412\" src=\"https:\/\/hangermachines.com\/wp-content\/uploads\/2023\/03\/customer-visited-hanger-machine-factory.webp\" alt=\"Le client a visit\u00e9 une usine de machines \u00e0 cintres\" class=\"wp-image-412\" srcset=\"https:\/\/hangermachines.com\/wp-content\/uploads\/2023\/03\/customer-visited-hanger-machine-factory.webp 450w, https:\/\/hangermachines.com\/wp-content\/uploads\/2023\/03\/customer-visited-hanger-machine-factory-188x300.webp 188w\" sizes=\"auto, (max-width: 450px) 100vw, 450px\" \/><figcaption class=\"wp-element-caption\">Le client a visit\u00e9 une usine de machines \u00e0 cintres<\/figcaption><\/figure>    <figure class=\"wp-block-image size-large\"><img loading=\"lazy\" decoding=\"async\" width=\"704\" height=\"1126\" data-id=\"411\" src=\"https:\/\/hangermachines.com\/wp-content\/uploads\/2023\/03\/feedback-from-Mexican-client.webp\" alt=\"retour d&#039;un client mexicain\" class=\"wp-image-411\" srcset=\"https:\/\/hangermachines.com\/wp-content\/uploads\/2023\/03\/feedback-from-Mexican-client.webp 704w, https:\/\/hangermachines.com\/wp-content\/uploads\/2023\/03\/feedback-from-Mexican-client-188x300.webp 188w, https:\/\/hangermachines.com\/wp-content\/uploads\/2023\/03\/feedback-from-Mexican-client-640x1024.webp 640w\" sizes=\"auto, (max-width: 704px) 100vw, 704px\" \/><figcaption class=\"wp-element-caption\">retour d'un client mexicain<\/figcaption><\/figure> <\/figure>    <p class=\"translation-block\">Si vous pr\u00e9voyez\/int\u00e9ress\u00e9 \u00e0 investir dans cette industrie, veuillez <a href=\"https:\/\/hangermachines.com\/fr\/contact\/\" target=\"_blank\" rel=\"noreferrer noopener\">nous contacter<\/a> pour plus d\u2019informations ou visiter directement notre usine !<\/p>    <h2 class=\"wp-block-heading\" id=\"h-automatic-clothes-hanger-making-machine-for-sale\"><strong>Machine de fabrication de cintres automatiques \u00e0 vendre<\/strong><\/h2>    <p class=\"translation-block\">Shuliy Machinery est un fabricant et fournisseur sp\u00e9cialis\u00e9 dans la <a href=\"https:\/\/hangermachines.com\/fr\/product\/wire-hanger-making-machine\/\" target=\"_blank\" rel=\"noreferrer noopener\">machine \u00e0 fabriquer des cintres en fil<\/a> &amp; la machine de fabrication de cintres recouverts de PVC. En r\u00e9alit\u00e9, deux types de machines peuvent r\u00e9pondre aux besoins des chefs d\u2019entreprise de production de cintres.<\/p>    <div class=\"wp-block-columns is-layout-flex wp-container-core-columns-is-layout-9d6595d7 wp-block-columns-is-layout-flex\"> <div class=\"wp-block-column is-layout-flow wp-block-column-is-layout-flow\"><div class=\"wp-block-image\"> <figure class=\"aligncenter size-full\"><img loading=\"lazy\" decoding=\"async\" width=\"720\" height=\"540\" src=\"https:\/\/hangermachines.com\/wp-content\/uploads\/2023\/01\/common-clothes-hanger-machine-for-wire.webp\" alt=\"machine \u00e0 cintres commune pour fil\" class=\"wp-image-380\" srcset=\"https:\/\/hangermachines.com\/wp-content\/uploads\/2023\/01\/common-clothes-hanger-machine-for-wire.webp 720w, https:\/\/hangermachines.com\/wp-content\/uploads\/2023\/01\/common-clothes-hanger-machine-for-wire-300x225.webp 300w\" sizes=\"auto, (max-width: 720px) 100vw, 720px\" \/><figcaption class=\"wp-element-caption\">machine \u00e0 cintres commune pour fil<\/figcaption><\/figure> <\/div><\/div>    <div class=\"wp-block-column is-vertically-aligned-center is-layout-flow wp-block-column-is-layout-flow\"> <p>Machine de fabrication de cintres en fil<\/p>    <ul class=\"wp-block-list\"> <li>Convient uniquement aux fils et aux fils galvanis\u00e9s<\/li>    <li>Assorti \u00e0 la machine de pulv\u00e9risation et \u00e0 la machine \u00e0 four<\/li>    <li>Diff\u00e9rents moules pour cintres de diff\u00e9rentes formes<\/li>    <li>Pour les enfants et les adultes <a href=\"https:\/\/en.wikipedia.org\/wiki\/Clothes_hanger\" target=\"_blank\" rel=\"noreferrer noopener\">cintres<\/a><\/li> <\/ul> <\/div> <\/div>    <div class=\"wp-block-columns is-layout-flex wp-container-core-columns-is-layout-9d6595d7 wp-block-columns-is-layout-flex\"> <div class=\"wp-block-column is-layout-flow wp-block-column-is-layout-flow\"> <figure class=\"wp-block-image size-full\"><img loading=\"lazy\" decoding=\"async\" width=\"720\" height=\"540\" src=\"https:\/\/hangermachines.com\/wp-content\/uploads\/2023\/01\/PLC-hanger-machine-for-wire-costed-wire.webp\" alt=\"Machine de suspension PLC pour fil et fil enduit\" class=\"wp-image-381\" srcset=\"https:\/\/hangermachines.com\/wp-content\/uploads\/2023\/01\/PLC-hanger-machine-for-wire-costed-wire.webp 720w, https:\/\/hangermachines.com\/wp-content\/uploads\/2023\/01\/PLC-hanger-machine-for-wire-costed-wire-300x225.webp 300w\" sizes=\"auto, (max-width: 720px) 100vw, 720px\" \/><figcaption class=\"wp-element-caption\">Machine de suspension PLC pour fil et fil enduit<\/figcaption><\/figure> <\/div>    <div class=\"wp-block-column is-vertically-aligned-center is-layout-flow wp-block-column-is-layout-flow\"> <p>Machine de fabrication de cintres enduits de PVC<\/p>    <ul class=\"wp-block-list\"> <li>Convient aux fils galvanis\u00e9s et plastifi\u00e9s<\/li>    <li>Forte applicabilit\u00e9 et excellentes performances<\/li>    <li>Moules assortis pour cintres<\/li>    <li>Pour cintres enfants et adultes<\/li> <\/ul> <\/div> <\/div>    <h2 class=\"wp-block-heading\" id=\"h-what-kind-of-hangers-can-be-produced\"><strong>Formes de cintre produites par la machine de fabrication de cintres Shuliy<\/strong><\/h2>    <div class=\"wp-block-columns is-layout-flex wp-container-core-columns-is-layout-9d6595d7 wp-block-columns-is-layout-flex\"> <div class=\"wp-block-column is-layout-flow wp-block-column-is-layout-flow\"><div class=\"wp-block-image\"> <figure class=\"aligncenter size-full\"><img loading=\"lazy\" decoding=\"async\" width=\"720\" height=\"540\" src=\"https:\/\/hangermachines.com\/wp-content\/uploads\/2022\/09\/hanger-types.webp\" alt=\"types de cintres\" class=\"wp-image-242\" srcset=\"https:\/\/hangermachines.com\/wp-content\/uploads\/2022\/09\/hanger-types.webp 720w, https:\/\/hangermachines.com\/wp-content\/uploads\/2022\/09\/hanger-types-300x225.webp 300w\" sizes=\"auto, (max-width: 720px) 100vw, 720px\" \/><figcaption class=\"wp-element-caption\">types de cintres<\/figcaption><\/figure> <\/div><\/div>    <div class=\"wp-block-column is-vertically-aligned-center is-layout-flow wp-block-column-is-layout-flow\"> <p>Il existe diff\u00e9rents types de cintres qui peuvent \u00eatre produits. <\/p>    <p>Style papillon, type commun, type de soudage, \u00e9galement types personnalis\u00e9s. <\/p>    <p>Quels que soient les types que vous souhaitez produire, notre machine de fabrication de cintres peut r\u00e9pondre \u00e0 vos besoins. <\/p>    <p>Si vous \u00eates int\u00e9ress\u00e9, veuillez nous contacter et bienvenue pour visiter notre usine\u00a0!<\/p> <\/div> <\/div>    <h2 class=\"wp-block-heading\" id=\"h-composition-of-cloth-hanger-making-machine\"><strong>Composition de la machine de fabrication de cintres en tissu<\/strong><\/h2>   <div class=\"wp-block-image\"> <figure class=\"aligncenter size-full\"><img loading=\"lazy\" decoding=\"async\" width=\"720\" height=\"540\" src=\"https:\/\/hangermachines.com\/wp-content\/uploads\/2022\/08\/structure-of-the-cloth-hanger-making-machine.webp\" alt=\"structure de la machine de fabrication de cintres en tissu\" class=\"wp-image-90\" srcset=\"https:\/\/hangermachines.com\/wp-content\/uploads\/2022\/08\/structure-of-the-cloth-hanger-making-machine.webp 720w, https:\/\/hangermachines.com\/wp-content\/uploads\/2022\/08\/structure-of-the-cloth-hanger-making-machine-300x225.webp 300w\" sizes=\"auto, (max-width: 720px) 100vw, 720px\" \/><figcaption class=\"wp-element-caption\">structure de la machine de fabrication de cintres en tissu<\/figcaption><\/figure> <\/div>   <figure class=\"wp-block-table\"><table><tbody><tr><td>Nom de la pi\u00e8ce de machine<\/td><td>Fonction<\/td><\/tr><tr><td>Syst\u00e8me de convoyage<\/td><td>transporter le fil le long de la piste jusqu'\u00e0 l'entr\u00e9e de formage<\/td><\/tr><tr><td>Syst\u00e8me de formage<\/td><td>le fil est actionn\u00e9 par la machine pour former le cintre<\/td><\/tr><tr><td>Syst\u00e8me de stockage<\/td><td>les cintres finis sont rang\u00e9s un \u00e0 un sur le cadre support<\/td><\/tr><tr><td>Moteur<\/td><td>fournir de l'\u00e9nergie pour que la machine fonctionne<\/td><\/tr><tr><td>Mat\u00e9riel (plaque de t\u00f4le)<\/td><td>dur\u00e9e de vie durable et longue<\/td><\/tr><\/tbody><\/table><figcaption class=\"wp-element-caption\">Liste des pi\u00e8ces de machine pour la machine de fabrication de cintres Shuliy<\/figcaption><\/figure>    <h2 class=\"wp-block-heading\" id=\"h-characteristics-of-the-excellent-hanger-making-machine\"><strong>Caract\u00e9ristiques de l'excellente machine de fabrication de cintres<\/strong><\/h2>    <ol class=\"wp-block-list\"> <li>Fonctionnement fluide de la machine, efficacit\u00e9 de production \u00e9lev\u00e9e et excellente qualit\u00e9.<\/li>    <li>Haute efficacit\u00e9, 35 \u00e0 45 cintres par minute.<\/li>    <li>Bon mat\u00e9riau de machine (plaque en t\u00f4le), durable et longue dur\u00e9e de vie.<\/li>    <li>Convient aux mati\u00e8res premi\u00e8res de fils galvanis\u00e9s\/plastiques\/enduits de PVC.<\/li>    <li>Service personnalis\u00e9. Nous pouvons fabriquer des produits qui r\u00e9pondent pleinement \u00e0 vos besoins<\/li> <\/ol>   <div class=\"wp-block-image\"> <figure class=\"aligncenter size-full\"><img loading=\"lazy\" decoding=\"async\" width=\"1000\" height=\"540\" src=\"https:\/\/hangermachines.com\/wp-content\/uploads\/2022\/08\/hanger-machine-manufacturers-suppliers.webp\" alt=\"fabricants et fournisseurs de machines \u00e0 cintres\" class=\"wp-image-423\" srcset=\"https:\/\/hangermachines.com\/wp-content\/uploads\/2022\/08\/hanger-machine-manufacturers-suppliers.webp 1000w, https:\/\/hangermachines.com\/wp-content\/uploads\/2022\/08\/hanger-machine-manufacturers-suppliers-300x162.webp 300w, https:\/\/hangermachines.com\/wp-content\/uploads\/2022\/08\/hanger-machine-manufacturers-suppliers-768x415.webp 768w\" sizes=\"auto, (max-width: 1000px) 100vw, 1000px\" \/><figcaption class=\"wp-element-caption\">fabricants et fournisseurs de machines \u00e0 cintres<\/figcaption><\/figure> <\/div>   <h2 class=\"wp-block-heading\" id=\"h-how-does-the-automatic-wire-hanger-making-machine-work\"><strong>Comment fonctionne la machine automatique de fabrication de cintres en fil m\u00e9tallique\u00a0?<\/strong><\/h2>    <p>En fait, le travail est tr\u00e8s simple. Il fonctionne sous le contr\u00f4le d'un panneau de contr\u00f4le, comme vous pouvez le voir sur sa structure. Ainsi, tout le fonctionnement de la machine d\u00e9pend du r\u00e9glage du panneau de commande, qui fonctionne de mani\u00e8re enti\u00e8rement automatique. <\/p>    <div class=\"wp-block-media-text alignwide is-stacked-on-mobile\"><figure class=\"wp-block-media-text__media\"><img loading=\"lazy\" decoding=\"async\" width=\"720\" height=\"540\" src=\"https:\/\/hangermachines.com\/wp-content\/uploads\/2022\/08\/hanger-hook-machine-machine.webp\" alt=\"machine de fabrication de crochets de suspension\" class=\"wp-image-150 size-full\" srcset=\"https:\/\/hangermachines.com\/wp-content\/uploads\/2022\/08\/hanger-hook-machine-machine.webp 720w, https:\/\/hangermachines.com\/wp-content\/uploads\/2022\/08\/hanger-hook-machine-machine-300x225.webp 300w\" sizes=\"auto, (max-width: 720px) 100vw, 720px\" \/><\/figure><div class=\"wp-block-media-text__content\"> <p>Le fil passe de la position de transport \u00e0 la pi\u00e8ce de formage, puis la machine fonctionne automatiquement et le cintre est form\u00e9 et fabriqu\u00e9.<\/p>    <p>Une fois termin\u00e9, il atteint la section de support l'un apr\u00e8s l'autre. L'ensemble du processus est enti\u00e8rement automatique, sans travail manuel.<\/p> <\/div><\/div>    <h2 class=\"wp-block-heading\" id=\"h-the-market-prospect-of-the-hanger-industry\"><strong>Les perspectives de march\u00e9 de l'industrie du cintre<\/strong><\/h2>    <p>Les cintres sont principalement utilis\u00e9s pour soutenir et s\u00e9cher les v\u00eatements. C\u2019est \u00e9troitement li\u00e9 \u00e0 la vie de chacun. En outre, les gens ne peuvent pas vivre sans v\u00eatements, et l\u00e0 o\u00f9 il y a des v\u00eatements, ils ont besoin de cintres. Par cons\u00e9quent, les perspectives de d\u00e9veloppement de l\u2019industrie des cintres sont tr\u00e8s larges. <\/p>    <figure class=\"wp-block-gallery aligncenter has-nested-images columns-default is-cropped wp-block-gallery-4 is-layout-flex wp-block-gallery-is-layout-flex\"> <figure class=\"wp-block-image size-large\"><img loading=\"lazy\" decoding=\"async\" width=\"720\" height=\"540\" data-id=\"329\" src=\"https:\/\/hangermachines.com\/wp-content\/uploads\/2022\/12\/hangers-for-sale.webp\" alt=\"cintres \u00e0 vendre\" class=\"wp-image-329\" srcset=\"https:\/\/hangermachines.com\/wp-content\/uploads\/2022\/12\/hangers-for-sale.webp 720w, https:\/\/hangermachines.com\/wp-content\/uploads\/2022\/12\/hangers-for-sale-300x225.webp 300w\" sizes=\"auto, (max-width: 720px) 100vw, 720px\" \/><figcaption class=\"wp-element-caption\">cintres \u00e0 vendre<\/figcaption><\/figure>    <figure class=\"wp-block-image size-large\"><img loading=\"lazy\" decoding=\"async\" width=\"680\" height=\"378\" data-id=\"213\" src=\"https:\/\/hangermachines.com\/wp-content\/uploads\/2022\/08\/galvanized-wire-type-hanger.webp\" alt=\"cintre en fil de fer\" class=\"wp-image-213\" srcset=\"https:\/\/hangermachines.com\/wp-content\/uploads\/2022\/08\/galvanized-wire-type-hanger.webp 680w, https:\/\/hangermachines.com\/wp-content\/uploads\/2022\/08\/galvanized-wire-type-hanger-300x167.webp 300w\" sizes=\"auto, (max-width: 680px) 100vw, 680px\" \/><figcaption class=\"wp-element-caption\">cintre en fil de fer<\/figcaption><\/figure>    <figure class=\"wp-block-image size-large\"><img loading=\"lazy\" decoding=\"async\" width=\"720\" height=\"400\" data-id=\"210\" src=\"https:\/\/hangermachines.com\/wp-content\/uploads\/2022\/08\/PVC-coated-hanger.webp\" alt=\"Cintre enduit de PVC\" class=\"wp-image-210\" srcset=\"https:\/\/hangermachines.com\/wp-content\/uploads\/2022\/08\/PVC-coated-hanger.webp 720w, https:\/\/hangermachines.com\/wp-content\/uploads\/2022\/08\/PVC-coated-hanger-300x167.webp 300w\" sizes=\"auto, (max-width: 720px) 100vw, 720px\" \/><figcaption class=\"wp-element-caption\">Cintre enduit de PVC<\/figcaption><\/figure> <\/figure>    <p>De plus, les v\u00eatements de chacun seront renouvel\u00e9s chaque ann\u00e9e, qu'il s'agisse de finition ou de nettoyage, et auront \u00e9galement besoin de cintres. Par cons\u00e9quent, l\u2019industrie des cintres continuera d\u2019avancer avec de larges perspectives.<\/p>    <h2 class=\"wp-block-heading\" id=\"h-successful-case-the-wire-hanger-machine-sold-to-pakistan\"><strong>Cas r\u00e9ussi : la machine \u00e0 cintrer en fil m\u00e9tallique vendue au Pakistan<\/strong><\/h2>    <p>Un client au Pakistan souhaitait produire des cintres en fil m\u00e9tallique et nous a contact\u00e9 apr\u00e8s avoir vu notre machine de fabrication de cintres. Apr\u00e8s avoir connu ses besoins, notre responsable commercial lui a expliqu\u00e9 les caract\u00e9ristiques et les avantages de cette machine.<\/p>    <p>Apr\u00e8s compr\u00e9hension, le client pakistanais a trouv\u00e9 la machine tr\u00e8s pratique et \u00e9conomique. Il a donc sign\u00e9 le contrat d'achat apr\u00e8s avoir confirm\u00e9 les d\u00e9tails des pi\u00e8ces de la machine. <\/p>    <p>Une fois la production de la machine termin\u00e9e, un test a \u00e9t\u00e9 effectu\u00e9 et une vid\u00e9o a \u00e9t\u00e9 envoy\u00e9e au client.<\/p>   <div class=\"wp-block-image\"> <figure class=\"aligncenter size-full\"><img loading=\"lazy\" decoding=\"async\" width=\"720\" height=\"540\" src=\"https:\/\/hangermachines.com\/wp-content\/uploads\/2022\/08\/loading-and-delivery.webp\" alt=\"chargement et livraison\" class=\"wp-image-76\" srcset=\"https:\/\/hangermachines.com\/wp-content\/uploads\/2022\/08\/loading-and-delivery.webp 720w, https:\/\/hangermachines.com\/wp-content\/uploads\/2022\/08\/loading-and-delivery-300x225.webp 300w\" sizes=\"auto, (max-width: 720px) 100vw, 720px\" \/><figcaption class=\"wp-element-caption\">chargement et livraison<\/figcaption><\/figure> <\/div>   <h2 class=\"wp-block-heading\" id=\"h-technical-parameters-of-the-clothes-hanger-maker\"><strong>Param\u00e8tres techniques du cintre<\/strong>r<\/h2>    <figure class=\"wp-block-table\"><table><tbody><tr><td>Mod\u00e8le<\/td><td>SLPT-400<\/td><\/tr><tr><td>Capacit\u00e9<\/td><td>35-45 pi\u00e8ces\/heure<\/td><\/tr><tr><td>Fil galvanis\u00e9<\/td><td>1,8 mm-2,2 mm<\/td><\/tr><tr><td>Fil enduit de PVC<\/td><td>2,8 mm-3,6 mm<\/td><\/tr><tr><td>Taille du cintre<\/td><td>13\"-14\" pour les enfants<br>15\"-18\" pour les adultes<\/td><\/tr><tr><td>Pouvoir<\/td><td>2,2 kW<\/td><\/tr><tr><td>Tension<\/td><td>personnalis\u00e9<\/td><\/tr><tr><td>Poids net<\/td><td>700 kg<\/td><\/tr><tr><td>Taille de la machine<\/td><td>1800*800*1650mm<\/td><\/tr><\/tbody><\/table><\/figure>    <h2 class=\"wp-block-heading\"><strong>Vid\u00e9o de la machine de fabrication de cintres<\/strong><\/h2>    <figure class=\"wp-block-embed is-type-video is-provider-youtube wp-block-embed-youtube wp-embed-aspect-16-9 wp-has-aspect-ratio\"><div class=\"wp-block-embed__wrapper\"> <iframe loading=\"lazy\" title=\"Machine de fabrication de cintres | machine de fabrication de crochets pour cintres | machine \u00e0 cintrer les fils #hangers\" width=\"500\" height=\"281\" src=\"https:\/\/www.youtube.com\/embed\/o1Q7ccZhZM4?feature=oembed\" frameborder=\"0\" allow=\"accelerometer; autoplay; clipboard-write; encrypted-media; gyroscope; picture-in-picture; web-share\" referrerpolicy=\"strict-origin-when-cross-origin\" allowfullscreen><\/iframe> <\/div><\/figure>    <figure class=\"wp-block-embed is-type-video is-provider-youtube wp-block-embed-youtube wp-embed-aspect-16-9 wp-has-aspect-ratio\"><div class=\"wp-block-embed__wrapper\"> <iframe loading=\"lazy\" title=\"Machine \u00e0 cintres enduits de PVC - Fabriquer des cintres recouverts de plastique \u00e0 l&#039;aide d&#039;une machine de fabrication de cintres\u00a0?\" width=\"500\" height=\"281\" src=\"https:\/\/www.youtube.com\/embed\/ZMpU1KOMazA?start=5&#038;feature=oembed\" frameborder=\"0\" allow=\"accelerometer; autoplay; clipboard-write; encrypted-media; gyroscope; picture-in-picture; web-share\" referrerpolicy=\"strict-origin-when-cross-origin\" allowfullscreen><\/iframe> <\/div><\/figure>    <p><\/p>","protected":false},"excerpt":{"rendered":"<p>The hanger making machine is mainly a machine for the production of clothes hangers with galvanized &amp; plastic-coated wires. If involved in this hanger industry, the Shuliy hanger machine is an indispensable piece of machinery and equipment for many investors. Also, this automatic hanger machine can produce 35-45 hangers per minute. Because of its high [&hellip;]<\/p>\n","protected":false},"author":1,"featured_media":424,"parent":0,"template":"","tags":[23,10,21,11,22,24],"product-type":[6],"class_list":["post-81","product","type-product","status-publish","has-post-thumbnail","hentry","tag-cloth-hanger-making-machine","tag-clothes-hanger-making-machine","tag-hanger-maker","tag-hanger-making-machine","tag-hanger-manufacturing-machine","tag-wire-hanger-making-machine","product-type-hanger-machines"],"_links":{"self":[{"href":"https:\/\/hangermachines.com\/fr\/wp-json\/wp\/v2\/product\/81","targetHints":{"allow":["GET"]}}],"collection":[{"href":"https:\/\/hangermachines.com\/fr\/wp-json\/wp\/v2\/product"}],"about":[{"href":"https:\/\/hangermachines.com\/fr\/wp-json\/wp\/v2\/types\/product"}],"author":[{"embeddable":true,"href":"https:\/\/hangermachines.com\/fr\/wp-json\/wp\/v2\/users\/1"}],"wp:featuredmedia":[{"embeddable":true,"href":"https:\/\/hangermachines.com\/fr\/wp-json\/wp\/v2\/media\/424"}],"wp:attachment":[{"href":"https:\/\/hangermachines.com\/fr\/wp-json\/wp\/v2\/media?parent=81"}],"wp:term":[{"taxonomy":"post_tag","embeddable":true,"href":"https:\/\/hangermachines.com\/fr\/wp-json\/wp\/v2\/tags?post=81"},{"taxonomy":"product-type","embeddable":true,"href":"https:\/\/hangermachines.com\/fr\/wp-json\/wp\/v2\/product-type?post=81"}],"curies":[{"name":"wp","href":"https:\/\/api.w.org\/{rel}","templated":true}]}}