{"id":96,"date":"2022-08-19T08:40:06","date_gmt":"2022-08-19T08:40:06","guid":{"rendered":"https:\/\/hangermachines.com\/?post_type=product&#038;p=96"},"modified":"2023-05-16T13:52:25","modified_gmt":"2023-05-16T05:52:25","slug":"coat-hanger-machine","status":"publish","type":"product","link":"https:\/\/hangermachines.com\/fr\/product\/coat-hanger-machine\/","title":{"rendered":"Machine \u00e0 cintres pour cintres recouverts de plastique\/PVC"},"content":{"rendered":"<p class=\"translation-block\">Ce type de machine \u00e0 cintres PLC est sp\u00e9cialement con\u00e7u pour produire des cintres en plastique\/enduit PVC. Et la <a href=\"https:\/\/hangermachines.com\/fr\/product\/coated-hanger-production-line\/\" target=\"_blank\" rel=\"noreferrer noopener\">ligne de production de cintres plaqu\u00e9s<\/a> est utilis\u00e9e pour ce type de production de cintres afin de r\u00e9pondre aux clients qui souhaitent un fil enduit puis fabrication des cintres.<\/p>    <p>Ces cintres sont beaux en apparence et ont une longue dur\u00e9e de vie. Habituellement, du PVC, du PE, du PP, du PA et d'autres rev\u00eatements plastiques peuvent \u00eatre utilis\u00e9s sur la surface. <\/p>   <div class=\"wp-block-image\"> <figure class=\"aligncenter size-full\"><img loading=\"lazy\" decoding=\"async\" width=\"720\" height=\"160\" src=\"https:\/\/hangermachines.com\/wp-content\/uploads\/2022\/08\/coatings.webp\" alt=\"rev\u00eatements\" class=\"wp-image-158\" srcset=\"https:\/\/hangermachines.com\/wp-content\/uploads\/2022\/08\/coatings.webp 720w, https:\/\/hangermachines.com\/wp-content\/uploads\/2022\/08\/coatings-300x67.webp 300w\" sizes=\"auto, (max-width: 720px) 100vw, 720px\" \/><figcaption class=\"wp-element-caption\">rev\u00eatements<\/figcaption><\/figure> <\/div>   <p class=\"translation-block\">De plus, nous avons le <a href=\"https:\/\/hangermachines.com\/fr\/product\/hanger-making-machine\/\" target=\"_blank\" rel=\"noreferrer noopener\">machine \u00e0 cintres<\/a> qui peut produire des cintres en fil galvanis\u00e9. En bref, peu importe le type de cintre que vous souhaitez produire, nous pouvons r\u00e9pondre \u00e0 vos besoins.<\/p>    <h2 class=\"wp-block-heading\" id=\"h-structure-of-the-pvc-coated-hanger-machine\"><strong>Structure de la machine \u00e0 cintres enduite de PVC \u00e0 vendre<\/strong><\/h2>   <div class=\"wp-block-image\"> <figure class=\"aligncenter size-full\"><img loading=\"lazy\" decoding=\"async\" width=\"540\" height=\"540\" src=\"https:\/\/hangermachines.com\/wp-content\/uploads\/2022\/08\/structure-of-the-clothes-hanger-maker-machine.webp\" alt=\"structure-de-la-machine-de-fabrication-de-cintres\" class=\"wp-image-92\" srcset=\"https:\/\/hangermachines.com\/wp-content\/uploads\/2022\/08\/structure-of-the-clothes-hanger-maker-machine.webp 540w, https:\/\/hangermachines.com\/wp-content\/uploads\/2022\/08\/structure-of-the-clothes-hanger-maker-machine-300x300.webp 300w, https:\/\/hangermachines.com\/wp-content\/uploads\/2022\/08\/structure-of-the-clothes-hanger-maker-machine-150x150.webp 150w\" sizes=\"auto, (max-width: 540px) 100vw, 540px\" \/><figcaption class=\"wp-element-caption\">structure de la machine de fabrication de cintres<\/figcaption><\/figure> <\/div>   <div class=\"wp-block-columns is-layout-flex wp-container-core-columns-is-layout-9d6595d7 wp-block-columns-is-layout-flex\"> <div class=\"wp-block-column is-layout-flow wp-block-column-is-layout-flow\"> <figure class=\"wp-block-table\"><table><tbody><tr><td>S\/N<\/td><td>Nom de la pi\u00e8ce de machine<\/td><\/tr><tr><td>1<\/td><td>Panneau de contr\u00f4le<\/td><\/tr><tr><td>2<\/td><td>Moteur<\/td><\/tr><tr><td>3<\/td><td>Dispositif de transport<\/td><\/tr><tr><td>4<\/td><td>Dispositif de formage<\/td><\/tr><tr><td>5<\/td><td>Appareil de support<\/td><\/tr><\/tbody><\/table><\/figure> <\/div>    <div class=\"wp-block-column is-layout-flow wp-block-column-is-layout-flow\"> <ul class=\"wp-block-list\"> <li>L'ensemble de la machine utilise la plaque de fer, qui est durable, difficile \u00e0 endommager et a une longue dur\u00e9e de vie.<\/li>    <li>Chaque partie de la machine est \u00e9galement fabriqu\u00e9e dans un mat\u00e9riau de haute qualit\u00e9, tr\u00e8s r\u00e9sistant.<\/li>    <li>La p\u00e9riode de garantie est d'un an et nous offrons un service apr\u00e8s-vente.<\/li>    <li>Toujours export\u00e9 \u00e0 l'\u00e9tranger, haute r\u00e9putation dans le monde.<\/li> <\/ul> <\/div> <\/div>    <h2 class=\"wp-block-heading\" id=\"h-highlights-of-the-plastic-hanger-making-machine\"><strong>Points forts de la machine de fabrication de cintres en plastique<\/strong><\/h2>    <ul class=\"wp-block-list\"> <li>Le panneau de commande se trouve sur le dessus de la machine, ce qui est plus intuitif et plus facile \u00e0 utiliser.<\/li>    <li>Les cintres produits sont beaux et pratiques.<\/li>    <li>La structure de la machine est compacte et raisonnable, plus pratique \u00e0 utiliser.<\/li>    <li>Cette machine adopte un mat\u00e9riau de super qualit\u00e9 et peut \u00eatre utilis\u00e9e pendant longtemps.<\/li>    <li>Cette machine \u00e0 cintres peut \u00eatre utilis\u00e9e pour la production de divers cintres de rev\u00eatement, tels que le PVC, le PE, le PP, le PA et d'autres rev\u00eatements plastiques.<\/li> <\/ul>    <h2 class=\"wp-block-heading\" id=\"h-why-choose-the-hanger-machine-from-shuliy-machinery\"><strong>Shuliy Machinery \u2013 le meilleur fabricant et fournisseur de machines \u00e0 cintres<\/strong><\/h2>    <ul class=\"wp-block-list\"> <li>Machine \u00e0 cintres \u00e9conomique. Notre machine \u00e0 cintres peut produire non seulement des cintres recouverts de PVC, mais \u00e9galement des cintres en fil. Bref, que vos mati\u00e8res premi\u00e8res soient des fils galvanis\u00e9s ou enduits, notre machine de fabrication de cintres peut r\u00e9pondre \u00e0 vos demandes.<\/li>    <li>Conseils professionnels. Notre responsable commercial peut vous proposer la meilleure solution en fonction de vos besoins. En plus de cela, nous pouvons vous aider \u00e0 maximiser vos avantages.<\/li>    <li>Service excellent. Nous fournissons un service de personnalisation, un service apr\u00e8s-vente, un service en ligne, un support vid\u00e9o, des manuels, etc. Nous pouvons vous fournir tous les services auxquels vous pouvez penser.<\/li> <\/ul>   <div class=\"wp-block-image\"> <figure class=\"aligncenter size-full\"><img loading=\"lazy\" decoding=\"async\" width=\"720\" height=\"540\" src=\"https:\/\/hangermachines.com\/wp-content\/uploads\/2022\/08\/factory-strength.webp\" alt=\"force d&#039;usine\" class=\"wp-image-38\" srcset=\"https:\/\/hangermachines.com\/wp-content\/uploads\/2022\/08\/factory-strength.webp 720w, https:\/\/hangermachines.com\/wp-content\/uploads\/2022\/08\/factory-strength-300x225.webp 300w\" sizes=\"auto, (max-width: 720px) 100vw, 720px\" \/><figcaption class=\"wp-element-caption\">force d'usine<\/figcaption><\/figure> <\/div>   <h2 class=\"wp-block-heading\" id=\"h-industry-analysis-of-plastic-clothes-hangers\"><strong>Analyse de l'industrie du plastique <a href=\"https:\/\/en.wikipedia.org\/wiki\/Clothes_hanger\" target=\"_blank\" rel=\"noreferrer noopener\">cintres<\/a><\/strong><\/h2>    <p class=\"translation-block\"><strong>Recherche et d\u00e9veloppement actifs selon sa propre situation<\/strong><\/p>    <p>La demande familiale individuelle de cintres augmente, et l'industrie des cintres en plastique devrait \u00e9galement suivre cette tendance, d'une part, nous devrions d\u00e9velopper un commerce de gros en ligne, d'autre part, nous devrions \u00e9galement d\u00e9velopper un commerce de d\u00e9tail avec notre propre r\u00e9alit\u00e9.<\/p>    <p class=\"translation-block\"><strong>Accent sur la qualit\u00e9 du produit et l\u2019innovation des processus<\/strong><\/p>    <p>La qualit\u00e9 est un facteur tr\u00e8s important pour la survie et le d\u00e9veloppement des entreprises, en se concentrant sur la qualit\u00e9 des produits pour gagner des clients plus stables. Ceci est plus important pour l'industrie de l'habillement traditionnelle en amont, principalement dans l'industrie des cintres en plastique.<\/p>   <div class=\"wp-block-image\"> <figure class=\"aligncenter size-full\"><img loading=\"lazy\" decoding=\"async\" width=\"720\" height=\"540\" src=\"https:\/\/hangermachines.com\/wp-content\/uploads\/2022\/08\/coated-hangers.webp\" alt=\"cintres enduits\" class=\"wp-image-78\" srcset=\"https:\/\/hangermachines.com\/wp-content\/uploads\/2022\/08\/coated-hangers.webp 720w, https:\/\/hangermachines.com\/wp-content\/uploads\/2022\/08\/coated-hangers-300x225.webp 300w\" sizes=\"auto, (max-width: 720px) 100vw, 720px\" \/><figcaption class=\"wp-element-caption\">cintres enduits<\/figcaption><\/figure> <\/div>   <p class=\"translation-block\"><strong>Le d\u00e9veloppement positif du march\u00e9 international<\/strong><\/p>    <p>La demande de cintres en plastique sur le march\u00e9 international est relativement stable et la tendance est \u00e0 la hausse. Le march\u00e9 international m\u00e9rite donc encore d\u2019\u00eatre d\u00e9velopp\u00e9.<\/p>    <h2 class=\"wp-block-heading\" id=\"h-successful-case-coat-hanger-machine-for-sale-to-kazakhstan\"><strong>Cas r\u00e9ussi\u00a0: vente d'une machine \u00e0 cintres au Kazakhstan<\/strong><\/h2>    <div class=\"wp-block-columns is-layout-flex wp-container-core-columns-is-layout-9d6595d7 wp-block-columns-is-layout-flex\"> <div class=\"wp-block-column is-layout-flow wp-block-column-is-layout-flow\"> <figure class=\"wp-block-image size-full\"><img loading=\"lazy\" decoding=\"async\" width=\"720\" height=\"540\" src=\"https:\/\/hangermachines.com\/wp-content\/uploads\/2022\/08\/hanger-hook-machine-machine.webp\" alt=\"machine de fabrication de crochets de suspension\" class=\"wp-image-150\" srcset=\"https:\/\/hangermachines.com\/wp-content\/uploads\/2022\/08\/hanger-hook-machine-machine.webp 720w, https:\/\/hangermachines.com\/wp-content\/uploads\/2022\/08\/hanger-hook-machine-machine-300x225.webp 300w\" sizes=\"auto, (max-width: 720px) 100vw, 720px\" \/><figcaption class=\"wp-element-caption\">machine de fabrication de crochets de suspension<\/figcaption><\/figure> <\/div>    <div class=\"wp-block-column is-layout-flow wp-block-column-is-layout-flow\"> <p>Le client du Kazakhstan voulait simplement des cintres recouverts de PVC. Ainsi, apr\u00e8s avoir recherch\u00e9 notre machine \u00e0 cintres sur Google, il nous a contact\u00e9 rapidement.<\/p>    <p>Notre directeur commercial a pr\u00e9sent\u00e9 la machine de rev\u00eatement de cintres en d\u00e9tail et il s'est senti tr\u00e8s satisfait.<\/p>    <p>Le processus a \u00e9t\u00e9 tr\u00e8s rapide car les deux parties souhaitaient avancer rapidement dans le processus d\u2019achat. <\/p> <\/div> <\/div>    <p>Apr\u00e8s avoir compris que la machine \u00e0 cintres pouvait produire les cintres dont il avait besoin, nous avons convenu de travailler ensemble et apr\u00e8s avoir re\u00e7u la machine, il nous a envoy\u00e9 une photo de lui avec la machine.<\/p>    <h2 class=\"wp-block-heading\" id=\"h-technical-parameters-of-the-coated-hanger-machine\"><strong>Param\u00e8tres techniques de la machine \u00e0 cintres enduits<\/strong><\/h2>    <figure class=\"wp-block-table\"><table><tbody><tr><td>Mod\u00e8le<\/td><td>SLPT-400<\/td><\/tr><tr><td>Capacit\u00e9<\/td><td>30-40 pi\u00e8ces\/minute<\/td><\/tr><tr><td>Pouvoir<\/td><td>2,2 kW<\/td><\/tr><tr><td>Tension<\/td><td>personnalis\u00e9 <\/td><\/tr><tr><td>Fil galvanis\u00e9<\/td><td>1,8 mm ~ 2,2 mm<\/td><\/tr><tr><td>Fil enduit de P.V.C<\/td><td>2,8 mm ~ 3,6 mm<\/td><\/tr><tr><td>Taille du cintre<\/td><td>13-14 cm pour les enfants<br>15-19 cm pour les adultes<\/td><\/tr><tr><td>Poids net<\/td><td>750 kg<\/td><\/tr><tr><td>Taille de la machine<\/td><td>1800*800*1650mm(L*L*H)<\/td><\/tr><\/tbody><\/table><\/figure>    <h2 class=\"wp-block-heading\"><strong>Vid\u00e9o de la machine \u00e0 cintres rev\u00eatue de plastique\/PVC de SHULIY<\/strong><\/h2>    <figure class=\"wp-block-embed is-type-video is-provider-youtube wp-block-embed-youtube wp-embed-aspect-16-9 wp-has-aspect-ratio\"><div class=\"wp-block-embed__wrapper\"> <iframe loading=\"lazy\" title=\"Machine \u00e0 cintres enduits de PVC - Fabriquer des cintres recouverts de plastique \u00e0 l&#039;aide d&#039;une machine de fabrication de cintres\u00a0?\" width=\"500\" height=\"281\" src=\"https:\/\/www.youtube.com\/embed\/ZMpU1KOMazA?feature=oembed\" frameborder=\"0\" allow=\"accelerometer; autoplay; clipboard-write; encrypted-media; gyroscope; picture-in-picture; web-share\" referrerpolicy=\"strict-origin-when-cross-origin\" allowfullscreen><\/iframe> <\/div><\/figure>","protected":false},"excerpt":{"rendered":"<p>This kind of PLC hanger machine is especially to produce plastic\/PVC-coated hangers. And the coat hanger manufacturing line is used for this type of hanger production to meet the customers who want wire coated and then hanger making. These hangers are beautiful in appearance and have a long service life. Usually, PVC, PE, PP, PA, [&hellip;]<\/p>\n","protected":false},"author":1,"featured_media":432,"parent":0,"template":"","tags":[15,12,17,20],"product-type":[6],"class_list":["post-96","product","type-product","status-publish","has-post-thumbnail","hentry","tag-coat-hanger-machine","tag-hanger-machine","tag-plastic-hanger-making-machine","tag-pvc-coated-hanger-machine","product-type-hanger-machines"],"_links":{"self":[{"href":"https:\/\/hangermachines.com\/fr\/wp-json\/wp\/v2\/product\/96","targetHints":{"allow":["GET"]}}],"collection":[{"href":"https:\/\/hangermachines.com\/fr\/wp-json\/wp\/v2\/product"}],"about":[{"href":"https:\/\/hangermachines.com\/fr\/wp-json\/wp\/v2\/types\/product"}],"author":[{"embeddable":true,"href":"https:\/\/hangermachines.com\/fr\/wp-json\/wp\/v2\/users\/1"}],"wp:featuredmedia":[{"embeddable":true,"href":"https:\/\/hangermachines.com\/fr\/wp-json\/wp\/v2\/media\/432"}],"wp:attachment":[{"href":"https:\/\/hangermachines.com\/fr\/wp-json\/wp\/v2\/media?parent=96"}],"wp:term":[{"taxonomy":"post_tag","embeddable":true,"href":"https:\/\/hangermachines.com\/fr\/wp-json\/wp\/v2\/tags?post=96"},{"taxonomy":"product-type","embeddable":true,"href":"https:\/\/hangermachines.com\/fr\/wp-json\/wp\/v2\/product-type?post=96"}],"curies":[{"name":"wp","href":"https:\/\/api.w.org\/{rel}","templated":true}]}}